{"id":132,"date":"2025-01-29T22:31:56","date_gmt":"2025-01-29T22:31:56","guid":{"rendered":"https:\/\/leinfelder-juweler.com\/?page_id=132"},"modified":"2026-05-11T15:56:51","modified_gmt":"2026-05-11T12:56:51","slug":"kontakt","status":"publish","type":"page","link":"https:\/\/leinfelder-juweler.com\/en\/kontakt\/","title":{"rendered":"Contact"},"content":{"rendered":"<p>[et_pb_section fb_built=&#8220;1&#8243; _builder_version=&#8220;4.27.4&#8243; _module_preset=&#8220;default&#8220; custom_padding=&#8220;0px||0px||false|false&#8220; locked=&#8220;off&#8220; global_colors_info=&#8220;{}&#8220;][et_pb_row column_structure=&#8220;1_2,1_2&#8243; _builder_version=&#8220;4.27.6&#8243; _module_preset=&#8220;default&#8220; background_enable_image=&#8220;off&#8220; parallax=&#8220;on&#8220; width=&#8220;100%&#8220; max_width=&#8220;100%&#8220; custom_padding=&#8220;14%||14%||true|false&#8220; global_colors_info=&#8220;{}&#8220;][et_pb_column type=&#8220;1_2&#8243; _builder_version=&#8220;4.27.4&#8243; _module_preset=&#8220;default&#8220; global_colors_info=&#8220;{}&#8220;][et_pb_text _builder_version=&#8220;4.27.6&#8243; _module_preset=&#8220;default&#8220; text_font=&#8220;&#8211;et_global_body_font||||||||&#8220; text_text_color=&#8220;#dbb575&#8243; text_font_size=&#8220;3em&#8220; text_orientation=&#8220;center&#8220; hover_enabled=&#8220;0&#8243; global_colors_info=&#8220;{}&#8220; sticky_enabled=&#8220;0&#8243;]<\/p>\n<p>Contact<\/p>\n<p>[\/et_pb_text][\/et_pb_column][et_pb_column type=&#8220;1_2&#8243; _builder_version=&#8220;4.27.4&#8243; _module_preset=&#8220;default&#8220; global_colors_info=&#8220;{}&#8220;][\/et_pb_column][\/et_pb_row][\/et_pb_section][et_pb_section fb_built=&#8220;1&#8243; _builder_version=&#8220;4.27.4&#8243; _module_preset=&#8220;default&#8220; global_colors_info=&#8220;{}&#8220;][et_pb_row column_structure=&#8220;1_2,1_2&#8243; _builder_version=&#8220;4.27.6&#8243; _module_preset=&#8220;default&#8220; hover_enabled=&#8220;0&#8243; global_colors_info=&#8220;{}&#8220; sticky_enabled=&#8220;0&#8243;][et_pb_column type=&#8220;1_2&#8243; _builder_version=&#8220;4.27.6&#8243; _module_preset=&#8220;default&#8220; hover_enabled=&#8220;0&#8243; global_colors_info=&#8220;{}&#8220; custom_padding=&#8220;|||2%|false|false&#8220; sticky_enabled=&#8220;0&#8243;][et_pb_text _builder_version=&#8220;4.27.6&#8243; _module_preset=&#8220;default&#8220; text_text_color=&#8220;#dbb575&#8243; text_font_size=&#8220;28px&#8220; global_colors_info=&#8220;{}&#8220;]<\/p>\n<p>Unverbindlich anfragen. Wir antworten schnell und zuverl\u00e4ssig.<\/p>\n<p>[\/et_pb_text][et_pb_text _builder_version=&#8220;4.27.6&#8243; _module_preset=&#8220;default&#8220; text_font=&#8220;Arimo||||||||&#8220; text_text_color=&#8220;#000000&#8243; global_colors_info=&#8220;{}&#8220;]<\/p>\n<p>Haben Sie ein Schmuckst\u00fcck entdeckt, das Sie nicht mehr losl\u00e4sst, und w\u00fcnschen sich weitere Informationen?<br \/>\nHaben Sie den perfekten Ring gefunden, aber nicht in Ihrer passenden Gr\u00f6\u00dfe?<br \/>\nOder gef\u00e4llt Ihnen die Formsprache eines St\u00fccks, und Sie m\u00f6chten es mit anderen Steinen oder in einer anderen Farbe gestalten?<\/p>\n<p>Vielleicht m\u00f6chten Sie Ihr Wunschst\u00fcck auch vorab pers\u00f6nlich betrachten, bevor Sie sich entscheiden.<\/p>\n<p>Wir gehen individuell auf Ihre W\u00fcnsche ein und beraten Sie pers\u00f6nlich \u2013 selbstverst\u00e4ndlich unverbindlich.<br \/>\nWir freuen uns auf Ihre Anfrage.<\/p>\n<p>[\/et_pb_text][dsm_contact_form_7 cf7_library=&#8220;139&#8243; button_alignment=&#8220;center&#8220; input_background_color=&#8220;#FFFFFF&#8220; _builder_version=&#8220;4.27.6&#8243; _module_preset=&#8220;default&#8220; labels_font=&#8220;Arimo||||||||&#8220; labels_text_color=&#8220;#dbb575&#8243; placeholder_font=&#8220;Arimo||||||||&#8220; custom_button_one=&#8220;on&#8220; button_one_text_size=&#8220;18px&#8220; button_one_text_color=&#8220;#FFFFFF&#8220; button_one_bg_color=&#8220;#dbb575&#8243; button_one_font=&#8220;Arimo|||on|||||&#8220; button_one_custom_padding=&#8220;|50px||50px|false|true&#8220; custom_padding=&#8220;||||false|false&#8220; custom_css_free_form=&#8220;input{||  margin:15px 0px;||}&#8220; border_width_all_image=&#8220;2px&#8220; border_color_all_image=&#8220;#dbb575&#8243; global_colors_info=&#8220;{}&#8220;][\/dsm_contact_form_7][\/et_pb_column][et_pb_column type=&#8220;1_2&#8243; _builder_version=&#8220;4.27.4&#8243; _module_preset=&#8220;default&#8220; global_colors_info=&#8220;{}&#8220;][et_pb_text _builder_version=&#8220;4.27.6&#8243; _module_preset=&#8220;default&#8220; text_font=&#8220;Arimo||||||||&#8220; text_text_color=&#8220;#6C6C6C&#8220; custom_css_free_form=&#8220;ul{||  list-style:none;||}||||.tit-li{||  font-size:18px;||  margin-top:10px||}&#8220; global_colors_info=&#8220;{}&#8220;]<\/p>\n<table border=\"0\" style=\"width: 100%; border-collapse: collapse; border-color: transparent;\" cellpadding=\"0\" cellspacing=\"0\">\n<tbody>\n<tr>\n<td style=\"width: 20%; vertical-align: middle;\">\n  <svg xmlns=\"http:\/\/www.w3.org\/2000\/svg\" viewbox=\"0 0 24 24\" fill=\"#DBB575\"\n       style=\"width: clamp(28px, 4vw, 48px); height: auto; display: block;\">\n    <path d=\"M12 2C8.13 2 5 5.13 5 9c0 5.25 7 13 7 13s7-7.75 7-13c0-3.87-3.13-7-7-7zm0 9.5c-1.38 0-2.5-1.12-2.5-2.5s1.12-2.5 2.5-2.5 2.5 1.12 2.5 2.5-1.12 2.5-2.5 2.5z\"\/>\n  <\/svg>\n<\/td>\n<td style=\"width: 80%;\">\n<ul style=\"list-style: none;\">\n<li>\n<div class=\"tit-li\">JUWELIERGESCH\u00c4FT<\/div>\n<div class=\"txt-li\">Theatinerstra\u00dfe 31, 80333 M\u00fcnchen<\/div>\n<\/li>\n<li><\/li>\n<li>\n<div class=\"txt-li\">ATELIER<\/div>\n<\/li>\n<li><span style=\"font-weight: 400;\">Pacellistra\u00dfe 4, 80333 M\u00fcnchen<\/span><\/li>\n<\/ul>\n<\/td>\n<\/tr>\n<\/tbody>\n<\/table>\n<p>[\/et_pb_text][et_pb_text _builder_version=&#8220;4.27.6&#8243; _module_preset=&#8220;default&#8220; text_font=&#8220;Arimo||||||||&#8220; text_text_color=&#8220;#6C6C6C&#8220; custom_css_free_form=&#8220;ul{||  list-style:none;||}||||.tit-li{||  font-size:18px;||  margin-top:10px||}&#8220; global_colors_info=&#8220;{}&#8220;]<\/p>\n<table border=\"0\" style=\"width: 100%; border-collapse: collapse; border-color: transparent;\" cellpadding=\"0\" cellspacing=\"0\">\n<tbody>\n<tr>\n<td style=\"width: 20%; vertical-align: middle;\">\n  <svg xmlns=\"http:\/\/www.w3.org\/2000\/svg\" viewbox=\"0 0 24 24\" fill=\"#DBB575\"\n       style=\"width: clamp(28px, 4vw, 48px); height: auto; display: block;\">\n    <path d=\"M11.99 2C6.47 2 2 6.48 2 12s4.47 10 9.99 10C17.52 22 22 17.52 22 12S17.52 2 11.99 2zM12 20c-4.42 0-8-3.58-8-8s3.58-8 8-8 8 3.58 8 8-3.58 8-8 8zm.5-13H11v6l5.25 3.15.75-1.23-4.5-2.67V7z\"\/>\n  <\/svg>\n<\/td>\n<td style=\"width: 80%;\">\n<ul style=\"list-style: none;\">\n<li>\n<div class=\"txt-li\">\n<p>\u00d6FFNUNGSZEITEN<\/p>\n<p>Montag \u2013 Freitag: 10:30 bis 18:00 Uhr<\/p>\n<p>Samstag: 11:00 bis 17:00 Uhr<\/p>\n<\/div>\n<\/li>\n<\/ul>\n<\/td>\n<\/tr>\n<\/tbody>\n<\/table>\n<p>[\/et_pb_text][et_pb_text module_id=&#8220;kontakt-info&#8220; _builder_version=&#8220;4.27.6&#8243; _module_preset=&#8220;default&#8220; text_font=&#8220;Arimo||||||||&#8220; text_text_color=&#8220;#dbb575&#8243; link_font=&#8220;Arimo||||||||&#8220; link_text_color=&#8220;#DBB575&#8243; header_text_color=&#8220;#dbb575&#8243; hover_enabled=&#8220;0&#8243; custom_css_free_form=&#8220;ul{||  list-style:none;||}||||.tit-li{||  font-size:18px;||  margin-top:10px;||}||||selector a%91href^=%22mailto%22%93 {||  color: #DBB575 !important;||  text-decoration: none;||}&#8220; global_colors_info=&#8220;{}&#8220; sticky_enabled=&#8220;0&#8243;]<\/p>\n<table border=\"0\" style=\"width: 100%; border-collapse: collapse; border-color: transparent;\" cellpadding=\"0\" cellspacing=\"0\">\n<tbody>\n<tr>\n<td style=\"width: 20%; vertical-align: middle;\"><svg xmlns=\"http:\/\/www.w3.org\/2000\/svg\" viewbox=\"0 0 24 24\" fill=\"#DBB575\" style=\"width: clamp(28px, 4vw, 48px); height: auto; display: block;\"><path d=\"M20 4H4c-1.1 0-2 .9-2 2v12c0 1.1.9 2 2 2h16c1.1 0 2-.9 2-2V6c0-1.1-.9-2-2-2zm0 4l-8 5-8-5V6l8 5 8-5v2z\"><\/path> <\/svg><\/td>\n<td style=\"width: 80%;\">\n<ul style=\"list-style: none;\">\n<li>\n<div class=\"txt-li\"><a href=\"mailto:schmuck@juwelier-leinfelder.de\" style=\"color: #dbb575; text-decoration: none;\"><br \/>schmuck@juwelier-leinfelder.de<br \/><\/a><\/div>\n<\/li>\n<\/ul>\n<\/td>\n<\/tr>\n<\/tbody>\n<\/table>\n<p>[\/et_pb_text][\/et_pb_column][\/et_pb_row][\/et_pb_section][et_pb_section fb_built=&#8220;1&#8243; _builder_version=&#8220;4.27.4&#8243; _module_preset=&#8220;default&#8220; custom_padding=&#8220;0px||0px||false|false&#8220; global_colors_info=&#8220;{}&#8220;][et_pb_row _builder_version=&#8220;4.27.4&#8243; _module_preset=&#8220;default&#8220; width=&#8220;100%&#8220; max_width=&#8220;100%&#8220; custom_padding=&#8220;0px||0px||false|false&#8220; global_colors_info=&#8220;{}&#8220;][et_pb_column type=&#8220;4_4&#8243; _builder_version=&#8220;4.27.4&#8243; _module_preset=&#8220;default&#8220; global_colors_info=&#8220;{}&#8220;][et_pb_text _builder_version=&#8220;4.27.6&#8243; _module_preset=&#8220;default&#8220; global_colors_info=&#8220;{}&#8220;]<iframe src=\"https:\/\/www.google.com\/maps\/embed?pb=!1m14!1m8!1m3!1d2662.3935629641055!2d11.5766874!3d48.1412173!3m2!1i1024!2i768!4f13.1!3m3!1m2!1s0x479e758ccb852c77%3A0xdaeb12d8f7b11727!2sJuwelier%20Leinfelder!5e0!3m2!1sde!2sde!4v1741005489008!5m2!1sde!2sde\" width=\"100%\" height=\"450\" style=\"border:0;\" allowfullscreen=\"\" loading=\"lazy\" referrerpolicy=\"no-referrer-when-downgrade\"><\/iframe>[\/et_pb_text][\/et_pb_column][\/et_pb_row][\/et_pb_section]<\/p>","protected":false},"excerpt":{"rendered":"<p>KontaktUnverbindlich anfragen. Wir antworten schnell und zuverl\u00e4ssig.Haben Sie ein Schmuckst\u00fcck entdeckt, das Sie nicht mehr losl\u00e4sst, und w\u00fcnschen sich weitere Informationen? Haben Sie den perfekten Ring gefunden, aber nicht in Ihrer passenden Gr\u00f6\u00dfe? Oder gef\u00e4llt Ihnen die Formsprache eines St\u00fccks, und Sie m\u00f6chten es mit anderen Steinen oder in einer anderen Farbe gestalten? Vielleicht m\u00f6chten [&hellip;]<\/p>","protected":false},"author":2,"featured_media":0,"parent":0,"menu_order":0,"comment_status":"closed","ping_status":"closed","template":"","meta":{"_acf_changed":false,"_et_pb_use_builder":"on","_et_pb_old_content":"","_et_gb_content_width":"","inline_featured_image":false,"footnotes":""},"class_list":["post-132","page","type-page","status-publish","hentry"],"acf":[],"_links":{"self":[{"href":"https:\/\/leinfelder-juweler.com\/en\/wp-json\/wp\/v2\/pages\/132","targetHints":{"allow":["GET"]}}],"collection":[{"href":"https:\/\/leinfelder-juweler.com\/en\/wp-json\/wp\/v2\/pages"}],"about":[{"href":"https:\/\/leinfelder-juweler.com\/en\/wp-json\/wp\/v2\/types\/page"}],"author":[{"embeddable":true,"href":"https:\/\/leinfelder-juweler.com\/en\/wp-json\/wp\/v2\/users\/2"}],"replies":[{"embeddable":true,"href":"https:\/\/leinfelder-juweler.com\/en\/wp-json\/wp\/v2\/comments?post=132"}],"version-history":[{"count":19,"href":"https:\/\/leinfelder-juweler.com\/en\/wp-json\/wp\/v2\/pages\/132\/revisions"}],"predecessor-version":[{"id":11756,"href":"https:\/\/leinfelder-juweler.com\/en\/wp-json\/wp\/v2\/pages\/132\/revisions\/11756"}],"wp:attachment":[{"href":"https:\/\/leinfelder-juweler.com\/en\/wp-json\/wp\/v2\/media?parent=132"}],"curies":[{"name":"wp","href":"https:\/\/api.w.org\/{rel}","templated":true}]}}