{"id":41,"date":"2025-01-23T23:19:27","date_gmt":"2025-01-23T23:19:27","guid":{"rendered":"https:\/\/leinfelder-juweler.com\/?page_id=41"},"modified":"2026-04-15T16:42:12","modified_gmt":"2026-04-15T13:42:12","slug":"home","status":"publish","type":"page","link":"https:\/\/leinfelder-juweler.com\/en\/","title":{"rendered":"Home"},"content":{"rendered":"<p>[et_pb_section fb_built=&#8220;1&#8243; _builder_version=&#8220;4.27.4&#8243; _module_preset=&#8220;default&#8220; custom_padding=&#8220;0px||0px||false|false&#8220; global_colors_info=&#8220;{}&#8220;][et_pb_row _builder_version=&#8220;4.27.4&#8243; _module_preset=&#8220;default&#8220; width=&#8220;100%&#8220; max_width=&#8220;100%&#8220; custom_padding=&#8220;0px||0px||false|false&#8220; global_colors_info=&#8220;{}&#8220;][et_pb_column type=&#8220;4_4&#8243; _builder_version=&#8220;4.27.4&#8243; _module_preset=&#8220;default&#8220; global_colors_info=&#8220;{}&#8220;][et_pb_text _builder_version=&#8220;4.27.6&#8243; _module_preset=&#8220;default&#8220; background_image=&#8220;https:\/\/leinfelder-juweler.com\/wp-content\/uploads\/2026\/03\/Leinfelder_Juni_4K_Motiv_02.jpg&#8220; width=&#8220;100%&#8220; max_width=&#8220;100%&#8220; custom_padding=&#8220;0px||0px||false|false&#8220; global_colors_info=&#8220;{}&#8220;]<\/p>\n<div id=\"depicter-1\" class=\"depicter depicter-document depicter-revert depicter-1 depicter-layout-fullwidth depicter-content-composer depicter-dom-ready depicter-auto-height depicter-view-dir-h depicter-preload-0 depicter-init depicter-ready depicter-in-viewport\" style=\"width: 1449px; margin-left: 0px !important;\">\n<div class=\"depicter-primary-container\">\n<div class=\"depicter-view-container\">\n<div class=\"depicter-view depicter-dir-h\" style=\"transition-duration: 0ms; height: 700px;\">\n<div class=\"depicter-sections\" style=\"transform: translateX(0px);\">\n<div id=\"depicter-1-section-1\" class=\"depicter-section depicter-1-section-1 depicter-in depicter-active depicter-ready\" data-name=\"Section 1\" data-local-id=\"section-1\" style=\"width: 1449px; left: 0px;\">\n<div class=\"depicter-background-container depicter-bg-container\">\n<div class=\"depicter-background-animation-wrap\">\n<div class=\"depicter-section-background\"><\/div>\n<\/div>\n<\/div>\n<div class=\"depicter-layers-container\">\n<div class=\"depicter-layers-wrapper\" style=\"height: 700px; max-width: 1200px;\">\n<div class=\"depicter-layers-fold\">\n<div class=\"depicter-layer-frame depicter-text-layer depicter-has-animation-in depicter-has-animation-out depicter-pos-absolute\" style=\"z-index: 10; transform-origin: left top 0px; top: 311px; left: 925px; transform: scale(1);\">\n<div class=\"depicter-animation-wrap\" style=\"transform: translateX(0px); opacity: 0;\">\n<h2 data-animation-in=\"{'direction':'left','easing':'easeInOutExpo','duration':1800,'movement':0,'type':'move'}\" data-between-in-out=\"false\" id=\"depicter-1-element-21\" class=\"depicter-element depicter-layer depicter-1-element-21\" data-type=\"text\" data-wrap=\"true\" data-name=\"Text 2\" data-local-id=\"element-21\" data-offset=\"x:925px;y:311px;origin:tl\" data-width=\"127px,,\" data-height=\"auto,,\" data-responsive-scale=\"true,,\" style=\"height: auto; width: 127px;\">and<\/h2>\n<\/div>\n<\/div>\n<div class=\"depicter-layer-frame depicter-text-layer depicter-has-animation-in depicter-has-animation-out depicter-pos-absolute\" style=\"z-index: 11; transform-origin: left top 0px; top: 334px; left: 776px; transform: scale(1);\">\n<div class=\"depicter-animation-wrap\" style=\"transform: translateY(35px); opacity: 0;\">\n<h2 data-animation-in=\"{'direction':'bottom','easing':'easeOutQuart','duration':2500,'movement':35,'type':'move'}\" data-between-in-out=\"false\" id=\"depicter-1-element-22\" class=\"depicter-element depicter-layer depicter-1-element-22\" data-type=\"text\" data-wrap=\"true\" data-name=\"Text 3\" data-local-id=\"element-22\" data-offset=\"x:776px;y:334px;origin:tl\" data-width=\"482px,,\" data-height=\"auto,,\" data-responsive-scale=\"true,,\" style=\"height: auto; width: 482px;\">Eleganz<\/h2>\n<\/div>\n<\/div>\n<div class=\"depicter-layer-frame depicter-text-layer depicter-has-animation-in depicter-has-animation-out depicter-pos-absolute\" style=\"z-index: 12; transform-origin: left top 0px; top: 252px; left: 823px; transform: scale(1);\">\n<div class=\"depicter-animation-wrap\" style=\"transform: translateY(-35px); opacity: 0;\">\n<h2 data-animation-in=\"{'direction':'top','easing':'easeOutQuart','duration':2500,'movement':35,'type':'move'}\" data-between-in-out=\"false\" id=\"depicter-1-element-18\" class=\"depicter-element depicter-layer depicter-1-element-18\" data-type=\"text\" data-wrap=\"true\" data-name=\"Text 12\" data-local-id=\"element-18\" data-offset=\"x:823px;y:252px;origin:tl\" data-width=\"302px,,\" data-height=\"auto,,\" data-responsive-scale=\"true,,\" style=\"height: auto; width: 302px;\">Luxus<\/h2>\n<\/div>\n<\/div>\n<\/div>\n<\/div>\n<\/div>\n<\/div>\n<\/div>\n<\/div>\n<\/div>\n<\/div>\n<\/div>\n<p>[\/et_pb_text][\/et_pb_column][\/et_pb_row][\/et_pb_section][et_pb_section fb_built=&#8220;1&#8243; specialty=&#8220;on&#8220; _builder_version=&#8220;4.27.6&#8243; _module_preset=&#8220;default&#8220; background_enable_image=&#8220;off&#8220; global_colors_info=&#8220;{}&#8220;][et_pb_column type=&#8220;1_2&#8243; _builder_version=&#8220;4.16&#8243; custom_padding=&#8220;|||&#8220; global_colors_info=&#8220;{}&#8220; custom_padding__hover=&#8220;|||&#8220;][et_pb_text _builder_version=&#8220;4.27.6&#8243; _module_preset=&#8220;default&#8220; text_font=&#8220;&#8211;et_global_body_font||||||||&#8220; text_text_color=&#8220;#6C6C6C&#8220; text_font_size=&#8220;20px&#8220; text_line_height=&#8220;1em&#8220; header_text_color=&#8220;#dbb575&#8243; header_font_size=&#8220;40px&#8220; custom_padding=&#8220;24%||||false|false&#8220; text_orientation_tablet=&#8220;&#8220; text_orientation_phone=&#8220;center&#8220; text_orientation_last_edited=&#8220;on|phone&#8220; global_colors_info=&#8220;{}&#8220;]<\/p>\n<h1>Highlights<\/h1>\n<p>&nbsp;<\/p>\n<p style=\"text-align: left;\">Eine unverwechselbare Handschrift, in jedem St\u00fcck. Entdecken Sie Kreationen, die ber\u00fchren.<\/p>\n<p>[\/et_pb_text][\/et_pb_column][et_pb_column type=&#8220;1_2&#8243; specialty_columns=&#8220;2&#8243; _builder_version=&#8220;4.16&#8243; custom_padding=&#8220;|||&#8220; global_colors_info=&#8220;{}&#8220; custom_padding__hover=&#8220;|||&#8220;][et_pb_row_inner _builder_version=&#8220;4.27.4&#8243; _module_preset=&#8220;default&#8220; custom_margin=&#8220;10%||||false|false&#8220; custom_padding=&#8220;0px||0px||false|false&#8220; global_colors_info=&#8220;{}&#8220;][et_pb_column_inner saved_specialty_column_type=&#8220;1_2&#8243; _builder_version=&#8220;4.27.4&#8243; _module_preset=&#8220;default&#8220; global_colors_info=&#8220;{}&#8220;][et_pb_shop type=&#8220;latest&#8220; posts_number=&#8220;2&#8243; icon_hover_color=&#8220;#800020&#8243; hover_overlay_color=&#8220;rgba(189,164,109,0.18)&#8220; show_price=&#8220;off&#8220; show_rating=&#8220;off&#8220; show_sale_badge=&#8220;off&#8220; _builder_version=&#8220;4.27.6&#8243; _module_preset=&#8220;default&#8220; title_font=&#8220;Arimo||||||||&#8220; title_text_color=&#8220;#FFFFFF&#8220; title_font_size=&#8220;18px&#8220; price_font=&#8220;Arimo||||||||&#8220; price_text_color=&#8220;#dbb575&#8243; price_font_size=&#8220;16px&#8220; global_colors_info=&#8220;{}&#8220;][\/et_pb_shop][\/et_pb_column_inner][\/et_pb_row_inner][\/et_pb_column][\/et_pb_section][et_pb_section fb_built=&#8220;1&#8243; _builder_version=&#8220;4.27.4&#8243; _module_preset=&#8220;default&#8220; custom_padding=&#8220;0px||0px||false|false&#8220; global_colors_info=&#8220;{}&#8220;][et_pb_row column_structure=&#8220;1_2,1_2&#8243; use_custom_gutter=&#8220;on&#8220; gutter_width=&#8220;1&#8243; _builder_version=&#8220;4.27.4&#8243; _module_preset=&#8220;default&#8220; width=&#8220;100%&#8220; max_width=&#8220;100%&#8220; custom_padding=&#8220;0px||0px||false|false&#8220; animation_style=&#8220;fade&#8220; animation_duration=&#8220;1700ms&#8220; animation_delay=&#8220;50ms&#8220; animation_starting_opacity=&#8220;6%&#8220; global_colors_info=&#8220;{}&#8220;][et_pb_column type=&#8220;1_2&#8243; _builder_version=&#8220;4.27.4&#8243; _module_preset=&#8220;default&#8220; global_colors_info=&#8220;{}&#8220;][et_pb_image src=&#8220;https:\/\/leinfelder-juweler.com\/wp-content\/uploads\/2025\/01\/flocken.jpg&#8220; title_text=&#8220;flocken&#8220; _builder_version=&#8220;4.27.4&#8243; _module_preset=&#8220;default&#8220; global_colors_info=&#8220;{}&#8220;][\/et_pb_image][\/et_pb_column][et_pb_column type=&#8220;1_2&#8243; module_class=&#8220;adorno-der&#8220; _builder_version=&#8220;4.27.4&#8243; _module_preset=&#8220;default&#8220; custom_padding=&#8220;4%|4%|4%|4%|true|true&#8220; global_colors_info=&#8220;{}&#8220;][et_pb_text _builder_version=&#8220;4.27.6&#8243; _module_preset=&#8220;default&#8220; text_font=&#8220;&#8211;et_global_body_font||||||||&#8220; text_text_color=&#8220;#6C6C6C&#8220; text_font_size=&#8220;20px&#8220; text_line_height=&#8220;1em&#8220; header_text_color=&#8220;#dbb575&#8243; header_font_size=&#8220;40px&#8220; custom_margin=&#8220;||4%||false|false&#8220; text_font_size_tablet=&#8220;20px&#8220; text_font_size_phone=&#8220;16px&#8220; text_font_size_last_edited=&#8220;on|phone&#8220; text_orientation_tablet=&#8220;&#8220; text_orientation_phone=&#8220;center&#8220; text_orientation_last_edited=&#8220;on|phone&#8220; global_colors_info=&#8220;{}&#8220;]<\/p>\n<h1>Vario Konfigurator<\/h1>\n<p>&nbsp;<\/p>\n<p>Entdecken Sie Ihren Vario-Stil: Oberteile in 750er Gelb- oder Wei\u00dfgold, die f\u00fcr sich stehen \u2014 und noch mehr erz\u00e4hlen, sobald Sie einen der vielen Einh\u00e4nger dazunehmen. Welche Kombination gef\u00e4llt Ihnen heute?<\/p>\n<p>[\/et_pb_text][et_pb_button button_url=&#8220;https:\/\/leinfelder-juweler.com\/vario-konfigurator\/&#8220; button_text=&#8220;Jetzt entdecken&#8220; button_alignment_tablet=&#8220;&#8220; button_alignment_phone=&#8220;center&#8220; button_alignment_last_edited=&#8220;on|phone&#8220; _builder_version=&#8220;4.27.6&#8243; _module_preset=&#8220;default&#8220; custom_button=&#8220;on&#8220; button_text_color=&#8220;#FFFFFF&#8220; button_bg_color=&#8220;#dbb575&#8243; button_border_color=&#8220;#dbb575&#8243; button_font=&#8220;Arimo||||||||&#8220; button_use_icon=&#8220;off&#8220; global_colors_info=&#8220;{}&#8220; button_text_color__hover_enabled=&#8220;on|hover&#8220; button_text_color__hover=&#8220;#000000&#8243; button_bg_color__hover_enabled=&#8220;on|hover&#8220; button_bg_color__hover=&#8220;#dbb575&#8243; button_bg_enable_color__hover=&#8220;on&#8220;][\/et_pb_button][\/et_pb_column][\/et_pb_row][\/et_pb_section][et_pb_section fb_built=&#8220;1&#8243; _builder_version=&#8220;4.27.4&#8243; _module_preset=&#8220;default&#8220; animation_style=&#8220;fade&#8220; animation_duration=&#8220;1700ms&#8220; animation_delay=&#8220;50ms&#8220; animation_starting_opacity=&#8220;6%&#8220; global_colors_info=&#8220;{}&#8220;][et_pb_row _builder_version=&#8220;4.27.4&#8243; _module_preset=&#8220;default&#8220; global_colors_info=&#8220;{}&#8220;][et_pb_column type=&#8220;4_4&#8243; _builder_version=&#8220;4.27.4&#8243; _module_preset=&#8220;default&#8220; global_colors_info=&#8220;{}&#8220;][et_pb_text module_class=&#8220;news-title&#8220; _builder_version=&#8220;4.27.6&#8243; _module_preset=&#8220;default&#8220; text_font=&#8220;Arimo||||||||&#8220; text_text_color=&#8220;#dbb575&#8243; text_font_size=&#8220;40px&#8220; text_orientation=&#8220;center&#8220; global_colors_info=&#8220;{}&#8220;]<\/p>\n<p>News<\/p>\n<p>[\/et_pb_text][\/et_pb_column][\/et_pb_row][et_pb_row _builder_version=&#8220;4.27.4&#8243; _module_preset=&#8220;default&#8220; global_colors_info=&#8220;{}&#8220;][et_pb_column type=&#8220;4_4&#8243; _builder_version=&#8220;4.27.4&#8243; _module_preset=&#8220;default&#8220; global_colors_info=&#8220;{}&#8220;][et_pb_blog fullwidth=&#8220;off&#8220; posts_number=&#8220;3&#8243; excerpt_length=&#8220;80&#8243; show_author=&#8220;off&#8220; show_date=&#8220;off&#8220; show_categories=&#8220;off&#8220; show_pagination=&#8220;off&#8220; _builder_version=&#8220;4.27.6&#8243; _module_preset=&#8220;default&#8220; header_font=&#8220;Arimo||||||||&#8220; header_text_color=&#8220;#000000&#8243; body_font=&#8220;Arimo||||||||&#8220; body_text_color=&#8220;#6C6C6C&#8220; read_more_font=&#8220;Arimo||||||||&#8220; read_more_text_color=&#8220;#dbb575&#8243; pagination_font=&#8220;Arimo||||||||&#8220; pagination_text_color=&#8220;#800020&#8243; border_width_all=&#8220;0px&#8220; global_colors_info=&#8220;{}&#8220;][\/et_pb_blog][\/et_pb_column][\/et_pb_row][\/et_pb_section]<\/p>","protected":false},"excerpt":{"rendered":"<p>and Eleganz Luxus Highlights &nbsp; Eine unverwechselbare Handschrift, in jedem St\u00fcck. Entdecken Sie Kreationen, die ber\u00fchren.Vario Konfigurator &nbsp; Entdecken Sie Ihren Vario-Stil: Oberteile in 750er Gelb- oder Wei\u00dfgold, die f\u00fcr sich stehen \u2014 und noch mehr erz\u00e4hlen, sobald Sie einen der vielen Einh\u00e4nger dazunehmen. Welche Kombination gef\u00e4llt Ihnen heute?News<\/p>","protected":false},"author":2,"featured_media":0,"parent":0,"menu_order":0,"comment_status":"closed","ping_status":"closed","template":"","meta":{"_acf_changed":false,"_et_pb_use_builder":"on","_et_pb_old_content":"","_et_gb_content_width":"","inline_featured_image":false,"footnotes":""},"class_list":["post-41","page","type-page","status-publish","hentry"],"acf":[],"_links":{"self":[{"href":"https:\/\/leinfelder-juweler.com\/en\/wp-json\/wp\/v2\/pages\/41","targetHints":{"allow":["GET"]}}],"collection":[{"href":"https:\/\/leinfelder-juweler.com\/en\/wp-json\/wp\/v2\/pages"}],"about":[{"href":"https:\/\/leinfelder-juweler.com\/en\/wp-json\/wp\/v2\/types\/page"}],"author":[{"embeddable":true,"href":"https:\/\/leinfelder-juweler.com\/en\/wp-json\/wp\/v2\/users\/2"}],"replies":[{"embeddable":true,"href":"https:\/\/leinfelder-juweler.com\/en\/wp-json\/wp\/v2\/comments?post=41"}],"version-history":[{"count":23,"href":"https:\/\/leinfelder-juweler.com\/en\/wp-json\/wp\/v2\/pages\/41\/revisions"}],"predecessor-version":[{"id":11385,"href":"https:\/\/leinfelder-juweler.com\/en\/wp-json\/wp\/v2\/pages\/41\/revisions\/11385"}],"wp:attachment":[{"href":"https:\/\/leinfelder-juweler.com\/en\/wp-json\/wp\/v2\/media?parent=41"}],"curies":[{"name":"wp","href":"https:\/\/api.w.org\/{rel}","templated":true}]}}