{"id":10799,"date":"2025-12-29T19:08:46","date_gmt":"2025-12-29T16:08:46","guid":{"rendered":"https:\/\/leinfelder-juweler.com\/?post_type=product&#038;p=10799"},"modified":"2025-12-29T19:09:15","modified_gmt":"2025-12-29T16:09:15","slug":"anhaenger-schutzengel-750-rosegold","status":"publish","type":"product","link":"https:\/\/leinfelder-juweler.com\/en\/product\/anhaenger-schutzengel-750-rosegold\/","title":{"rendered":"Anh\u00e4nger &#8222;Schutzengel&#8220; 750 Ros\u00e9gold"},"content":{"rendered":"<p><strong>Anh\u00e4nger &#8222;Schutzengel&#8220; 750 Ros\u00e9gold<\/strong><\/p>\n<p><strong>Material: <\/strong>750 Ros\u00e9gold<\/p>\n<p><strong>Ma\u00dfe:<\/strong> 12 mm hoch \/ 10 mm breit<\/p>\n<p class=\"MsoNormal\" style=\"margin-bottom: .0001pt;\"><b style=\"mso-bidi-font-weight: normal;\"><span style=\"mso-bidi-font-family: Calibri; mso-bidi-theme-font: minor-latin;\">Ein feiner Begleiter aus 750 Ros\u00e9gold, der die Idee eines Schutzengels in eine sanfte, moderne Kontur gie\u00dft. Ein kleines St\u00fcck Zuversicht, das leise \u00fcber dem Alltag schwebt<\/span><\/b><\/p>","protected":false},"excerpt":{"rendered":"<p>Anh\u00e4nger &#8222;Schutzengel&#8220; 750 Ros\u00e9gold Material: 750 Ros\u00e9gold Ma\u00dfe: 12 mm hoch \/ 10 mm breit Ein feiner Begleiter aus 750 Ros\u00e9gold, der die Idee eines Schutzengels in eine sanfte, moderne Kontur gie\u00dft. Ein kleines St\u00fcck Zuversicht, das leise \u00fcber dem Alltag schwebt<\/p>","protected":false},"featured_media":10804,"comment_status":"open","ping_status":"closed","template":"","meta":{"_acf_changed":false,"_et_pb_use_builder":"","_et_pb_old_content":"","_et_gb_content_width":"","inline_featured_image":false},"product_brand":[332],"product_cat":[404],"product_tag":[370],"class_list":{"0":"post-10799","1":"product","2":"type-product","3":"status-publish","4":"has-post-thumbnail","6":"product_brand-leinfelder","7":"product_cat-charms","8":"product_tag-pur","10":"first","11":"instock","12":"sold-individually","13":"shipping-taxable","14":"purchasable","15":"product-type-simple"},"acf":[],"_links":{"self":[{"href":"https:\/\/leinfelder-juweler.com\/en\/wp-json\/wp\/v2\/product\/10799","targetHints":{"allow":["GET"]}}],"collection":[{"href":"https:\/\/leinfelder-juweler.com\/en\/wp-json\/wp\/v2\/product"}],"about":[{"href":"https:\/\/leinfelder-juweler.com\/en\/wp-json\/wp\/v2\/types\/product"}],"replies":[{"embeddable":true,"href":"https:\/\/leinfelder-juweler.com\/en\/wp-json\/wp\/v2\/comments?post=10799"}],"wp:featuredmedia":[{"embeddable":true,"href":"https:\/\/leinfelder-juweler.com\/en\/wp-json\/wp\/v2\/media\/10804"}],"wp:attachment":[{"href":"https:\/\/leinfelder-juweler.com\/en\/wp-json\/wp\/v2\/media?parent=10799"}],"wp:term":[{"taxonomy":"product_brand","embeddable":true,"href":"https:\/\/leinfelder-juweler.com\/en\/wp-json\/wp\/v2\/product_brand?post=10799"},{"taxonomy":"product_cat","embeddable":true,"href":"https:\/\/leinfelder-juweler.com\/en\/wp-json\/wp\/v2\/product_cat?post=10799"},{"taxonomy":"product_tag","embeddable":true,"href":"https:\/\/leinfelder-juweler.com\/en\/wp-json\/wp\/v2\/product_tag?post=10799"}],"curies":[{"name":"wp","href":"https:\/\/api.w.org\/{rel}","templated":true}]}}