{"id":8324,"date":"2025-11-20T18:00:30","date_gmt":"2025-11-20T15:00:30","guid":{"rendered":"https:\/\/leinfelder-juweler.com\/?post_type=product&#038;p=8324"},"modified":"2025-11-20T19:13:12","modified_gmt":"2025-11-20T16:13:12","slug":"ohrstecker-mit-aquamarin-5-mm-rund-facettiert","status":"publish","type":"product","link":"https:\/\/leinfelder-juweler.com\/en\/product\/ohrstecker-mit-aquamarin-5-mm-rund-facettiert\/","title":{"rendered":"Ohrstecker mit Aquamarin 5 mm rund facettiert"},"content":{"rendered":"<p><strong>Ein Paar Ohrstecker,\u00a0<span lang=\"EN-US\">doppelt gestufte Fassung mit Aquamarin<\/span><span><\/span><br \/><\/strong><\/p>\n<p><strong>Material: <\/strong>750 Yellow Gold<\/p>\n<p><strong>Stones: <\/strong>2<strong>\u00a0<\/strong>Aquamarine 0,74 ct \u00d8 4,9 mm rund facettiert<\/p>\n<p style=\"margin-bottom: .0001pt;\" class=\"MsoNormal\"><b style=\"mso-bidi-font-weight: normal;\"><span style=\"mso-bidi-font-family: Calibri; mso-bidi-theme-font: minor-latin;\">Unsere Schmuck-Linie &#8218;Klassik&#8216; besticht durch zeitlose Harmonie und feine Details. Die Kollektion umfasst Ohrschmuck, Ringe, Anh\u00e4nger und Armb\u00e4nder aus 750 Gelb-, Ros\u00e9- und Wei\u00dfgold, veredelt mit hochwertigen, farbigen Edelsteinen im Cabochon- und Facettenschliff. <\/span><\/b><\/p>\n<p style=\"margin-bottom: .0001pt;\" class=\"MsoNormal\"><strong><span style=\"font-family: 'Calibri',sans-serif; mso-ascii-theme-font: minor-latin; mso-hansi-theme-font: minor-latin; mso-bidi-font-family: 'Times New Roman'; mso-bidi-theme-font: minor-bidi;\">Es sind die kleinen Feinheiten, die Proportionen und die ausgesuchten Edelsteine, die ein Schmuckst\u00fcck aus unserer Werkstatt auszeichnen.<\/span><\/strong><\/p>\n<p style=\"margin-bottom: .0001pt;\" class=\"MsoNormal\"><strong><span style=\"font-family: 'Calibri',sans-serif; mso-ascii-theme-font: minor-latin; mso-hansi-theme-font: minor-latin; mso-bidi-font-family: 'Times New Roman'; mso-bidi-theme-font: minor-bidi;\">Die f\u00fcr Leinfelder typische doppelt gestufte Fassung setzt die himmelblauen Aquamarine perfekt in Szene.<\/span><\/strong><\/p>","protected":false},"excerpt":{"rendered":"<p>Ein Paar Ohrstecker,\u00a0doppelt gestufte Fassung mit Aquamarin Material: 750 Gelbgold Steine: 2\u00a0Aquamarine 0,74 ct \u00d8 4,9 mm rund facettiert Unsere Schmuck-Linie &#8218;Klassik&#8216; besticht durch zeitlose Harmonie und feine Details. Die Kollektion umfasst Ohrschmuck, Ringe, Anh\u00e4nger und Armb\u00e4nder aus 750 Gelb-, Ros\u00e9- und Wei\u00dfgold, veredelt mit hochwertigen, farbigen Edelsteinen im Cabochon- und Facettenschliff. Es sind die [&hellip;]<\/p>","protected":false},"featured_media":9495,"comment_status":"open","ping_status":"closed","template":"","meta":{"_acf_changed":false,"_et_pb_use_builder":"","_et_pb_old_content":"","_et_gb_content_width":"","inline_featured_image":false},"product_brand":[332],"product_cat":[331],"product_tag":[],"class_list":{"0":"post-8324","1":"product","2":"type-product","3":"status-publish","4":"has-post-thumbnail","6":"product_brand-leinfelder","7":"product_cat-ohrschmuck","9":"first","10":"instock","11":"sold-individually","12":"shipping-taxable","13":"purchasable","14":"product-type-simple"},"acf":[],"_links":{"self":[{"href":"https:\/\/leinfelder-juweler.com\/en\/wp-json\/wp\/v2\/product\/8324","targetHints":{"allow":["GET"]}}],"collection":[{"href":"https:\/\/leinfelder-juweler.com\/en\/wp-json\/wp\/v2\/product"}],"about":[{"href":"https:\/\/leinfelder-juweler.com\/en\/wp-json\/wp\/v2\/types\/product"}],"replies":[{"embeddable":true,"href":"https:\/\/leinfelder-juweler.com\/en\/wp-json\/wp\/v2\/comments?post=8324"}],"wp:featuredmedia":[{"embeddable":true,"href":"https:\/\/leinfelder-juweler.com\/en\/wp-json\/wp\/v2\/media\/9495"}],"wp:attachment":[{"href":"https:\/\/leinfelder-juweler.com\/en\/wp-json\/wp\/v2\/media?parent=8324"}],"wp:term":[{"taxonomy":"product_brand","embeddable":true,"href":"https:\/\/leinfelder-juweler.com\/en\/wp-json\/wp\/v2\/product_brand?post=8324"},{"taxonomy":"product_cat","embeddable":true,"href":"https:\/\/leinfelder-juweler.com\/en\/wp-json\/wp\/v2\/product_cat?post=8324"},{"taxonomy":"product_tag","embeddable":true,"href":"https:\/\/leinfelder-juweler.com\/en\/wp-json\/wp\/v2\/product_tag?post=8324"}],"curies":[{"name":"wp","href":"https:\/\/api.w.org\/{rel}","templated":true}]}}