{"id":8333,"date":"2025-11-20T18:00:33","date_gmt":"2025-11-20T15:00:33","guid":{"rendered":"https:\/\/leinfelder-juweler.com\/?post_type=product&#038;p=8333"},"modified":"2025-11-20T19:13:39","modified_gmt":"2025-11-20T16:13:39","slug":"einhaenger-fuer-klappcreolen-mit-amethyst-cabochons-10-x-8-mm","status":"publish","type":"product","link":"https:\/\/leinfelder-juweler.com\/en\/product\/einhaenger-fuer-klappcreolen-mit-amethyst-cabochons-10-x-8-mm\/","title":{"rendered":"Einh\u00e4nger f\u00fcr Klappcreolen mit Amethyst Cabochons 10 x 8 mm"},"content":{"rendered":"<p><strong>Einh\u00e4nger f\u00fcr\u00a0Klappcreolen<\/strong><\/p>\n<p><strong>Material: <\/strong>750 Yellow Gold<\/p>\n<p><strong>Stones: <\/strong>Amethyst Cabochons 10 x 8 mm<\/p>\n<p class=\"MsoNormal\"><strong>Tipp:\u00a0Die Einh\u00e4nger sind ma\u00dfgefertigt f\u00fcr unsere Klappcreolen bis 3 mm Breite, sowie f\u00fcr die Oberteile der Kollektion \u201eWiener Brisur\u201c.<\/strong><\/p>\n<p class=\"MsoNormal\"><strong>Die Kombination aus warmem Gelbgold mit den lila Amethysten verleiht den Creolen den besonderen Reiz.<\/strong><\/p>\n<p>\u00a0<\/p>","protected":false},"excerpt":{"rendered":"<p>Einh\u00e4nger f\u00fcr\u00a0Klappcreolen Material: 750 Gelbgold Steine: Amethyst Cabochons 10 x 8 mm Tipp:\u00a0Die Einh\u00e4nger sind ma\u00dfgefertigt f\u00fcr unsere Klappcreolen bis 3 mm Breite, sowie f\u00fcr die Oberteile der Kollektion \u201eWiener Brisur\u201c. Die Kombination aus warmem Gelbgold mit den lila Amethysten verleiht den Creolen den besonderen Reiz. \u00a0<\/p>","protected":false},"featured_media":9504,"comment_status":"open","ping_status":"closed","template":"","meta":{"_acf_changed":false,"_et_pb_use_builder":"","_et_pb_old_content":"","_et_gb_content_width":"","inline_featured_image":false},"product_brand":[332],"product_cat":[331],"product_tag":[],"class_list":{"0":"post-8333","1":"product","2":"type-product","3":"status-publish","4":"has-post-thumbnail","6":"product_brand-leinfelder","7":"product_cat-ohrschmuck","9":"first","10":"outofstock","11":"sold-individually","12":"shipping-taxable","13":"purchasable","14":"product-type-simple"},"acf":[],"_links":{"self":[{"href":"https:\/\/leinfelder-juweler.com\/en\/wp-json\/wp\/v2\/product\/8333","targetHints":{"allow":["GET"]}}],"collection":[{"href":"https:\/\/leinfelder-juweler.com\/en\/wp-json\/wp\/v2\/product"}],"about":[{"href":"https:\/\/leinfelder-juweler.com\/en\/wp-json\/wp\/v2\/types\/product"}],"replies":[{"embeddable":true,"href":"https:\/\/leinfelder-juweler.com\/en\/wp-json\/wp\/v2\/comments?post=8333"}],"wp:featuredmedia":[{"embeddable":true,"href":"https:\/\/leinfelder-juweler.com\/en\/wp-json\/wp\/v2\/media\/9504"}],"wp:attachment":[{"href":"https:\/\/leinfelder-juweler.com\/en\/wp-json\/wp\/v2\/media?parent=8333"}],"wp:term":[{"taxonomy":"product_brand","embeddable":true,"href":"https:\/\/leinfelder-juweler.com\/en\/wp-json\/wp\/v2\/product_brand?post=8333"},{"taxonomy":"product_cat","embeddable":true,"href":"https:\/\/leinfelder-juweler.com\/en\/wp-json\/wp\/v2\/product_cat?post=8333"},{"taxonomy":"product_tag","embeddable":true,"href":"https:\/\/leinfelder-juweler.com\/en\/wp-json\/wp\/v2\/product_tag?post=8333"}],"curies":[{"name":"wp","href":"https:\/\/api.w.org\/{rel}","templated":true}]}}