{"id":8335,"date":"2025-11-20T18:00:33","date_gmt":"2025-11-20T15:00:33","guid":{"rendered":"https:\/\/leinfelder-juweler.com\/?post_type=product&#038;p=8335"},"modified":"2025-11-20T19:13:43","modified_gmt":"2025-11-20T16:13:43","slug":"vario-ohrschmuck-set-9","status":"publish","type":"product","link":"https:\/\/leinfelder-juweler.com\/en\/product\/vario-ohrschmuck-set-9\/","title":{"rendered":"Vario Ohrschmuck Set"},"content":{"rendered":"<p><strong>Vario Ohrschmuck Oberteile: <\/strong>Ohrstecker 750 Gelbgold \u00d8 15,8mm rund<strong><br \/><\/strong><\/p>\n<p><strong>Vario Ohrschmuck Einh\u00e4nger:\u00a0<br \/><\/strong><\/p>\n<p><strong>Material:\u00a0<\/strong>750 Yellow Gold<\/p>\n<p><strong>Stones:\u00a0<\/strong>2 Rubellite \u00d8 4,5mm rund facettiert, 0,72 ct<\/p>\n<p><strong>Elemente:<\/strong> Ebenholz Loops 34 x 26 mm<\/p>\n<p><strong>Dieser Ohrschmuck aus unserer Vario- Kollektion \u00fcberzeugt durch seine L\u00e4ssigkeit. Die Einh\u00e4nger sind beidseitig tragbar, auch die R\u00fcckseite aus purem Gold ist ein imposanter Anblick.<br \/><\/strong><\/p>","protected":false},"excerpt":{"rendered":"<p>Vario Ohrschmuck Oberteile: Ohrstecker 750 Gelbgold \u00d8 15,8mm rund Vario Ohrschmuck Einh\u00e4nger:\u00a0 Material:\u00a0750 Gelbgold Steine:\u00a02 Rubellite \u00d8 4,5mm rund facettiert, 0,72 ct Elemente: Ebenholz Loops 34 x 26 mm Dieser Ohrschmuck aus unserer Vario- Kollektion \u00fcberzeugt durch seine L\u00e4ssigkeit. Die Einh\u00e4nger sind beidseitig tragbar, auch die R\u00fcckseite aus purem Gold ist ein imposanter Anblick.<\/p>","protected":false},"featured_media":9506,"comment_status":"open","ping_status":"closed","template":"","meta":{"_acf_changed":false,"_et_pb_use_builder":"","_et_pb_old_content":"","_et_gb_content_width":"","inline_featured_image":false},"product_brand":[332],"product_cat":[331],"product_tag":[302],"class_list":{"0":"post-8335","1":"product","2":"type-product","3":"status-publish","4":"has-post-thumbnail","6":"product_brand-leinfelder","7":"product_cat-ohrschmuck","8":"product_tag-ebenholz","10":"first","11":"outofstock","12":"shipping-taxable","13":"purchasable","14":"product-type-simple"},"acf":[],"_links":{"self":[{"href":"https:\/\/leinfelder-juweler.com\/en\/wp-json\/wp\/v2\/product\/8335","targetHints":{"allow":["GET"]}}],"collection":[{"href":"https:\/\/leinfelder-juweler.com\/en\/wp-json\/wp\/v2\/product"}],"about":[{"href":"https:\/\/leinfelder-juweler.com\/en\/wp-json\/wp\/v2\/types\/product"}],"replies":[{"embeddable":true,"href":"https:\/\/leinfelder-juweler.com\/en\/wp-json\/wp\/v2\/comments?post=8335"}],"wp:featuredmedia":[{"embeddable":true,"href":"https:\/\/leinfelder-juweler.com\/en\/wp-json\/wp\/v2\/media\/9506"}],"wp:attachment":[{"href":"https:\/\/leinfelder-juweler.com\/en\/wp-json\/wp\/v2\/media?parent=8335"}],"wp:term":[{"taxonomy":"product_brand","embeddable":true,"href":"https:\/\/leinfelder-juweler.com\/en\/wp-json\/wp\/v2\/product_brand?post=8335"},{"taxonomy":"product_cat","embeddable":true,"href":"https:\/\/leinfelder-juweler.com\/en\/wp-json\/wp\/v2\/product_cat?post=8335"},{"taxonomy":"product_tag","embeddable":true,"href":"https:\/\/leinfelder-juweler.com\/en\/wp-json\/wp\/v2\/product_tag?post=8335"}],"curies":[{"name":"wp","href":"https:\/\/api.w.org\/{rel}","templated":true}]}}