{"id":8336,"date":"2025-11-20T18:00:33","date_gmt":"2025-11-20T15:00:33","guid":{"rendered":"https:\/\/leinfelder-juweler.com\/?post_type=product&#038;p=8336"},"modified":"2025-11-20T19:13:46","modified_gmt":"2025-11-20T16:13:46","slug":"vario-ohrschmuck-einhaenger-5","status":"publish","type":"product","link":"https:\/\/leinfelder-juweler.com\/en\/product\/vario-ohrschmuck-einhaenger-5\/","title":{"rendered":"Vario Ohrschmuck Einh\u00e4nger"},"content":{"rendered":"<p><strong>Vario Ohrschmuck Einh\u00e4nger: <br \/><\/strong><\/p>\n<p><strong>Material:\u00a0<\/strong>750 Yellow Gold<\/p>\n<p><strong>Stones:\u00a0<\/strong>2 Rubellite \u00d8 4,5mm rund facettiert, 0,72 ct<\/p>\n<p><strong>Elemente:<\/strong> Ebenholz Loops 34 x 26 mm<\/p>\n<p><strong>Diese Einh\u00e4nger unserer Vario- Kollektion \u00fcberzeugen durch Ihre L\u00e4ssigkeit. Sie sind beidseitig tragbar, die R\u00fcckseite aus purem Gold ist ein imposanter Anblick.<br \/><\/strong><\/p>","protected":false},"excerpt":{"rendered":"<p>Vario Ohrschmuck Einh\u00e4nger: Material:\u00a0750 Gelbgold Steine:\u00a02 Rubellite \u00d8 4,5mm rund facettiert, 0,72 ct Elemente: Ebenholz Loops 34 x 26 mm Diese Einh\u00e4nger unserer Vario- Kollektion \u00fcberzeugen durch Ihre L\u00e4ssigkeit. Sie sind beidseitig tragbar, die R\u00fcckseite aus purem Gold ist ein imposanter Anblick.<\/p>","protected":false},"featured_media":9507,"comment_status":"open","ping_status":"closed","template":"","meta":{"_acf_changed":false,"_et_pb_use_builder":"","_et_pb_old_content":"","_et_gb_content_width":"","inline_featured_image":false},"product_brand":[332],"product_cat":[331],"product_tag":[302],"class_list":{"0":"post-8336","1":"product","2":"type-product","3":"status-publish","4":"has-post-thumbnail","6":"product_brand-leinfelder","7":"product_cat-ohrschmuck","8":"product_tag-ebenholz","10":"first","11":"outofstock","12":"shipping-taxable","13":"purchasable","14":"product-type-simple"},"acf":[],"_links":{"self":[{"href":"https:\/\/leinfelder-juweler.com\/en\/wp-json\/wp\/v2\/product\/8336","targetHints":{"allow":["GET"]}}],"collection":[{"href":"https:\/\/leinfelder-juweler.com\/en\/wp-json\/wp\/v2\/product"}],"about":[{"href":"https:\/\/leinfelder-juweler.com\/en\/wp-json\/wp\/v2\/types\/product"}],"replies":[{"embeddable":true,"href":"https:\/\/leinfelder-juweler.com\/en\/wp-json\/wp\/v2\/comments?post=8336"}],"wp:featuredmedia":[{"embeddable":true,"href":"https:\/\/leinfelder-juweler.com\/en\/wp-json\/wp\/v2\/media\/9507"}],"wp:attachment":[{"href":"https:\/\/leinfelder-juweler.com\/en\/wp-json\/wp\/v2\/media?parent=8336"}],"wp:term":[{"taxonomy":"product_brand","embeddable":true,"href":"https:\/\/leinfelder-juweler.com\/en\/wp-json\/wp\/v2\/product_brand?post=8336"},{"taxonomy":"product_cat","embeddable":true,"href":"https:\/\/leinfelder-juweler.com\/en\/wp-json\/wp\/v2\/product_cat?post=8336"},{"taxonomy":"product_tag","embeddable":true,"href":"https:\/\/leinfelder-juweler.com\/en\/wp-json\/wp\/v2\/product_tag?post=8336"}],"curies":[{"name":"wp","href":"https:\/\/api.w.org\/{rel}","templated":true}]}}