{"id":8341,"date":"2025-11-20T18:00:35","date_gmt":"2025-11-20T15:00:35","guid":{"rendered":"https:\/\/leinfelder-juweler.com\/?post_type=product&#038;p=8341"},"modified":"2025-11-20T19:14:00","modified_gmt":"2025-11-20T16:14:00","slug":"vario-ohrschmuck-einhaenger-6","status":"publish","type":"product","link":"https:\/\/leinfelder-juweler.com\/en\/product\/vario-ohrschmuck-einhaenger-6\/","title":{"rendered":"Vario Ohrschmuck Einh\u00e4nger"},"content":{"rendered":"<p><strong>Vario Ohrschmuck Einh\u00e4nger kombinierbar mit verschiedenen Oberteilen:<\/strong><\/p>\n<p><strong>Brillanten und S\u00fc\u00dfwasser-Perlquasten<\/strong><\/p>\n<p><strong>Material: <\/strong>750 Yellow Gold<\/p>\n<p><strong>Stones: <\/strong>2 Brillanten \u00d8 3,0 mm = 0,22 ct tw vsi und S\u00fc\u00dfwasserperlquasten \u00d8 2,5 mm 12-fach<\/p>\n<p style=\"margin: 0cm; margin-bottom: .0001pt;\"><strong><span style=\"font-size: 11.0pt; font-family: 'Calibri',sans-serif; mso-ascii-theme-font: minor-latin; mso-hansi-theme-font: minor-latin; mso-bidi-theme-font: minor-latin;\">Quasten \u2013 Bewegende Eleganz<\/span><\/strong><b><span style=\"font-size: 11.0pt; font-family: 'Calibri',sans-serif; mso-ascii-theme-font: minor-latin; mso-hansi-theme-font: minor-latin; mso-bidi-theme-font: minor-latin;\"><\/span><\/b><\/p>\n<p><b style=\"mso-bidi-font-weight: normal;\"><span style=\"font-size: 11.0pt; line-height: 107%; font-family: 'Calibri',sans-serif; mso-ascii-theme-font: minor-latin; mso-fareast-font-family: Calibri; mso-fareast-theme-font: minor-latin; mso-hansi-theme-font: minor-latin; mso-bidi-theme-font: minor-latin; mso-ansi-language: DE; mso-fareast-language: EN-US; mso-bidi-language: AR-SA;\">Die Kollektion &#8222;Quasten&#8220; steht f\u00fcr Leichtigkeit und flie\u00dfende Sch\u00f6nheit. Inspiriert von der sanften Bewegung und der verspielten Anmut von Quasten, vereint jedes Schmuckst\u00fcck filigrane Details mit lebendigem Schwung. Die zarten Anh\u00e4nger und Verzierungen schwingen bei jeder Bewegung und verleihen dem Tr\u00e4ger oder der Tr\u00e4gerin ein Gef\u00fchl von Freiheit und Eleganz. <\/span><\/b><\/p>","protected":false},"excerpt":{"rendered":"<p>Vario Ohrschmuck Einh\u00e4nger kombinierbar mit verschiedenen Oberteilen: Brillanten und S\u00fc\u00dfwasser-Perlquasten Material: 750 Gelbgold Steine: 2 Brillanten \u00d8 3,0 mm = 0,22 ct tw vsi und S\u00fc\u00dfwasserperlquasten \u00d8 2,5 mm 12-fach Quasten \u2013 Bewegende Eleganz Die Kollektion &#8222;Quasten&#8220; steht f\u00fcr Leichtigkeit und flie\u00dfende Sch\u00f6nheit. Inspiriert von der sanften Bewegung und der verspielten Anmut von Quasten, vereint [&hellip;]<\/p>","protected":false},"featured_media":9512,"comment_status":"open","ping_status":"closed","template":"","meta":{"_acf_changed":false,"_et_pb_use_builder":"","_et_pb_old_content":"","_et_gb_content_width":"","inline_featured_image":false},"product_brand":[332],"product_cat":[331],"product_tag":[248],"class_list":{"0":"post-8341","1":"product","2":"type-product","3":"status-publish","4":"has-post-thumbnail","6":"product_brand-leinfelder","7":"product_cat-ohrschmuck","8":"product_tag-tassels","10":"first","11":"outofstock","12":"shipping-taxable","13":"purchasable","14":"product-type-simple"},"acf":[],"_links":{"self":[{"href":"https:\/\/leinfelder-juweler.com\/en\/wp-json\/wp\/v2\/product\/8341","targetHints":{"allow":["GET"]}}],"collection":[{"href":"https:\/\/leinfelder-juweler.com\/en\/wp-json\/wp\/v2\/product"}],"about":[{"href":"https:\/\/leinfelder-juweler.com\/en\/wp-json\/wp\/v2\/types\/product"}],"replies":[{"embeddable":true,"href":"https:\/\/leinfelder-juweler.com\/en\/wp-json\/wp\/v2\/comments?post=8341"}],"wp:featuredmedia":[{"embeddable":true,"href":"https:\/\/leinfelder-juweler.com\/en\/wp-json\/wp\/v2\/media\/9512"}],"wp:attachment":[{"href":"https:\/\/leinfelder-juweler.com\/en\/wp-json\/wp\/v2\/media?parent=8341"}],"wp:term":[{"taxonomy":"product_brand","embeddable":true,"href":"https:\/\/leinfelder-juweler.com\/en\/wp-json\/wp\/v2\/product_brand?post=8341"},{"taxonomy":"product_cat","embeddable":true,"href":"https:\/\/leinfelder-juweler.com\/en\/wp-json\/wp\/v2\/product_cat?post=8341"},{"taxonomy":"product_tag","embeddable":true,"href":"https:\/\/leinfelder-juweler.com\/en\/wp-json\/wp\/v2\/product_tag?post=8341"}],"curies":[{"name":"wp","href":"https:\/\/api.w.org\/{rel}","templated":true}]}}