{"id":8345,"date":"2025-11-20T18:00:36","date_gmt":"2025-11-20T15:00:36","guid":{"rendered":"https:\/\/leinfelder-juweler.com\/?post_type=product&#038;p=8345"},"modified":"2025-11-20T19:14:10","modified_gmt":"2025-11-20T16:14:10","slug":"vario-ohrschmuck-set-11","status":"publish","type":"product","link":"https:\/\/leinfelder-juweler.com\/en\/product\/vario-ohrschmuck-set-11\/","title":{"rendered":"Vario Ohrschmuck Set"},"content":{"rendered":"<p><strong>Vario Ohrschmuck Set aus Ohrsteckern und Einh\u00e4ngern: <\/strong><\/p>\n<p><strong>Oberteile: Ohrstecker <span data-mce-fragment=\"1\">\u201e<\/span><span data-mce-fragment=\"1\"><\/span><span data-mce-fragment=\"1\">Vario\u201c<\/span><span data-mce-fragment=\"1\"><\/span> runde Mondstein Cabochons gro\u00df<br \/><\/strong><\/p>\n<p><strong>Material: <\/strong>750 Yellow Gold<\/p>\n<p><strong>Ma\u00dfe: <\/strong>\u00d8 13,0 mm<\/p>\n<p><strong>Einh\u00e4nger mit Brillanten und orangen Mondsteinen<br \/><\/strong><\/p>\n<p><strong>Material:\u00a0<\/strong>750 Yellow Gold<\/p>\n<p><strong>Stones:<\/strong><strong data-mce-fragment=\"1\">\u00a0<\/strong>2 Brillanten = 0,22 ct tw vsi \u00d8 3,0 mm und orange Mondstein Cabochons 12 x 10 mm<\/p>\n<p><strong>Unser Vario Ohrschmuck aus 750 Gelb- oder Wei\u00dfgold bietet vielseitige Kombinationsm\u00f6glichkeiten. Die Oberteile k\u00f6nnen separat getragen werden und lassen sich mit einer Vielzahl von Einh\u00e4ngern erg\u00e4nzen.\u00a0<\/strong><br \/><strong>Bezaubernd, anmutig und vielseitig, eine Bereicherung f\u00fcr jeden Anlass.\u00a0<\/strong><br \/><strong>Das Auswechseln der Einh\u00e4nger ist einfach und sicher.\u00a0<\/strong><br \/><strong>Die Oberteile sind als Clip oder Stecker erh\u00e4ltlich.<\/strong><\/p>\n<p><strong>Diese Variante kombiniert zeilose Oberteile, bestehend aus grauen Mondstein Cabochons mit zarten orangen Mondsteinen und Brillanten.\u00a0<br \/><\/strong><\/p>\n<div><\/div>","protected":false},"excerpt":{"rendered":"<p>Vario Ohrschmuck Set aus Ohrsteckern und Einh\u00e4ngern: Oberteile: Ohrstecker \u201eVario\u201c runde Mondstein Cabochons gro\u00df Material: 750 Gelbgold Ma\u00dfe: \u00d8 13,0 mm Einh\u00e4nger mit Brillanten und orangen Mondsteinen Material:\u00a0750 Gelbgold Steine:\u00a02 Brillanten = 0,22 ct tw vsi \u00d8 3,0 mm und orange Mondstein Cabochons 12 x 10 mm Unser Vario Ohrschmuck aus 750 Gelb- oder Wei\u00dfgold [&hellip;]<\/p>","protected":false},"featured_media":9516,"comment_status":"open","ping_status":"closed","template":"","meta":{"_acf_changed":false,"_et_pb_use_builder":"","_et_pb_old_content":"","_et_gb_content_width":"","inline_featured_image":false},"product_brand":[332],"product_cat":[331],"product_tag":[],"class_list":{"0":"post-8345","1":"product","2":"type-product","3":"status-publish","4":"has-post-thumbnail","6":"product_brand-leinfelder","7":"product_cat-ohrschmuck","9":"first","10":"outofstock","11":"shipping-taxable","12":"purchasable","13":"product-type-simple"},"acf":[],"_links":{"self":[{"href":"https:\/\/leinfelder-juweler.com\/en\/wp-json\/wp\/v2\/product\/8345","targetHints":{"allow":["GET"]}}],"collection":[{"href":"https:\/\/leinfelder-juweler.com\/en\/wp-json\/wp\/v2\/product"}],"about":[{"href":"https:\/\/leinfelder-juweler.com\/en\/wp-json\/wp\/v2\/types\/product"}],"replies":[{"embeddable":true,"href":"https:\/\/leinfelder-juweler.com\/en\/wp-json\/wp\/v2\/comments?post=8345"}],"wp:featuredmedia":[{"embeddable":true,"href":"https:\/\/leinfelder-juweler.com\/en\/wp-json\/wp\/v2\/media\/9516"}],"wp:attachment":[{"href":"https:\/\/leinfelder-juweler.com\/en\/wp-json\/wp\/v2\/media?parent=8345"}],"wp:term":[{"taxonomy":"product_brand","embeddable":true,"href":"https:\/\/leinfelder-juweler.com\/en\/wp-json\/wp\/v2\/product_brand?post=8345"},{"taxonomy":"product_cat","embeddable":true,"href":"https:\/\/leinfelder-juweler.com\/en\/wp-json\/wp\/v2\/product_cat?post=8345"},{"taxonomy":"product_tag","embeddable":true,"href":"https:\/\/leinfelder-juweler.com\/en\/wp-json\/wp\/v2\/product_tag?post=8345"}],"curies":[{"name":"wp","href":"https:\/\/api.w.org\/{rel}","templated":true}]}}