{"id":8350,"date":"2025-11-20T18:00:38","date_gmt":"2025-11-20T15:00:38","guid":{"rendered":"https:\/\/leinfelder-juweler.com\/?post_type=product&#038;p=8350"},"modified":"2025-11-20T19:14:22","modified_gmt":"2025-11-20T16:14:22","slug":"vario-ohrschmuck-einhaenger-9","status":"publish","type":"product","link":"https:\/\/leinfelder-juweler.com\/en\/product\/vario-ohrschmuck-einhaenger-9\/","title":{"rendered":"Vario Ohrschmuck Einh\u00e4nger"},"content":{"rendered":"<p><strong>Vario Ohrschmuck <\/strong><strong>Einh\u00e4nger klein:<\/strong><\/p>\n<p><strong>Material:\u00a0<\/strong>750 Yellow Gold<\/p>\n<p><strong>Stones:\u00a0<\/strong>2 Brillanten \u00d8 3 mm 0,22 ct tw vs und orange Mondstein<span data-mce-fragment=\"1\"> Cabochons 12 x 10<\/span> mm<\/p>\n<p><strong>Mit diesen Einh\u00e4ngern aus zarten orangen Mondsteinen und funkelnden Brillanten umrahmt von warmem Gelbgold, lassen sich unsere vielf\u00e4ltigen Oberteile der Vario-Kollektion perfekt kombinieren.<br \/><\/strong><\/p>","protected":false},"excerpt":{"rendered":"<p>Vario Ohrschmuck Einh\u00e4nger klein: Material:\u00a0750 Gelbgold Steine:\u00a02 Brillanten \u00d8 3 mm 0,22 ct tw vs und orange Mondstein Cabochons 12 x 10 mm Mit diesen Einh\u00e4ngern aus zarten orangen Mondsteinen und funkelnden Brillanten umrahmt von warmem Gelbgold, lassen sich unsere vielf\u00e4ltigen Oberteile der Vario-Kollektion perfekt kombinieren.<\/p>","protected":false},"featured_media":9521,"comment_status":"open","ping_status":"closed","template":"","meta":{"_acf_changed":false,"_et_pb_use_builder":"","_et_pb_old_content":"","_et_gb_content_width":"","inline_featured_image":false},"product_brand":[332],"product_cat":[331],"product_tag":[],"class_list":{"0":"post-8350","1":"product","2":"type-product","3":"status-publish","4":"has-post-thumbnail","6":"product_brand-leinfelder","7":"product_cat-ohrschmuck","9":"first","10":"outofstock","11":"shipping-taxable","12":"purchasable","13":"product-type-simple"},"acf":[],"_links":{"self":[{"href":"https:\/\/leinfelder-juweler.com\/en\/wp-json\/wp\/v2\/product\/8350","targetHints":{"allow":["GET"]}}],"collection":[{"href":"https:\/\/leinfelder-juweler.com\/en\/wp-json\/wp\/v2\/product"}],"about":[{"href":"https:\/\/leinfelder-juweler.com\/en\/wp-json\/wp\/v2\/types\/product"}],"replies":[{"embeddable":true,"href":"https:\/\/leinfelder-juweler.com\/en\/wp-json\/wp\/v2\/comments?post=8350"}],"wp:featuredmedia":[{"embeddable":true,"href":"https:\/\/leinfelder-juweler.com\/en\/wp-json\/wp\/v2\/media\/9521"}],"wp:attachment":[{"href":"https:\/\/leinfelder-juweler.com\/en\/wp-json\/wp\/v2\/media?parent=8350"}],"wp:term":[{"taxonomy":"product_brand","embeddable":true,"href":"https:\/\/leinfelder-juweler.com\/en\/wp-json\/wp\/v2\/product_brand?post=8350"},{"taxonomy":"product_cat","embeddable":true,"href":"https:\/\/leinfelder-juweler.com\/en\/wp-json\/wp\/v2\/product_cat?post=8350"},{"taxonomy":"product_tag","embeddable":true,"href":"https:\/\/leinfelder-juweler.com\/en\/wp-json\/wp\/v2\/product_tag?post=8350"}],"curies":[{"name":"wp","href":"https:\/\/api.w.org\/{rel}","templated":true}]}}