{"id":8352,"date":"2025-11-20T18:00:53","date_gmt":"2025-11-20T15:00:53","guid":{"rendered":"https:\/\/leinfelder-juweler.com\/?post_type=product&#038;p=8352"},"modified":"2025-11-20T19:14:31","modified_gmt":"2025-11-20T16:14:31","slug":"vario-ohrschmuck-set-14","status":"publish","type":"product","link":"https:\/\/leinfelder-juweler.com\/en\/product\/vario-ohrschmuck-set-14\/","title":{"rendered":"Vario Ohrschmuck Set"},"content":{"rendered":"<p><strong>Vario Ohrschmuck Set<\/strong><\/p>\n<p><strong>Oberteile:\u00a0<\/strong>Runde\u00a0Ohrstecker<strong><br \/><\/strong><\/p>\n<p><strong>Material: <\/strong>750 Yellow Gold<\/p>\n<p><strong>Ma\u00dfe:<\/strong> \u00d8 15,8 mm konvex<\/p>\n<p><strong>Einh\u00e4nger gro\u00df:<\/strong><\/p>\n<p><strong>Material:\u00a0<\/strong>750 Yellow Gold<\/p>\n<p><strong>Stones:\u00a0<\/strong>2 Brillanten = 0,50 ct tw vsi<span>\u00a0<\/span>\u00d8 4,0 mm und Rubellit Cabochons 16,5 x 12,5 mm<\/p>\n<p style=\"margin: 0cm; margin-bottom: .0001pt;\"><b style=\"mso-bidi-font-weight: normal;\"><span style=\"font-size: 11.0pt; font-family: 'Calibri',sans-serif; mso-ascii-theme-font: minor-latin; mso-hansi-theme-font: minor-latin; mso-bidi-theme-font: minor-latin;\">Unser Vario Ohrschmuck aus 750 Gelb- oder Wei\u00dfgold bietet vielseitige Kombinationsm\u00f6glichkeiten. Die Oberteile k\u00f6nnen separat getragen werden und lassen sich mit einer Vielzahl von Einh\u00e4ngern erg\u00e4nzen. <\/span><\/b><\/p>\n<p style=\"margin: 0cm; margin-bottom: .0001pt;\"><b style=\"mso-bidi-font-weight: normal;\"><span style=\"font-size: 11.0pt; font-family: 'Calibri',sans-serif; mso-ascii-theme-font: minor-latin; mso-hansi-theme-font: minor-latin; mso-bidi-theme-font: minor-latin;\">Bezaubernd, anmutig und vielseitig, eine Bereicherung f\u00fcr jeden Anlass. <\/span><\/b><\/p>\n<p style=\"margin: 0cm; margin-bottom: .0001pt;\"><b style=\"mso-bidi-font-weight: normal;\"><span style=\"font-size: 11.0pt; font-family: 'Calibri',sans-serif; mso-ascii-theme-font: minor-latin; mso-hansi-theme-font: minor-latin; mso-bidi-theme-font: minor-latin;\">Das Auswechseln der Einh\u00e4nger ist einfach und sicher. <\/span><\/b><\/p>\n<p style=\"margin: 0cm; margin-bottom: .0001pt;\"><b style=\"mso-bidi-font-weight: normal;\"><span style=\"font-size: 11.0pt; font-family: 'Calibri',sans-serif; mso-ascii-theme-font: minor-latin; mso-hansi-theme-font: minor-latin; mso-bidi-theme-font: minor-latin;\">Die Oberteile sind als Clip oder Stecker erh\u00e4ltlich.<\/span><\/b><\/p>\n<p style=\"margin: 0cm; margin-bottom: .0001pt;\">\u00a0<\/p>\n<div><strong>Der Ohrschmuck aus 750 Gelbgold mit Brillant und Rubellit-Cabochons vereint Eleganz und Farbe in perfekter Harmonie.\u00a0<br \/><\/strong><\/div>","protected":false},"excerpt":{"rendered":"<p>Vario Ohrschmuck Set Oberteile:\u00a0Runde\u00a0Ohrstecker Material: 750 Gelbgold Ma\u00dfe: \u00d8 15,8 mm konvex Einh\u00e4nger gro\u00df: Material:\u00a0750 Gelbgold Steine:\u00a02 Brillanten = 0,50 ct tw vsi\u00a0\u00d8 4,0 mm und Rubellit Cabochons 16,5 x 12,5 mm Unser Vario Ohrschmuck aus 750 Gelb- oder Wei\u00dfgold bietet vielseitige Kombinationsm\u00f6glichkeiten. Die Oberteile k\u00f6nnen separat getragen werden und lassen sich mit einer Vielzahl [&hellip;]<\/p>","protected":false},"featured_media":9523,"comment_status":"open","ping_status":"closed","template":"","meta":{"_acf_changed":false,"_et_pb_use_builder":"","_et_pb_old_content":"","_et_gb_content_width":"","inline_featured_image":false},"product_brand":[332],"product_cat":[331],"product_tag":[],"class_list":{"0":"post-8352","1":"product","2":"type-product","3":"status-publish","4":"has-post-thumbnail","6":"product_brand-leinfelder","7":"product_cat-ohrschmuck","9":"first","10":"instock","11":"shipping-taxable","12":"purchasable","13":"product-type-simple"},"acf":[],"_links":{"self":[{"href":"https:\/\/leinfelder-juweler.com\/en\/wp-json\/wp\/v2\/product\/8352","targetHints":{"allow":["GET"]}}],"collection":[{"href":"https:\/\/leinfelder-juweler.com\/en\/wp-json\/wp\/v2\/product"}],"about":[{"href":"https:\/\/leinfelder-juweler.com\/en\/wp-json\/wp\/v2\/types\/product"}],"replies":[{"embeddable":true,"href":"https:\/\/leinfelder-juweler.com\/en\/wp-json\/wp\/v2\/comments?post=8352"}],"wp:featuredmedia":[{"embeddable":true,"href":"https:\/\/leinfelder-juweler.com\/en\/wp-json\/wp\/v2\/media\/9523"}],"wp:attachment":[{"href":"https:\/\/leinfelder-juweler.com\/en\/wp-json\/wp\/v2\/media?parent=8352"}],"wp:term":[{"taxonomy":"product_brand","embeddable":true,"href":"https:\/\/leinfelder-juweler.com\/en\/wp-json\/wp\/v2\/product_brand?post=8352"},{"taxonomy":"product_cat","embeddable":true,"href":"https:\/\/leinfelder-juweler.com\/en\/wp-json\/wp\/v2\/product_cat?post=8352"},{"taxonomy":"product_tag","embeddable":true,"href":"https:\/\/leinfelder-juweler.com\/en\/wp-json\/wp\/v2\/product_tag?post=8352"}],"curies":[{"name":"wp","href":"https:\/\/api.w.org\/{rel}","templated":true}]}}