{"id":8353,"date":"2025-11-20T18:00:54","date_gmt":"2025-11-20T15:00:54","guid":{"rendered":"https:\/\/leinfelder-juweler.com\/?post_type=product&#038;p=8353"},"modified":"2025-11-20T19:14:33","modified_gmt":"2025-11-20T16:14:33","slug":"vario-ohrschmuck-set-15","status":"publish","type":"product","link":"https:\/\/leinfelder-juweler.com\/en\/product\/vario-ohrschmuck-set-15\/","title":{"rendered":"Vario Ohrschmuck Set"},"content":{"rendered":"<p><strong>Vario Ohrschmuck Set aus Ohrsteckern und Einh\u00e4ngern: <\/strong><\/p>\n<p><strong>Oberteile:\u00a0<\/strong>Ohrstecker \u201eVario\u201c pur, gro\u00df<\/p>\n<p><strong>Material: <\/strong>750 Yellow Gold<\/p>\n<p><strong>Ma\u00dfe: <\/strong><span data-mce-fragment=\"1\" lang=\"EN-US\">\u00d8 15,8 mm rund konvex<br \/><\/span><\/p>\n<p><strong>Einh\u00e4nger:\u00a0<\/strong>Einh\u00e4nger mit\u00a0Brillanten und Ebenholz<\/p>\n<p><strong>Material:\u00a0<\/strong>750 Yellow Gold<\/p>\n<p><strong>Stones:\u00a0<\/strong>2 Brillanten 0,57 ct tw vs \u00d8 4 mm\u00a084 Brillanten 0,63 ct tw vs \u00d8 1,2 mm<\/p>\n<p><strong>Elemente:<\/strong> Ebenholz\u00a0 25 x 12,5 mm<span>\u00a0 <\/span><\/p>\n<p><strong>Unser Vario Ohrschmuck ist in 750 Gelb- oder Wei\u00dfgold gefertigt und besteht aus verschiedenen Oberteilen, die auch separat getragen werden k\u00f6nnen.<\/strong><\/p>\n<p style=\"margin-bottom: .0001pt;\" class=\"MsoNormal\"><strong>Erg\u00e4nzend dazu gibt es eine Vielfalt an Einh\u00e4ngern zu kombinieren.<\/strong><\/p>\n<p style=\"margin-bottom: .0001pt;\" class=\"MsoNormal\"><strong><span style=\"mso-bidi-font-family: Calibri; mso-bidi-theme-font: minor-latin; mso-fareast-language: DE; mso-no-proof: yes;\">Bezaubernd, anmutig und vielseitig, eine Bereicherung zu jedem Anlass. <\/span>Das Auswechseln der Einh\u00e4nger ist einfach und sicher in der Handhabung.<span style=\"mso-bidi-font-family: Calibri; mso-bidi-theme-font: minor-latin; mso-fareast-language: DE; mso-no-proof: yes;\"><\/span><\/strong><\/p>\n<p style=\"margin-bottom: .0001pt;\" class=\"MsoNormal\"><strong>Die Oberteile sind wahlweise mit Clipmechanik oder als Stecker erh\u00e4ltlich.<\/strong><\/p>\n<p><span><br \/><\/span><\/p>\n<p><strong>Die schlichten, pur goldenen Oberteile sind eine imposante Erg\u00e4nzung zu den \u00fcppigen Einh\u00e4ngern. Die Brillanten im Mittelteil gl\u00e4nzen als \u00dcbergang zu den eher schlichten Ebenholztropfen, die von einem zarten Band aus Brillanten umrahmt sind.<\/strong><\/p>","protected":false},"excerpt":{"rendered":"<p>Vario Ohrschmuck Set aus Ohrsteckern und Einh\u00e4ngern: Oberteile:\u00a0Ohrstecker \u201eVario\u201c pur, gro\u00df Material: 750 Gelbgold Ma\u00dfe: \u00d8 15,8 mm rund konvex Einh\u00e4nger:\u00a0Einh\u00e4nger mit\u00a0Brillanten und Ebenholz Material:\u00a0750 Gelbgold Steine:\u00a02 Brillanten 0,57 ct tw vs \u00d8 4 mm\u00a084 Brillanten 0,63 ct tw vs \u00d8 1,2 mm Elemente: Ebenholz\u00a0 25 x 12,5 mm\u00a0 Unser Vario Ohrschmuck ist in 750 [&hellip;]<\/p>","protected":false},"featured_media":9524,"comment_status":"open","ping_status":"closed","template":"","meta":{"_acf_changed":false,"_et_pb_use_builder":"","_et_pb_old_content":"","_et_gb_content_width":"","inline_featured_image":false},"product_brand":[332],"product_cat":[331],"product_tag":[302,370],"class_list":{"0":"post-8353","1":"product","2":"type-product","3":"status-publish","4":"has-post-thumbnail","6":"product_brand-leinfelder","7":"product_cat-ohrschmuck","8":"product_tag-ebenholz","9":"product_tag-pur","11":"first","12":"instock","13":"shipping-taxable","14":"purchasable","15":"product-type-simple"},"acf":[],"_links":{"self":[{"href":"https:\/\/leinfelder-juweler.com\/en\/wp-json\/wp\/v2\/product\/8353","targetHints":{"allow":["GET"]}}],"collection":[{"href":"https:\/\/leinfelder-juweler.com\/en\/wp-json\/wp\/v2\/product"}],"about":[{"href":"https:\/\/leinfelder-juweler.com\/en\/wp-json\/wp\/v2\/types\/product"}],"replies":[{"embeddable":true,"href":"https:\/\/leinfelder-juweler.com\/en\/wp-json\/wp\/v2\/comments?post=8353"}],"wp:featuredmedia":[{"embeddable":true,"href":"https:\/\/leinfelder-juweler.com\/en\/wp-json\/wp\/v2\/media\/9524"}],"wp:attachment":[{"href":"https:\/\/leinfelder-juweler.com\/en\/wp-json\/wp\/v2\/media?parent=8353"}],"wp:term":[{"taxonomy":"product_brand","embeddable":true,"href":"https:\/\/leinfelder-juweler.com\/en\/wp-json\/wp\/v2\/product_brand?post=8353"},{"taxonomy":"product_cat","embeddable":true,"href":"https:\/\/leinfelder-juweler.com\/en\/wp-json\/wp\/v2\/product_cat?post=8353"},{"taxonomy":"product_tag","embeddable":true,"href":"https:\/\/leinfelder-juweler.com\/en\/wp-json\/wp\/v2\/product_tag?post=8353"}],"curies":[{"name":"wp","href":"https:\/\/api.w.org\/{rel}","templated":true}]}}