{"id":8365,"date":"2025-11-20T18:00:58","date_gmt":"2025-11-20T15:00:58","guid":{"rendered":"https:\/\/leinfelder-juweler.com\/?post_type=product&#038;p=8365"},"modified":"2025-11-20T19:15:03","modified_gmt":"2025-11-20T16:15:03","slug":"vario-ohrschmuck-set-20","status":"publish","type":"product","link":"https:\/\/leinfelder-juweler.com\/en\/product\/vario-ohrschmuck-set-20\/","title":{"rendered":"Vario Ohrschmuck Set"},"content":{"rendered":"<p data-mce-fragment=\"1\"><strong data-mce-fragment=\"1\">Vario Ohrschmuck Set aus Ohrb\u00fcgeln und Einh\u00e4ngern: <\/strong><\/p>\n<p data-mce-fragment=\"1\"><strong data-mce-fragment=\"1\">Oberteile:\u00a0Ohrb\u00fcgel<\/strong><\/p>\n<p><strong>Material: <\/strong>750 Yellow Gold<\/p>\n<p><strong>Einh\u00e4nger: <br \/><\/strong><\/p>\n<p><strong>Material:\u00a0<\/strong>750 Yellow Gold<\/p>\n<p><strong>Stones: <\/strong>2 Saphir Cabochons 0,79 ct \u00d8 4,0 mm rund und wei\u00dfe Mondstein Cabochons12 x 10 mm<\/p>\n<div data-mce-fragment=\"1\"><strong>Unser Vario Ohrschmuck aus 750 Gelb- oder Wei\u00dfgold bietet vielseitige Kombinationsm\u00f6glichkeiten. Die Oberteile k\u00f6nnen separat getragen werden und lassen sich mit einer Vielzahl von Einh\u00e4ngern erg\u00e4nzen.\u00a0<br \/>Bezaubernd, anmutig und vielseitig, eine Bereicherung f\u00fcr jeden Anlass.\u00a0<br \/>Das Auswechseln der Einh\u00e4nger ist einfach und sicher.\u00a0<br \/>Die Oberteile sind als Clip oder Stecker erh\u00e4ltlich oder auch, wie bei dieser Kombination, als geschwungene Ohrhaken.<br \/><\/strong><\/div>\n<div data-mce-fragment=\"1\">\n<strong><\/strong>\n<\/div>\n<div><strong>Die wei\u00dfen Mondstein Cabochons mit den royalblauen Saphiren sind ein echter Blickfang.<br \/><\/strong><\/div>\n<p><\/p>","protected":false},"excerpt":{"rendered":"<p>Vario Ohrschmuck Set aus Ohrb\u00fcgeln und Einh\u00e4ngern: Oberteile:\u00a0Ohrb\u00fcgel Material: 750 Gelbgold Einh\u00e4nger: Material:\u00a0750 Gelbgold Steine: 2 Saphir Cabochons 0,79 ct \u00d8 4,0 mm rund und wei\u00dfe Mondstein Cabochons12 x 10 mm Unser Vario Ohrschmuck aus 750 Gelb- oder Wei\u00dfgold bietet vielseitige Kombinationsm\u00f6glichkeiten. Die Oberteile k\u00f6nnen separat getragen werden und lassen sich mit einer Vielzahl von [&hellip;]<\/p>","protected":false},"featured_media":9536,"comment_status":"open","ping_status":"closed","template":"","meta":{"_acf_changed":false,"_et_pb_use_builder":"","_et_pb_old_content":"","_et_gb_content_width":"","inline_featured_image":false},"product_brand":[332],"product_cat":[331],"product_tag":[],"class_list":{"0":"post-8365","1":"product","2":"type-product","3":"status-publish","4":"has-post-thumbnail","6":"product_brand-leinfelder","7":"product_cat-ohrschmuck","9":"first","10":"instock","11":"shipping-taxable","12":"purchasable","13":"product-type-simple"},"acf":[],"_links":{"self":[{"href":"https:\/\/leinfelder-juweler.com\/en\/wp-json\/wp\/v2\/product\/8365","targetHints":{"allow":["GET"]}}],"collection":[{"href":"https:\/\/leinfelder-juweler.com\/en\/wp-json\/wp\/v2\/product"}],"about":[{"href":"https:\/\/leinfelder-juweler.com\/en\/wp-json\/wp\/v2\/types\/product"}],"replies":[{"embeddable":true,"href":"https:\/\/leinfelder-juweler.com\/en\/wp-json\/wp\/v2\/comments?post=8365"}],"wp:featuredmedia":[{"embeddable":true,"href":"https:\/\/leinfelder-juweler.com\/en\/wp-json\/wp\/v2\/media\/9536"}],"wp:attachment":[{"href":"https:\/\/leinfelder-juweler.com\/en\/wp-json\/wp\/v2\/media?parent=8365"}],"wp:term":[{"taxonomy":"product_brand","embeddable":true,"href":"https:\/\/leinfelder-juweler.com\/en\/wp-json\/wp\/v2\/product_brand?post=8365"},{"taxonomy":"product_cat","embeddable":true,"href":"https:\/\/leinfelder-juweler.com\/en\/wp-json\/wp\/v2\/product_cat?post=8365"},{"taxonomy":"product_tag","embeddable":true,"href":"https:\/\/leinfelder-juweler.com\/en\/wp-json\/wp\/v2\/product_tag?post=8365"}],"curies":[{"name":"wp","href":"https:\/\/api.w.org\/{rel}","templated":true}]}}