{"id":8366,"date":"2025-11-20T18:00:58","date_gmt":"2025-11-20T15:00:58","guid":{"rendered":"https:\/\/leinfelder-juweler.com\/?post_type=product&#038;p=8366"},"modified":"2025-11-20T19:15:05","modified_gmt":"2025-11-20T16:15:05","slug":"vario-ohrschmuck-set-21","status":"publish","type":"product","link":"https:\/\/leinfelder-juweler.com\/en\/product\/vario-ohrschmuck-set-21\/","title":{"rendered":"Vario Ohrschmuck Set"},"content":{"rendered":"<p><strong>Vario Ohrschmuck Set aus Ohrsteckern und Einh\u00e4ngern: <\/strong><\/p>\n<p><strong>Oberteile: Ohrstecker <span data-mce-fragment=\"1\">\u201e<\/span><span data-mce-fragment=\"1\"><\/span><span data-mce-fragment=\"1\">Vario\u201c<\/span><span data-mce-fragment=\"1\"><\/span> Kissen-3-Ecke<\/strong><\/p>\n<p><strong>Material: <\/strong>750 Yellow Gold<\/p>\n<p><strong>Ma\u00dfe: <\/strong>11,7 mm<\/p>\n<p><strong>Einh\u00e4nger: kleine Einh\u00e4nger mit Saphir Cabochons und wei\u00dfen Mondsteinen<br \/><\/strong><\/p>\n<p><strong>Material:\u00a0<\/strong>750 Yellow Gold<\/p>\n<p><strong>Stones:\u00a0<\/strong>2 Saphir Cabochons \u00d8 4 mm rund und wei\u00dfe Mondstein Cabochons 12 x 10 mm<\/p>\n<div><strong>Unser Vario Ohrschmuck aus 750 Gelb- oder Wei\u00dfgold bietet vielseitige Kombinationsm\u00f6glichkeiten. Die Oberteile k\u00f6nnen separat getragen werden und lassen sich mit einer Vielzahl von Einh\u00e4ngern erg\u00e4nzen.\u00a0<br \/>Bezaubernd, anmutig und vielseitig, eine Bereicherung f\u00fcr jeden Anlass.\u00a0<br \/>Das Auswechseln der Einh\u00e4nger ist einfach und sicher.\u00a0<br \/>Die Oberteile sind als Clip oder Stecker erh\u00e4ltlich.<br \/><\/strong><\/div>\n<div><strong>Die schlichten Oberteile in ihrer dreieckigen Form setzen die Einh\u00e4nger mit den wei\u00dfen Mondstein Cabochons und den royalblauen Saphiren in den Mittelpunkt.<br \/><\/strong><\/div>","protected":false},"excerpt":{"rendered":"<p>Vario Ohrschmuck Set aus Ohrsteckern und Einh\u00e4ngern: Oberteile: Ohrstecker \u201eVario\u201c Kissen-3-Ecke Material: 750 Gelbgold Ma\u00dfe: 11,7 mm Einh\u00e4nger: kleine Einh\u00e4nger mit Saphir Cabochons und wei\u00dfen Mondsteinen Material:\u00a0750 Gelbgold Steine:\u00a02 Saphir Cabochons \u00d8 4 mm rund und wei\u00dfe Mondstein Cabochons 12 x 10 mm Unser Vario Ohrschmuck aus 750 Gelb- oder Wei\u00dfgold bietet vielseitige Kombinationsm\u00f6glichkeiten. Die [&hellip;]<\/p>","protected":false},"featured_media":9537,"comment_status":"open","ping_status":"closed","template":"","meta":{"_acf_changed":false,"_et_pb_use_builder":"","_et_pb_old_content":"","_et_gb_content_width":"","inline_featured_image":false},"product_brand":[332],"product_cat":[331],"product_tag":[364],"class_list":{"0":"post-8366","1":"product","2":"type-product","3":"status-publish","4":"has-post-thumbnail","6":"product_brand-leinfelder","7":"product_cat-ohrschmuck","8":"product_tag-kissen","10":"first","11":"instock","12":"shipping-taxable","13":"purchasable","14":"product-type-simple"},"acf":[],"_links":{"self":[{"href":"https:\/\/leinfelder-juweler.com\/en\/wp-json\/wp\/v2\/product\/8366","targetHints":{"allow":["GET"]}}],"collection":[{"href":"https:\/\/leinfelder-juweler.com\/en\/wp-json\/wp\/v2\/product"}],"about":[{"href":"https:\/\/leinfelder-juweler.com\/en\/wp-json\/wp\/v2\/types\/product"}],"replies":[{"embeddable":true,"href":"https:\/\/leinfelder-juweler.com\/en\/wp-json\/wp\/v2\/comments?post=8366"}],"wp:featuredmedia":[{"embeddable":true,"href":"https:\/\/leinfelder-juweler.com\/en\/wp-json\/wp\/v2\/media\/9537"}],"wp:attachment":[{"href":"https:\/\/leinfelder-juweler.com\/en\/wp-json\/wp\/v2\/media?parent=8366"}],"wp:term":[{"taxonomy":"product_brand","embeddable":true,"href":"https:\/\/leinfelder-juweler.com\/en\/wp-json\/wp\/v2\/product_brand?post=8366"},{"taxonomy":"product_cat","embeddable":true,"href":"https:\/\/leinfelder-juweler.com\/en\/wp-json\/wp\/v2\/product_cat?post=8366"},{"taxonomy":"product_tag","embeddable":true,"href":"https:\/\/leinfelder-juweler.com\/en\/wp-json\/wp\/v2\/product_tag?post=8366"}],"curies":[{"name":"wp","href":"https:\/\/api.w.org\/{rel}","templated":true}]}}