{"id":8386,"date":"2025-11-20T18:01:20","date_gmt":"2025-11-20T15:01:20","guid":{"rendered":"https:\/\/leinfelder-juweler.com\/?post_type=product&#038;p=8386"},"modified":"2025-11-20T19:15:57","modified_gmt":"2025-11-20T16:15:57","slug":"klappcreolen-mit-saphiren-750-gelbgold","status":"publish","type":"product","link":"https:\/\/leinfelder-juweler.com\/en\/product\/klappcreolen-mit-saphiren-750-gelbgold\/","title":{"rendered":"Klappcreolen mit Saphiren 750 Gelbgold"},"content":{"rendered":"<p><strong>Ohrschmuck Klappcreolen mit Saphiren 750 Gelbgold<br \/><\/strong><\/p>\n<p><strong>Material: <\/strong>750 Yellow Gold<\/p>\n<p><strong>Stones:<\/strong> 4 gelbe Saphire, \u00a04 lila Saphire, 4 pink Saphire und 2 orange Saphire \u00d8 2,7 bis 4,0 mm versetzt gefasst<\/p>\n<p><strong>Ma\u00dfe: <\/strong>Au\u00dfendurchmesser \u00d8 22 mm<\/p>\n<div><strong><b style=\"mso-bidi-font-weight: normal;\"><span style=\"font-size: 11.0pt; line-height: 115%; font-family: 'Calibri',sans-serif; mso-ascii-theme-font: minor-latin; mso-fareast-font-family: Calibri; mso-fareast-theme-font: minor-latin; mso-hansi-theme-font: minor-latin; mso-bidi-font-family: 'Times New Roman'; mso-bidi-theme-font: minor-bidi; mso-ansi-language: DE; mso-fareast-language: EN-US; mso-bidi-language: AR-SA;\">Unsere Schmuck-Linie &#8218;Klassik&#8216; besticht durch zeitlose Harmonie und feine Details. Die Kollektion umfasst Ohrschmuck, Ringe, Anh\u00e4nger und Armb\u00e4nder aus 750 Gelb-, Ros\u00e9- und Wei\u00dfgold, veredelt mit hochwertigen, farbigen Edelsteinen im Cabochon- und Facettenschliff. <\/span><\/b><\/strong><\/div>\n<div>\n<p class=\"MsoNormal\" style=\"margin-bottom: .0001pt;\"><strong><span style=\"font-family: 'Calibri',sans-serif; mso-ascii-theme-font: minor-latin; mso-hansi-theme-font: minor-latin; mso-bidi-font-family: 'Times New Roman'; mso-bidi-theme-font: minor-bidi;\">Bei diesen au\u00dfergew\u00f6hnlichen Ohrringen tanzen die farbenfrohen Saphire f\u00f6rmlich aus der Reihe.\u00a0<\/span><\/strong><\/p>\n<\/div>\n<div>\n<strong><\/strong>\n<\/div>\n<p><strong>\u00a0<\/strong><\/p>","protected":false},"excerpt":{"rendered":"<p>Ohrschmuck Klappcreolen mit Saphiren 750 Gelbgold Material: 750 Gelbgold Steine: 4 gelbe Saphire, \u00a04 lila Saphire, 4 pink Saphire und 2 orange Saphire \u00d8 2,7 bis 4,0 mm versetzt gefasst Ma\u00dfe: Au\u00dfendurchmesser \u00d8 22 mm Unsere Schmuck-Linie &#8218;Klassik&#8216; besticht durch zeitlose Harmonie und feine Details. Die Kollektion umfasst Ohrschmuck, Ringe, Anh\u00e4nger und Armb\u00e4nder aus 750 [&hellip;]<\/p>","protected":false},"featured_media":9557,"comment_status":"open","ping_status":"closed","template":"","meta":{"_acf_changed":false,"_et_pb_use_builder":"","_et_pb_old_content":"","_et_gb_content_width":"","inline_featured_image":false},"product_brand":[332],"product_cat":[331],"product_tag":[],"class_list":{"0":"post-8386","1":"product","2":"type-product","3":"status-publish","4":"has-post-thumbnail","6":"product_brand-leinfelder","7":"product_cat-ohrschmuck","9":"first","10":"outofstock","11":"shipping-taxable","12":"purchasable","13":"product-type-simple"},"acf":[],"_links":{"self":[{"href":"https:\/\/leinfelder-juweler.com\/en\/wp-json\/wp\/v2\/product\/8386","targetHints":{"allow":["GET"]}}],"collection":[{"href":"https:\/\/leinfelder-juweler.com\/en\/wp-json\/wp\/v2\/product"}],"about":[{"href":"https:\/\/leinfelder-juweler.com\/en\/wp-json\/wp\/v2\/types\/product"}],"replies":[{"embeddable":true,"href":"https:\/\/leinfelder-juweler.com\/en\/wp-json\/wp\/v2\/comments?post=8386"}],"wp:featuredmedia":[{"embeddable":true,"href":"https:\/\/leinfelder-juweler.com\/en\/wp-json\/wp\/v2\/media\/9557"}],"wp:attachment":[{"href":"https:\/\/leinfelder-juweler.com\/en\/wp-json\/wp\/v2\/media?parent=8386"}],"wp:term":[{"taxonomy":"product_brand","embeddable":true,"href":"https:\/\/leinfelder-juweler.com\/en\/wp-json\/wp\/v2\/product_brand?post=8386"},{"taxonomy":"product_cat","embeddable":true,"href":"https:\/\/leinfelder-juweler.com\/en\/wp-json\/wp\/v2\/product_cat?post=8386"},{"taxonomy":"product_tag","embeddable":true,"href":"https:\/\/leinfelder-juweler.com\/en\/wp-json\/wp\/v2\/product_tag?post=8386"}],"curies":[{"name":"wp","href":"https:\/\/api.w.org\/{rel}","templated":true}]}}