{"id":8388,"date":"2025-11-20T18:01:21","date_gmt":"2025-11-20T15:01:21","guid":{"rendered":"https:\/\/leinfelder-juweler.com\/?post_type=product&#038;p=8388"},"modified":"2025-11-20T19:16:03","modified_gmt":"2025-11-20T16:16:03","slug":"vario-ohrschmuck-set-28","status":"publish","type":"product","link":"https:\/\/leinfelder-juweler.com\/en\/product\/vario-ohrschmuck-set-28\/","title":{"rendered":"Vario Ohrschmuck Set"},"content":{"rendered":"<p><strong>Vario Ohrschmuck Set aus Ohrsteckern und Einh\u00e4ngern: <\/strong><\/p>\n<p><strong>Oberteile:\u00a0<\/strong>Ohrstecker \u201eVario\u201c<span>\u00a0rund<\/span><\/p>\n<p><strong>Material: <\/strong>750 Yellow Gold<\/p>\n<p><strong>Ma\u00dfe: <\/strong><span lang=\"EN-US\" data-mce-fragment=\"1\">\u00d8 9,75 mm rund, konvex<\/span><\/p>\n<p><strong>Einh\u00e4nger: Einh\u00e4nger mit Rubelliten, pink Saphiren und hellgrauen Mondstein Pampeln<\/strong><\/p>\n<p><strong>Material:\u00a0<\/strong>750 Yellow Gold<\/p>\n<p><strong>Stones: <\/strong>2 Rubellite 0,52 ct \u00d8 4 mm rund facettiert mit 8 pink Saphir Cabochons\u00a0 \u00d8 1,5 mm und hellgrauen Mondstein Pampeln 18,22 ct 21 x 8 mm<span>\u00a0\u00a0\u00a0\u00a0\u00a0\u00a0\u00a0\u00a0\u00a0<\/span><\/p>\n<p style=\"margin: 0cm;\"><b style=\"mso-bidi-font-weight: normal;\"><span style=\"font-size: 11.0pt; font-family: 'Calibri',sans-serif; mso-ascii-theme-font: minor-latin; mso-hansi-theme-font: minor-latin; mso-bidi-theme-font: minor-latin;\">Unser Vario Ohrschmuck aus 750 Gelb- oder Wei\u00dfgold bietet vielseitige Kombinationsm\u00f6glichkeiten. Die Oberteile k\u00f6nnen separat getragen werden und lassen sich mit einer Vielzahl von Einh\u00e4ngern erg\u00e4nzen. <\/span><\/b><\/p>\n<p style=\"margin: 0cm;\"><b style=\"mso-bidi-font-weight: normal;\"><span style=\"font-size: 11.0pt; font-family: 'Calibri',sans-serif; mso-ascii-theme-font: minor-latin; mso-hansi-theme-font: minor-latin; mso-bidi-theme-font: minor-latin;\">Bezaubernd, anmutig und vielseitig, eine Bereicherung f\u00fcr jeden Anlass. <\/span><\/b><\/p>\n<p style=\"margin: 0cm;\"><b style=\"mso-bidi-font-weight: normal;\"><span style=\"font-size: 11.0pt; font-family: 'Calibri',sans-serif; mso-ascii-theme-font: minor-latin; mso-hansi-theme-font: minor-latin; mso-bidi-theme-font: minor-latin;\">Das Auswechseln der Einh\u00e4nger ist einfach und sicher. <\/span><\/b><\/p>\n<p style=\"margin: 0cm;\"><b style=\"mso-bidi-font-weight: normal;\"><span style=\"font-size: 11.0pt; font-family: 'Calibri',sans-serif; mso-ascii-theme-font: minor-latin; mso-hansi-theme-font: minor-latin; mso-bidi-theme-font: minor-latin;\">Die Oberteile sind als Clip oder Stecker erh\u00e4ltlich. <\/span><\/b><\/p>\n<p style=\"margin: 0cm;\">\u00a0<\/p>\n<p style=\"margin: 0cm;\"><b style=\"mso-bidi-font-weight: normal;\"><span style=\"font-size: 11.0pt; font-family: 'Calibri',sans-serif; mso-ascii-theme-font: minor-latin; mso-hansi-theme-font: minor-latin; mso-bidi-theme-font: minor-latin;\">Diese Variante kombiniert schlichte goldene Ohrstecker mit hellgrauen Mondstein Pampeln und Rubelliten im Facettenschliff. Ein weiteres liebevolles Detail sind die pink Saphir Cabochons in der Goldkappe.<br \/><\/span><\/b><\/p>\n<p><\/p>\n<p><strong><\/strong><\/p>","protected":false},"excerpt":{"rendered":"<p>Vario Ohrschmuck Set aus Ohrsteckern und Einh\u00e4ngern: Oberteile:\u00a0Ohrstecker \u201eVario\u201c\u00a0rund Material: 750 Gelbgold Ma\u00dfe: \u00d8 9,75 mm rund, konvex Einh\u00e4nger: Einh\u00e4nger mit Rubelliten, pink Saphiren und hellgrauen Mondstein Pampeln Material:\u00a0750 Gelbgold Steine: 2 Rubellite 0,52 ct \u00d8 4 mm rund facettiert mit 8 pink Saphir Cabochons\u00a0 \u00d8 1,5 mm und hellgrauen Mondstein Pampeln 18,22 ct 21 [&hellip;]<\/p>","protected":false},"featured_media":9559,"comment_status":"open","ping_status":"closed","template":"","meta":{"_acf_changed":false,"_et_pb_use_builder":"","_et_pb_old_content":"","_et_gb_content_width":"","inline_featured_image":false},"product_brand":[332],"product_cat":[331],"product_tag":[],"class_list":{"0":"post-8388","1":"product","2":"type-product","3":"status-publish","4":"has-post-thumbnail","6":"product_brand-leinfelder","7":"product_cat-ohrschmuck","9":"first","10":"instock","11":"shipping-taxable","12":"purchasable","13":"product-type-simple"},"acf":[],"_links":{"self":[{"href":"https:\/\/leinfelder-juweler.com\/en\/wp-json\/wp\/v2\/product\/8388","targetHints":{"allow":["GET"]}}],"collection":[{"href":"https:\/\/leinfelder-juweler.com\/en\/wp-json\/wp\/v2\/product"}],"about":[{"href":"https:\/\/leinfelder-juweler.com\/en\/wp-json\/wp\/v2\/types\/product"}],"replies":[{"embeddable":true,"href":"https:\/\/leinfelder-juweler.com\/en\/wp-json\/wp\/v2\/comments?post=8388"}],"wp:featuredmedia":[{"embeddable":true,"href":"https:\/\/leinfelder-juweler.com\/en\/wp-json\/wp\/v2\/media\/9559"}],"wp:attachment":[{"href":"https:\/\/leinfelder-juweler.com\/en\/wp-json\/wp\/v2\/media?parent=8388"}],"wp:term":[{"taxonomy":"product_brand","embeddable":true,"href":"https:\/\/leinfelder-juweler.com\/en\/wp-json\/wp\/v2\/product_brand?post=8388"},{"taxonomy":"product_cat","embeddable":true,"href":"https:\/\/leinfelder-juweler.com\/en\/wp-json\/wp\/v2\/product_cat?post=8388"},{"taxonomy":"product_tag","embeddable":true,"href":"https:\/\/leinfelder-juweler.com\/en\/wp-json\/wp\/v2\/product_tag?post=8388"}],"curies":[{"name":"wp","href":"https:\/\/api.w.org\/{rel}","templated":true}]}}