{"id":8390,"date":"2025-11-20T18:01:22","date_gmt":"2025-11-20T15:01:22","guid":{"rendered":"https:\/\/leinfelder-juweler.com\/?post_type=product&#038;p=8390"},"modified":"2025-11-20T19:16:10","modified_gmt":"2025-11-20T16:16:10","slug":"klappcreolen-750-gelbgold-mit-rosenquarz-einhaengern","status":"publish","type":"product","link":"https:\/\/leinfelder-juweler.com\/en\/product\/klappcreolen-750-gelbgold-mit-rosenquarz-einhaengern\/","title":{"rendered":"Klappcreolen 750 Gelbgold mit Rosenquarz Einh\u00e4ngern"},"content":{"rendered":"<p><strong>Ohrschmuck\u00a0Klappcreolen<\/strong><\/p>\n<p><strong>Material: <\/strong>750 Yellow Gold<\/p>\n<p><strong>Ma\u00dfe: <\/strong>25 mm au\u00dfen \u00d8 3 x 2 mm\u00a0ovales Profil<\/p>\n<p><strong>Einh\u00e4nger:\u00a0<\/strong>750 Gelbgold mit Rosenquarz Cabochons 10 x 8 mm<span data-mce-fragment=\"1\"><\/span><\/p>\n<div data-mce-fragment=\"1\">\n<p class=\"MsoNormal\" style=\"margin-bottom: .0001pt;\"><b style=\"mso-bidi-font-weight: normal;\"><span style=\"mso-bidi-font-family: Calibri; mso-bidi-theme-font: minor-latin;\">Die vielseitigen Creolen aus Gelbgold mit abnehmbaren Rosenquarz-Einh\u00e4ngern sind\u00a0<\/span><\/b><b style=\"mso-bidi-font-weight: normal;\"><span style=\"mso-bidi-font-family: Calibri; mso-bidi-theme-font: minor-latin;\">elegant und wandelbar, ideal f\u00fcr jeden Anlass.<\/span><\/b><\/p>\n<p><strong><\/strong><strong><\/strong>\n<\/div>\n<p>\u00a0<\/p>","protected":false},"excerpt":{"rendered":"<p>Ohrschmuck\u00a0Klappcreolen Material: 750 Gelbgold Ma\u00dfe: 25 mm au\u00dfen \u00d8 3 x 2 mm\u00a0ovales Profil Einh\u00e4nger:\u00a0750 Gelbgold mit Rosenquarz Cabochons 10 x 8 mm Die vielseitigen Creolen aus Gelbgold mit abnehmbaren Rosenquarz-Einh\u00e4ngern sind\u00a0elegant und wandelbar, ideal f\u00fcr jeden Anlass. \u00a0<\/p>","protected":false},"featured_media":9561,"comment_status":"open","ping_status":"closed","template":"","meta":{"_acf_changed":false,"_et_pb_use_builder":"","_et_pb_old_content":"","_et_gb_content_width":"","inline_featured_image":false},"product_brand":[332],"product_cat":[331],"product_tag":[],"class_list":{"0":"post-8390","1":"product","2":"type-product","3":"status-publish","4":"has-post-thumbnail","6":"product_brand-leinfelder","7":"product_cat-ohrschmuck","9":"first","10":"outofstock","11":"shipping-taxable","12":"purchasable","13":"product-type-simple"},"acf":[],"_links":{"self":[{"href":"https:\/\/leinfelder-juweler.com\/en\/wp-json\/wp\/v2\/product\/8390","targetHints":{"allow":["GET"]}}],"collection":[{"href":"https:\/\/leinfelder-juweler.com\/en\/wp-json\/wp\/v2\/product"}],"about":[{"href":"https:\/\/leinfelder-juweler.com\/en\/wp-json\/wp\/v2\/types\/product"}],"replies":[{"embeddable":true,"href":"https:\/\/leinfelder-juweler.com\/en\/wp-json\/wp\/v2\/comments?post=8390"}],"wp:featuredmedia":[{"embeddable":true,"href":"https:\/\/leinfelder-juweler.com\/en\/wp-json\/wp\/v2\/media\/9561"}],"wp:attachment":[{"href":"https:\/\/leinfelder-juweler.com\/en\/wp-json\/wp\/v2\/media?parent=8390"}],"wp:term":[{"taxonomy":"product_brand","embeddable":true,"href":"https:\/\/leinfelder-juweler.com\/en\/wp-json\/wp\/v2\/product_brand?post=8390"},{"taxonomy":"product_cat","embeddable":true,"href":"https:\/\/leinfelder-juweler.com\/en\/wp-json\/wp\/v2\/product_cat?post=8390"},{"taxonomy":"product_tag","embeddable":true,"href":"https:\/\/leinfelder-juweler.com\/en\/wp-json\/wp\/v2\/product_tag?post=8390"}],"curies":[{"name":"wp","href":"https:\/\/api.w.org\/{rel}","templated":true}]}}