{"id":8399,"date":"2025-11-20T18:01:25","date_gmt":"2025-11-20T15:01:25","guid":{"rendered":"https:\/\/leinfelder-juweler.com\/?post_type=product&#038;p=8399"},"modified":"2025-11-20T19:16:41","modified_gmt":"2025-11-20T16:16:41","slug":"einhaenger-fuer-klappcreolen-mit-calcedon","status":"publish","type":"product","link":"https:\/\/leinfelder-juweler.com\/en\/product\/einhaenger-fuer-klappcreolen-mit-calcedon\/","title":{"rendered":"Einh\u00e4nger f\u00fcr Klappcreolen mit Calcedon"},"content":{"rendered":"<p><strong>Einh\u00e4nger f\u00fcr\u00a0Klappcreolen<\/strong><\/p>\n<p><strong>Material: <\/strong>750 Yellow Gold<\/p>\n<p><strong>Stones: <\/strong>Calcedon Cabochons 13,3 x 9,8 x 3,6 mm <\/p>\n<p class=\"MsoNormal\"><strong>Tipp: Die Einh\u00e4nger sind ma\u00dfgefertigt f\u00fcr unsere Klappcreolen, 5 mm breit, Au\u00dfendurchmesser 15 mm.<\/strong><\/p>\n<p class=\"MsoNormal\"><strong>Die Kombination aus warmem Gelbgold mit pastellblauen Calcedonen verleihen Ihren Creolen den besonderen Reiz.<\/strong><\/p>","protected":false},"excerpt":{"rendered":"<p>Einh\u00e4nger f\u00fcr\u00a0Klappcreolen Material: 750 Gelbgold Steine: Calcedon Cabochons 13,3 x 9,8 x 3,6 mm Tipp: Die Einh\u00e4nger sind ma\u00dfgefertigt f\u00fcr unsere Klappcreolen, 5 mm breit, Au\u00dfendurchmesser 15 mm. Die Kombination aus warmem Gelbgold mit pastellblauen Calcedonen verleihen Ihren Creolen den besonderen Reiz.<\/p>","protected":false},"featured_media":9570,"comment_status":"open","ping_status":"closed","template":"","meta":{"_acf_changed":false,"_et_pb_use_builder":"","_et_pb_old_content":"","_et_gb_content_width":"","inline_featured_image":false},"product_brand":[332],"product_cat":[331],"product_tag":[],"class_list":{"0":"post-8399","1":"product","2":"type-product","3":"status-publish","4":"has-post-thumbnail","6":"product_brand-leinfelder","7":"product_cat-ohrschmuck","9":"first","10":"outofstock","11":"shipping-taxable","12":"purchasable","13":"product-type-simple"},"acf":[],"_links":{"self":[{"href":"https:\/\/leinfelder-juweler.com\/en\/wp-json\/wp\/v2\/product\/8399","targetHints":{"allow":["GET"]}}],"collection":[{"href":"https:\/\/leinfelder-juweler.com\/en\/wp-json\/wp\/v2\/product"}],"about":[{"href":"https:\/\/leinfelder-juweler.com\/en\/wp-json\/wp\/v2\/types\/product"}],"replies":[{"embeddable":true,"href":"https:\/\/leinfelder-juweler.com\/en\/wp-json\/wp\/v2\/comments?post=8399"}],"wp:featuredmedia":[{"embeddable":true,"href":"https:\/\/leinfelder-juweler.com\/en\/wp-json\/wp\/v2\/media\/9570"}],"wp:attachment":[{"href":"https:\/\/leinfelder-juweler.com\/en\/wp-json\/wp\/v2\/media?parent=8399"}],"wp:term":[{"taxonomy":"product_brand","embeddable":true,"href":"https:\/\/leinfelder-juweler.com\/en\/wp-json\/wp\/v2\/product_brand?post=8399"},{"taxonomy":"product_cat","embeddable":true,"href":"https:\/\/leinfelder-juweler.com\/en\/wp-json\/wp\/v2\/product_cat?post=8399"},{"taxonomy":"product_tag","embeddable":true,"href":"https:\/\/leinfelder-juweler.com\/en\/wp-json\/wp\/v2\/product_tag?post=8399"}],"curies":[{"name":"wp","href":"https:\/\/api.w.org\/{rel}","templated":true}]}}