{"id":8402,"date":"2025-11-20T18:01:26","date_gmt":"2025-11-20T15:01:26","guid":{"rendered":"https:\/\/leinfelder-juweler.com\/?post_type=product&#038;p=8402"},"modified":"2025-11-20T19:16:48","modified_gmt":"2025-11-20T16:16:48","slug":"vario-ohrschmuck-set-31","status":"publish","type":"product","link":"https:\/\/leinfelder-juweler.com\/en\/product\/vario-ohrschmuck-set-31\/","title":{"rendered":"Vario Ohrschmuck Set"},"content":{"rendered":"<p><strong>Vario Ohrschmuck Set aus Ohrsteckern und Einh\u00e4ngern: <\/strong><\/p>\n<p><strong>Oberteile:\u00a0<\/strong>Ohrstecker \u201eVario\u201c<span> mit\u00a0Aquamarinen<\/span><\/p>\n<p><strong>Material: <\/strong>750 Wei\u00dfgold<\/p>\n<p><strong>Stones:\u00a0<\/strong>Aquamarine 3,55 ct\u00a09 x 7 mm facettiert oval<\/p>\n<p><\/p>\n<p><strong data-mce-fragment=\"1\">Einh\u00e4nger: <\/strong>schwarze<strong data-mce-fragment=\"1\">\u00a0<\/strong>Spinellquasten\u00a0<\/p>\n<p><strong data-mce-fragment=\"1\">Material: <\/strong>750 Wei\u00dfgold<strong data-mce-fragment=\"1\"><br \/><\/strong><\/p>\n<p><strong>Steine<\/strong>: 88 Brillanten \u00d8 1,3 mm = 0,792 ct tw vs und schwarzen Spinellquasten \u00d8 2,5 mm 10-fach<\/p>\n<p><strong>Unser Vario Ohrschmuck aus 750 Gelb- oder Wei\u00dfgold bietet vielseitige Kombinationsm\u00f6glichkeiten. Die Oberteile k\u00f6nnen separat getragen werden und lassen sich mit einer Vielzahl von Einh\u00e4ngern erg\u00e4nzen.\u00a0<\/strong><br \/><strong>Bezaubernd, anmutig und vielseitig, eine Bereicherung f\u00fcr jeden Anlass.\u00a0<\/strong><br \/><strong>Das Auswechseln der Einh\u00e4nger ist einfach und sicher.\u00a0<\/strong><br \/><strong>Die Oberteile sind als Clip oder Stecker erh\u00e4ltlich.<\/strong><\/p>\n<p><strong>Die klassischen Ohrstecker mit den himmelblauen Aquamarinen harmonieren perfekt mit den funkelnden, schwarzen Spinellquasten.<\/strong><br \/><strong>Ein weiteres liebevolles Detail sind die mit Brillanten ausgefassten Kappen.<\/strong><\/p>\n<p><\/p>","protected":false},"excerpt":{"rendered":"<p>Vario Ohrschmuck Set aus Ohrsteckern und Einh\u00e4ngern: Oberteile:\u00a0Ohrstecker \u201eVario\u201c mit\u00a0Aquamarinen Material: 750 Wei\u00dfgold Steine:\u00a0Aquamarine 3,55 ct\u00a09 x 7 mm facettiert oval Einh\u00e4nger: schwarze\u00a0Spinellquasten\u00a0 Material: 750 Wei\u00dfgold Steine: 88 Brillanten \u00d8 1,3 mm = 0,792 ct tw vs und schwarzen Spinellquasten \u00d8 2,5 mm 10-fach Unser Vario Ohrschmuck aus 750 Gelb- oder Wei\u00dfgold bietet vielseitige Kombinationsm\u00f6glichkeiten. [&hellip;]<\/p>","protected":false},"featured_media":9573,"comment_status":"open","ping_status":"closed","template":"","meta":{"_acf_changed":false,"_et_pb_use_builder":"","_et_pb_old_content":"","_et_gb_content_width":"","inline_featured_image":false},"product_brand":[332],"product_cat":[331],"product_tag":[],"class_list":{"0":"post-8402","1":"product","2":"type-product","3":"status-publish","4":"has-post-thumbnail","6":"product_brand-leinfelder","7":"product_cat-ohrschmuck","9":"first","10":"outofstock","11":"shipping-taxable","12":"purchasable","13":"product-type-simple"},"acf":[],"_links":{"self":[{"href":"https:\/\/leinfelder-juweler.com\/en\/wp-json\/wp\/v2\/product\/8402","targetHints":{"allow":["GET"]}}],"collection":[{"href":"https:\/\/leinfelder-juweler.com\/en\/wp-json\/wp\/v2\/product"}],"about":[{"href":"https:\/\/leinfelder-juweler.com\/en\/wp-json\/wp\/v2\/types\/product"}],"replies":[{"embeddable":true,"href":"https:\/\/leinfelder-juweler.com\/en\/wp-json\/wp\/v2\/comments?post=8402"}],"wp:featuredmedia":[{"embeddable":true,"href":"https:\/\/leinfelder-juweler.com\/en\/wp-json\/wp\/v2\/media\/9573"}],"wp:attachment":[{"href":"https:\/\/leinfelder-juweler.com\/en\/wp-json\/wp\/v2\/media?parent=8402"}],"wp:term":[{"taxonomy":"product_brand","embeddable":true,"href":"https:\/\/leinfelder-juweler.com\/en\/wp-json\/wp\/v2\/product_brand?post=8402"},{"taxonomy":"product_cat","embeddable":true,"href":"https:\/\/leinfelder-juweler.com\/en\/wp-json\/wp\/v2\/product_cat?post=8402"},{"taxonomy":"product_tag","embeddable":true,"href":"https:\/\/leinfelder-juweler.com\/en\/wp-json\/wp\/v2\/product_tag?post=8402"}],"curies":[{"name":"wp","href":"https:\/\/api.w.org\/{rel}","templated":true}]}}