{"id":8418,"date":"2025-11-20T18:01:47","date_gmt":"2025-11-20T15:01:47","guid":{"rendered":"https:\/\/leinfelder-juweler.com\/?post_type=product&#038;p=8418"},"modified":"2025-11-20T19:17:26","modified_gmt":"2025-11-20T16:17:26","slug":"klappcreolen-750-weissgold","status":"publish","type":"product","link":"https:\/\/leinfelder-juweler.com\/en\/product\/klappcreolen-750-weissgold\/","title":{"rendered":"Klappcreolen 750 Wei\u00dfgold"},"content":{"rendered":"<p><strong>Ohrschmuck Klappcreolen 750 Wei\u00dfgold<span data-mce-fragment=\"1\"><\/span><\/strong><\/p>\n<p><strong>Material: <\/strong>750\u00a0Wei\u00dfgold<\/p>\n<p><strong>Ma\u00dfe: <\/strong>20 mm au\u00dfen \u00d8 3 x 2 mm ovales Profil<span data-mce-fragment=\"1\"><\/span><\/p>\n<p class=\"MsoNormal\"><strong><span style=\"font-size: 11.0pt; font-family: 'Calibri',sans-serif; mso-ascii-theme-font: minor-latin; mso-hansi-theme-font: minor-latin; mso-bidi-theme-font: minor-latin;\">Pur- Schlichte Eleganz in reinem Gold.<\/span><\/strong><span style=\"font-size: 11.0pt; font-family: 'Calibri',sans-serif; mso-ascii-theme-font: minor-latin; mso-hansi-theme-font: minor-latin; mso-bidi-theme-font: minor-latin;\"><br \/><strong><span style=\"font-family: 'Calibri',sans-serif; mso-ascii-theme-font: minor-latin; mso-hansi-theme-font: minor-latin; mso-bidi-theme-font: minor-latin;\">Unsere &#8218;Pur&#8216;-Kollektion besticht durch ihre klare, unverf\u00e4lschte Formensprache. In 750 Gold gefertigt, ohne den Einsatz von Edelsteinen, verk\u00f6rpern diese Schmuckst\u00fccke zeitlose Sch\u00f6nheit und reduzierte Eleganz. Perfekt f\u00fcr alle, die das Wesentliche sch\u00e4tzen und den Luxus der Einfachheit lieben.<\/span><\/strong><\/span><\/p>","protected":false},"excerpt":{"rendered":"<p>Ohrschmuck Klappcreolen 750 Wei\u00dfgold Material: 750\u00a0Wei\u00dfgold Ma\u00dfe: 20 mm au\u00dfen \u00d8 3 x 2 mm ovales Profil Pur- Schlichte Eleganz in reinem Gold.Unsere &#8218;Pur&#8216;-Kollektion besticht durch ihre klare, unverf\u00e4lschte Formensprache. In 750 Gold gefertigt, ohne den Einsatz von Edelsteinen, verk\u00f6rpern diese Schmuckst\u00fccke zeitlose Sch\u00f6nheit und reduzierte Eleganz. Perfekt f\u00fcr alle, die das Wesentliche sch\u00e4tzen und [&hellip;]<\/p>","protected":false},"featured_media":9589,"comment_status":"open","ping_status":"closed","template":"","meta":{"_acf_changed":false,"_et_pb_use_builder":"","_et_pb_old_content":"","_et_gb_content_width":"","inline_featured_image":false},"product_brand":[332],"product_cat":[331],"product_tag":[370],"class_list":{"0":"post-8418","1":"product","2":"type-product","3":"status-publish","4":"has-post-thumbnail","6":"product_brand-leinfelder","7":"product_cat-ohrschmuck","8":"product_tag-pur","10":"first","11":"instock","12":"shipping-taxable","13":"purchasable","14":"product-type-simple"},"acf":[],"_links":{"self":[{"href":"https:\/\/leinfelder-juweler.com\/en\/wp-json\/wp\/v2\/product\/8418","targetHints":{"allow":["GET"]}}],"collection":[{"href":"https:\/\/leinfelder-juweler.com\/en\/wp-json\/wp\/v2\/product"}],"about":[{"href":"https:\/\/leinfelder-juweler.com\/en\/wp-json\/wp\/v2\/types\/product"}],"replies":[{"embeddable":true,"href":"https:\/\/leinfelder-juweler.com\/en\/wp-json\/wp\/v2\/comments?post=8418"}],"wp:featuredmedia":[{"embeddable":true,"href":"https:\/\/leinfelder-juweler.com\/en\/wp-json\/wp\/v2\/media\/9589"}],"wp:attachment":[{"href":"https:\/\/leinfelder-juweler.com\/en\/wp-json\/wp\/v2\/media?parent=8418"}],"wp:term":[{"taxonomy":"product_brand","embeddable":true,"href":"https:\/\/leinfelder-juweler.com\/en\/wp-json\/wp\/v2\/product_brand?post=8418"},{"taxonomy":"product_cat","embeddable":true,"href":"https:\/\/leinfelder-juweler.com\/en\/wp-json\/wp\/v2\/product_cat?post=8418"},{"taxonomy":"product_tag","embeddable":true,"href":"https:\/\/leinfelder-juweler.com\/en\/wp-json\/wp\/v2\/product_tag?post=8418"}],"curies":[{"name":"wp","href":"https:\/\/api.w.org\/{rel}","templated":true}]}}