{"id":8423,"date":"2025-11-20T18:01:48","date_gmt":"2025-11-20T15:01:48","guid":{"rendered":"https:\/\/leinfelder-juweler.com\/?post_type=product&#038;p=8423"},"modified":"2025-11-20T19:17:39","modified_gmt":"2025-11-20T16:17:39","slug":"klappcreolen-750-rosegold-mit-tsavoriten","status":"publish","type":"product","link":"https:\/\/leinfelder-juweler.com\/en\/product\/klappcreolen-750-rosegold-mit-tsavoriten\/","title":{"rendered":"Klappcreolen 750 Ros\u00e9gold mit Tsavoriten"},"content":{"rendered":"<p><strong>Ohrschmuck\u00a0Klappcreolen<\/strong><\/p>\n<p><strong>Material: <\/strong>750 Ros\u00e9gold<\/p>\n<p><strong>Stones: <\/strong>Vorderseite 1-reihig\u00a0 pav\u00e9 mit 18 Tsavorite \u00d8 1,6 mm<\/p>\n<p><strong>Ma\u00dfe: <\/strong>2,5 mm breit \/\u00a013,5 mm au\u00dfen<\/p>\n<p class=\"MsoNormal\" style=\"margin-bottom: .0001pt;\"><b style=\"mso-bidi-font-weight: normal;\">Diese Ohrringe symbolisieren zeitlose Eleganz und best\u00e4ndige Sch\u00f6nheit.<\/b><\/p>\n<p class=\"MsoNormal\" style=\"margin-bottom: .0001pt;\"><b style=\"mso-bidi-font-weight: normal;\">Jeder Stein steht f\u00fcr einen besonderen Moment oder ein gemeinsames Erlebnis in einer Beziehung.<u><\/u><\/b><\/p>\n<p><strong><br \/><\/strong><\/p>\n<p>\u00a0<\/p>","protected":false},"excerpt":{"rendered":"<p>Ohrschmuck\u00a0Klappcreolen Material: 750 Ros\u00e9gold Steine: Vorderseite 1-reihig\u00a0 pav\u00e9 mit 18 Tsavorite \u00d8 1,6 mm Ma\u00dfe: 2,5 mm breit \/\u00a013,5 mm au\u00dfen Diese Ohrringe symbolisieren zeitlose Eleganz und best\u00e4ndige Sch\u00f6nheit. Jeder Stein steht f\u00fcr einen besonderen Moment oder ein gemeinsames Erlebnis in einer Beziehung. \u00a0<\/p>","protected":false},"featured_media":9594,"comment_status":"open","ping_status":"closed","template":"","meta":{"_acf_changed":false,"_et_pb_use_builder":"","_et_pb_old_content":"","_et_gb_content_width":"","inline_featured_image":false},"product_brand":[332],"product_cat":[331],"product_tag":[302],"class_list":{"0":"post-8423","1":"product","2":"type-product","3":"status-publish","4":"has-post-thumbnail","6":"product_brand-leinfelder","7":"product_cat-ohrschmuck","8":"product_tag-ebenholz","10":"first","11":"outofstock","12":"shipping-taxable","13":"purchasable","14":"product-type-simple"},"acf":[],"_links":{"self":[{"href":"https:\/\/leinfelder-juweler.com\/en\/wp-json\/wp\/v2\/product\/8423","targetHints":{"allow":["GET"]}}],"collection":[{"href":"https:\/\/leinfelder-juweler.com\/en\/wp-json\/wp\/v2\/product"}],"about":[{"href":"https:\/\/leinfelder-juweler.com\/en\/wp-json\/wp\/v2\/types\/product"}],"replies":[{"embeddable":true,"href":"https:\/\/leinfelder-juweler.com\/en\/wp-json\/wp\/v2\/comments?post=8423"}],"wp:featuredmedia":[{"embeddable":true,"href":"https:\/\/leinfelder-juweler.com\/en\/wp-json\/wp\/v2\/media\/9594"}],"wp:attachment":[{"href":"https:\/\/leinfelder-juweler.com\/en\/wp-json\/wp\/v2\/media?parent=8423"}],"wp:term":[{"taxonomy":"product_brand","embeddable":true,"href":"https:\/\/leinfelder-juweler.com\/en\/wp-json\/wp\/v2\/product_brand?post=8423"},{"taxonomy":"product_cat","embeddable":true,"href":"https:\/\/leinfelder-juweler.com\/en\/wp-json\/wp\/v2\/product_cat?post=8423"},{"taxonomy":"product_tag","embeddable":true,"href":"https:\/\/leinfelder-juweler.com\/en\/wp-json\/wp\/v2\/product_tag?post=8423"}],"curies":[{"name":"wp","href":"https:\/\/api.w.org\/{rel}","templated":true}]}}