{"id":8424,"date":"2025-11-20T18:01:49","date_gmt":"2025-11-20T15:01:49","guid":{"rendered":"https:\/\/leinfelder-juweler.com\/?post_type=product&#038;p=8424"},"modified":"2025-11-20T19:17:41","modified_gmt":"2025-11-20T16:17:41","slug":"alliancering-750-rosegold-mit-43-tsavoriten","status":"publish","type":"product","link":"https:\/\/leinfelder-juweler.com\/en\/product\/alliancering-750-rosegold-mit-43-tsavoriten\/","title":{"rendered":"Alliancering 750 Ros\u00e9gold mit 43 Tsavoriten"},"content":{"rendered":"<p data-mce-fragment=\"1\"><strong>Alliancering 750 Ros\u00e9gold mit 43 Tsavoriten\u00a0<\/strong><\/p>\n<p data-mce-fragment=\"1\"><strong>Material: <\/strong>750 Ros\u00e9gold<\/p>\n<p data-mce-fragment=\"1\"><strong>Stones:<\/strong> 43 Tsavorite \u00d8 1,2 mm<\/p>\n<p class=\"MsoNormal\" style=\"mso-margin-top-alt: auto; margin-bottom: .0001pt; line-height: normal;\"><b style=\"mso-bidi-font-weight: normal;\"><span style=\"mso-fareast-font-family: 'Times New Roman'; mso-bidi-font-family: Calibri; mso-bidi-theme-font: minor-latin; mso-fareast-language: DE;\">Allianceringe symbolisieren die endlose Liebe und Verbundenheit in einer Beziehung. Diese schlichten, aber eleganten Ringe sind mit funkelnden Diamanten oder anderen Edelsteinen rundum besetzt und verk\u00f6rpern die Ewigkeit durch ihr flie\u00dfendes Design. <\/span><\/b><span style=\"mso-fareast-font-family: 'Times New Roman'; mso-bidi-font-family: Calibri; mso-bidi-theme-font: minor-latin; mso-fareast-language: DE;\"><\/span><\/p>\n<p class=\"MsoNormal\" style=\"margin-bottom: .0001pt; line-height: normal;\"><b><span style=\"mso-fareast-font-family: 'Times New Roman'; mso-bidi-font-family: Calibri; mso-bidi-theme-font: minor-latin; mso-fareast-language: DE;\">Die leuchtend gr\u00fcnen Tsavorite verleihen diesem Alliancering seinen edlen Charme.<\/span><\/b><span style=\"mso-fareast-font-family: 'Times New Roman'; mso-bidi-font-family: Calibri; mso-bidi-theme-font: minor-latin; mso-fareast-language: DE;\"><\/span><\/p>\n<p class=\"MsoNormal\" style=\"margin-bottom: .0001pt; line-height: normal;\"><b><span style=\"mso-fareast-font-family: 'Times New Roman'; mso-bidi-font-family: Calibri; mso-bidi-theme-font: minor-latin; mso-fareast-language: DE;\">Einzeln oder als Zusteckring kombiniert, ein Statement.<\/span><\/b><span style=\"mso-fareast-font-family: 'Times New Roman'; mso-bidi-font-family: Calibri; mso-bidi-theme-font: minor-latin; mso-fareast-language: DE;\"><\/span><\/p>\n<p><strong><br \/><\/strong><\/p>\n<p data-mce-fragment=\"1\"><strong>Hinweis:\u00a0<\/strong><span>Unsere Ringe sind in der angegebenen Gr\u00f6\u00dfe sofort lieferbar. Sollten sie sich einen Ring in einer anderen Gr\u00f6\u00dfe w\u00fcnschen, kontaktieren sie uns bitte. Wir informieren sie gerne \u00fcber die M\u00f6glichkeit und Dauer von Gr\u00f6\u00dfenanpassungen.<\/span><\/p>","protected":false},"excerpt":{"rendered":"<p>Alliancering 750 Ros\u00e9gold mit 43 Tsavoriten\u00a0 Material: 750 Ros\u00e9gold Steine: 43 Tsavorite \u00d8 1,2 mm Allianceringe symbolisieren die endlose Liebe und Verbundenheit in einer Beziehung. Diese schlichten, aber eleganten Ringe sind mit funkelnden Diamanten oder anderen Edelsteinen rundum besetzt und verk\u00f6rpern die Ewigkeit durch ihr flie\u00dfendes Design. Die leuchtend gr\u00fcnen Tsavorite verleihen diesem Alliancering seinen [&hellip;]<\/p>","protected":false},"featured_media":9595,"comment_status":"open","ping_status":"closed","template":"","meta":{"_acf_changed":false,"_et_pb_use_builder":"","_et_pb_old_content":"","_et_gb_content_width":"","inline_featured_image":false},"product_brand":[332],"product_cat":[295],"product_tag":[],"class_list":{"0":"post-8424","1":"product","2":"type-product","3":"status-publish","4":"has-post-thumbnail","6":"product_brand-leinfelder","7":"product_cat-ringe","9":"first","10":"outofstock","11":"sold-individually","12":"shipping-taxable","13":"purchasable","14":"product-type-simple"},"acf":[],"_links":{"self":[{"href":"https:\/\/leinfelder-juweler.com\/en\/wp-json\/wp\/v2\/product\/8424","targetHints":{"allow":["GET"]}}],"collection":[{"href":"https:\/\/leinfelder-juweler.com\/en\/wp-json\/wp\/v2\/product"}],"about":[{"href":"https:\/\/leinfelder-juweler.com\/en\/wp-json\/wp\/v2\/types\/product"}],"replies":[{"embeddable":true,"href":"https:\/\/leinfelder-juweler.com\/en\/wp-json\/wp\/v2\/comments?post=8424"}],"wp:featuredmedia":[{"embeddable":true,"href":"https:\/\/leinfelder-juweler.com\/en\/wp-json\/wp\/v2\/media\/9595"}],"wp:attachment":[{"href":"https:\/\/leinfelder-juweler.com\/en\/wp-json\/wp\/v2\/media?parent=8424"}],"wp:term":[{"taxonomy":"product_brand","embeddable":true,"href":"https:\/\/leinfelder-juweler.com\/en\/wp-json\/wp\/v2\/product_brand?post=8424"},{"taxonomy":"product_cat","embeddable":true,"href":"https:\/\/leinfelder-juweler.com\/en\/wp-json\/wp\/v2\/product_cat?post=8424"},{"taxonomy":"product_tag","embeddable":true,"href":"https:\/\/leinfelder-juweler.com\/en\/wp-json\/wp\/v2\/product_tag?post=8424"}],"curies":[{"name":"wp","href":"https:\/\/api.w.org\/{rel}","templated":true}]}}