{"id":8443,"date":"2025-11-20T18:02:09","date_gmt":"2025-11-20T15:02:09","guid":{"rendered":"https:\/\/leinfelder-juweler.com\/?post_type=product&#038;p=8443"},"modified":"2025-11-20T19:18:31","modified_gmt":"2025-11-20T16:18:31","slug":"klappcreolen-750-weissgold-mit-brillant-und-perleinhaengern","status":"publish","type":"product","link":"https:\/\/leinfelder-juweler.com\/en\/product\/klappcreolen-750-weissgold-mit-brillant-und-perleinhaengern\/","title":{"rendered":"Klappcreolen 750 Wei\u00dfgold mit Brillant- und Perleinh\u00e4ngern"},"content":{"rendered":"<p><strong>Ohrschmuck\u00a0Klappcreolen<\/strong><\/p>\n<p><strong>Material: <\/strong>750 Wei\u00dfgold<\/p>\n<p><strong>Ma\u00dfe: <\/strong>3 x 2 mm \/ \u00d8 20 mm au\u00dfen<\/p>\n<p><strong>Einh\u00e4nger:\u00a0<\/strong>750 Wei\u00dfgold mit 2 Brillanten \u00d8 3,0 mm = 0,20 ct tw vsi und S\u00fc\u00dfwasserperlen\u00a0 8 &#8211; 8,5 mm<\/p>\n<p class=\"MsoNormal\"><b><span style=\"mso-bidi-font-family: Calibri; mso-bidi-theme-font: minor-latin;\">Die Creolen in abgerundeter Form sind sehr angenehm zu tragen.\u00a0<\/span><\/b><\/p>\n<p class=\"MsoNormal\"><strong><span style=\"mso-bidi-font-family: Calibri; mso-bidi-theme-font: minor-latin;\"><span style=\"font-size: 10.0pt; mso-fareast-font-family: 'Times New Roman'; mso-font-kerning: 14.0pt; mso-ansi-language: DE; mso-fareast-language: DE; mso-bidi-language: AR-SA;\">Die Kombination aus k\u00fchlem Wei\u00dfgold, funkelnden Brillanten und zarten Perlen verleiht den Creolen den besonderen Reiz.<\/span><\/span><\/strong><\/p>\n<div><\/div>","protected":false},"excerpt":{"rendered":"<p>Ohrschmuck\u00a0Klappcreolen Material: 750 Wei\u00dfgold Ma\u00dfe: 3 x 2 mm \/ \u00d8 20 mm au\u00dfen Einh\u00e4nger:\u00a0750 Wei\u00dfgold mit 2 Brillanten \u00d8 3,0 mm = 0,20 ct tw vsi und S\u00fc\u00dfwasserperlen\u00a0 8 &#8211; 8,5 mm Die Creolen in abgerundeter Form sind sehr angenehm zu tragen.\u00a0 Die Kombination aus k\u00fchlem Wei\u00dfgold, funkelnden Brillanten und zarten Perlen verleiht den [&hellip;]<\/p>","protected":false},"featured_media":9614,"comment_status":"open","ping_status":"closed","template":"","meta":{"_acf_changed":false,"_et_pb_use_builder":"","_et_pb_old_content":"","_et_gb_content_width":"","inline_featured_image":false},"product_brand":[332],"product_cat":[331],"product_tag":[],"class_list":{"0":"post-8443","1":"product","2":"type-product","3":"status-publish","4":"has-post-thumbnail","6":"product_brand-leinfelder","7":"product_cat-ohrschmuck","9":"first","10":"instock","11":"shipping-taxable","12":"purchasable","13":"product-type-simple"},"acf":[],"_links":{"self":[{"href":"https:\/\/leinfelder-juweler.com\/en\/wp-json\/wp\/v2\/product\/8443","targetHints":{"allow":["GET"]}}],"collection":[{"href":"https:\/\/leinfelder-juweler.com\/en\/wp-json\/wp\/v2\/product"}],"about":[{"href":"https:\/\/leinfelder-juweler.com\/en\/wp-json\/wp\/v2\/types\/product"}],"replies":[{"embeddable":true,"href":"https:\/\/leinfelder-juweler.com\/en\/wp-json\/wp\/v2\/comments?post=8443"}],"wp:featuredmedia":[{"embeddable":true,"href":"https:\/\/leinfelder-juweler.com\/en\/wp-json\/wp\/v2\/media\/9614"}],"wp:attachment":[{"href":"https:\/\/leinfelder-juweler.com\/en\/wp-json\/wp\/v2\/media?parent=8443"}],"wp:term":[{"taxonomy":"product_brand","embeddable":true,"href":"https:\/\/leinfelder-juweler.com\/en\/wp-json\/wp\/v2\/product_brand?post=8443"},{"taxonomy":"product_cat","embeddable":true,"href":"https:\/\/leinfelder-juweler.com\/en\/wp-json\/wp\/v2\/product_cat?post=8443"},{"taxonomy":"product_tag","embeddable":true,"href":"https:\/\/leinfelder-juweler.com\/en\/wp-json\/wp\/v2\/product_tag?post=8443"}],"curies":[{"name":"wp","href":"https:\/\/api.w.org\/{rel}","templated":true}]}}