{"id":8445,"date":"2025-11-20T18:02:10","date_gmt":"2025-11-20T15:02:10","guid":{"rendered":"https:\/\/leinfelder-juweler.com\/?post_type=product&#038;p=8445"},"modified":"2025-11-20T19:18:36","modified_gmt":"2025-11-20T16:18:36","slug":"einhaenger-fuer-klappcreolen-mit-brillanten-und-suesswasserperlen","status":"publish","type":"product","link":"https:\/\/leinfelder-juweler.com\/en\/product\/einhaenger-fuer-klappcreolen-mit-brillanten-und-suesswasserperlen\/","title":{"rendered":"Einh\u00e4nger f\u00fcr Klappcreolen mit Brillanten und S\u00fc\u00dfwasserperlen"},"content":{"rendered":"<p><strong>Einh\u00e4nger f\u00fcr\u00a0Klappcreolen<\/strong><\/p>\n<p><strong>Material: <\/strong>750 Wei\u00dfgold<\/p>\n<p><strong>Stones:\u00a0<\/strong>2 Brillanten \u00d8 3,0 mm = 0,20 ct tw vsi und S\u00fc\u00dfwasserperlen\u00a0 8 &#8211; 8,5 mm<\/p>\n<p class=\"MsoNormal\"><strong>Tipp: Die Einh\u00e4nger sind ma\u00dfgefertigt f\u00fcr unsere Klappcreolen bis 3 mm Breite, sowie f\u00fcr die Oberteile der Kollektion \u201eWiener Brisur\u201c.<\/strong><strong><\/strong><\/p>\n<p class=\"MsoNormal\"><strong>Die Kombination aus k\u00fchlem Wei\u00dfgold, funkelnden Brillanten und zarten Perlen verleiht Ihren Creolen den besonderen Reiz.<\/strong><\/p>","protected":false},"excerpt":{"rendered":"<p>Einh\u00e4nger f\u00fcr\u00a0Klappcreolen Material: 750 Wei\u00dfgold Steine:\u00a02 Brillanten \u00d8 3,0 mm = 0,20 ct tw vsi und S\u00fc\u00dfwasserperlen\u00a0 8 &#8211; 8,5 mm Tipp: Die Einh\u00e4nger sind ma\u00dfgefertigt f\u00fcr unsere Klappcreolen bis 3 mm Breite, sowie f\u00fcr die Oberteile der Kollektion \u201eWiener Brisur\u201c. Die Kombination aus k\u00fchlem Wei\u00dfgold, funkelnden Brillanten und zarten Perlen verleiht Ihren Creolen den [&hellip;]<\/p>","protected":false},"featured_media":9616,"comment_status":"open","ping_status":"closed","template":"","meta":{"_acf_changed":false,"_et_pb_use_builder":"","_et_pb_old_content":"","_et_gb_content_width":"","inline_featured_image":false},"product_brand":[332],"product_cat":[331],"product_tag":[],"class_list":{"0":"post-8445","1":"product","2":"type-product","3":"status-publish","4":"has-post-thumbnail","6":"product_brand-leinfelder","7":"product_cat-ohrschmuck","9":"first","10":"instock","11":"shipping-taxable","12":"purchasable","13":"product-type-simple"},"acf":[],"_links":{"self":[{"href":"https:\/\/leinfelder-juweler.com\/en\/wp-json\/wp\/v2\/product\/8445","targetHints":{"allow":["GET"]}}],"collection":[{"href":"https:\/\/leinfelder-juweler.com\/en\/wp-json\/wp\/v2\/product"}],"about":[{"href":"https:\/\/leinfelder-juweler.com\/en\/wp-json\/wp\/v2\/types\/product"}],"replies":[{"embeddable":true,"href":"https:\/\/leinfelder-juweler.com\/en\/wp-json\/wp\/v2\/comments?post=8445"}],"wp:featuredmedia":[{"embeddable":true,"href":"https:\/\/leinfelder-juweler.com\/en\/wp-json\/wp\/v2\/media\/9616"}],"wp:attachment":[{"href":"https:\/\/leinfelder-juweler.com\/en\/wp-json\/wp\/v2\/media?parent=8445"}],"wp:term":[{"taxonomy":"product_brand","embeddable":true,"href":"https:\/\/leinfelder-juweler.com\/en\/wp-json\/wp\/v2\/product_brand?post=8445"},{"taxonomy":"product_cat","embeddable":true,"href":"https:\/\/leinfelder-juweler.com\/en\/wp-json\/wp\/v2\/product_cat?post=8445"},{"taxonomy":"product_tag","embeddable":true,"href":"https:\/\/leinfelder-juweler.com\/en\/wp-json\/wp\/v2\/product_tag?post=8445"}],"curies":[{"name":"wp","href":"https:\/\/api.w.org\/{rel}","templated":true}]}}