{"id":8448,"date":"2025-11-20T18:02:11","date_gmt":"2025-11-20T15:02:11","guid":{"rendered":"https:\/\/leinfelder-juweler.com\/?post_type=product&#038;p=8448"},"modified":"2025-11-20T19:18:43","modified_gmt":"2025-11-20T16:18:43","slug":"einhaenger-fuer-klappcreolen-mit-rubelliten","status":"publish","type":"product","link":"https:\/\/leinfelder-juweler.com\/en\/product\/einhaenger-fuer-klappcreolen-mit-rubelliten\/","title":{"rendered":"Einh\u00e4nger f\u00fcr Klappcreolen mit Rubelliten"},"content":{"rendered":"<p><strong>Einh\u00e4nger f\u00fcr\u00a0Klappcreolen mit Rubelliten<\/strong><\/p>\n<p><strong>Material: <\/strong>750 Yellow Gold<\/p>\n<p><strong>Stones: <\/strong>3,35 ct Rubellit 8-Ecke 8 x 6 mm facettiert<\/p>\n<p class=\"MsoNormal\"><strong>Tipp:\u00a0Die Einh\u00e4nger sind ma\u00dfgefertigt f\u00fcr unsere Klappcreolen, 5 mm breit, Au\u00dfendurchmesser 15 mm.<\/strong><\/p>\n<p><strong data-mce-fragment=\"1\">Die leuchtenden Rubellite in ihrem besonderen Schliff kommen in der raffinierten Fassung perfekt zur Geltung.<\/strong><\/p>","protected":false},"excerpt":{"rendered":"<p>Einh\u00e4nger f\u00fcr\u00a0Klappcreolen mit Rubelliten Material: 750 Gelbgold Steine: 3,35 ct Rubellit 8-Ecke 8 x 6 mm facettiert Tipp:\u00a0Die Einh\u00e4nger sind ma\u00dfgefertigt f\u00fcr unsere Klappcreolen, 5 mm breit, Au\u00dfendurchmesser 15 mm. Die leuchtenden Rubellite in ihrem besonderen Schliff kommen in der raffinierten Fassung perfekt zur Geltung.<\/p>","protected":false},"featured_media":9619,"comment_status":"open","ping_status":"closed","template":"","meta":{"_acf_changed":false,"_et_pb_use_builder":"","_et_pb_old_content":"","_et_gb_content_width":"","inline_featured_image":false},"product_brand":[332],"product_cat":[331],"product_tag":[],"class_list":{"0":"post-8448","1":"product","2":"type-product","3":"status-publish","4":"has-post-thumbnail","6":"product_brand-leinfelder","7":"product_cat-ohrschmuck","9":"first","10":"instock","11":"shipping-taxable","12":"purchasable","13":"product-type-simple"},"acf":[],"_links":{"self":[{"href":"https:\/\/leinfelder-juweler.com\/en\/wp-json\/wp\/v2\/product\/8448","targetHints":{"allow":["GET"]}}],"collection":[{"href":"https:\/\/leinfelder-juweler.com\/en\/wp-json\/wp\/v2\/product"}],"about":[{"href":"https:\/\/leinfelder-juweler.com\/en\/wp-json\/wp\/v2\/types\/product"}],"replies":[{"embeddable":true,"href":"https:\/\/leinfelder-juweler.com\/en\/wp-json\/wp\/v2\/comments?post=8448"}],"wp:featuredmedia":[{"embeddable":true,"href":"https:\/\/leinfelder-juweler.com\/en\/wp-json\/wp\/v2\/media\/9619"}],"wp:attachment":[{"href":"https:\/\/leinfelder-juweler.com\/en\/wp-json\/wp\/v2\/media?parent=8448"}],"wp:term":[{"taxonomy":"product_brand","embeddable":true,"href":"https:\/\/leinfelder-juweler.com\/en\/wp-json\/wp\/v2\/product_brand?post=8448"},{"taxonomy":"product_cat","embeddable":true,"href":"https:\/\/leinfelder-juweler.com\/en\/wp-json\/wp\/v2\/product_cat?post=8448"},{"taxonomy":"product_tag","embeddable":true,"href":"https:\/\/leinfelder-juweler.com\/en\/wp-json\/wp\/v2\/product_tag?post=8448"}],"curies":[{"name":"wp","href":"https:\/\/api.w.org\/{rel}","templated":true}]}}