{"id":8450,"date":"2025-11-20T18:02:11","date_gmt":"2025-11-20T15:02:11","guid":{"rendered":"https:\/\/leinfelder-juweler.com\/?post_type=product&#038;p=8450"},"modified":"2025-11-20T19:18:49","modified_gmt":"2025-11-20T16:18:49","slug":"vario-ohrschmuck-set-39","status":"publish","type":"product","link":"https:\/\/leinfelder-juweler.com\/en\/product\/vario-ohrschmuck-set-39\/","title":{"rendered":"Vario Ohrschmuck Set"},"content":{"rendered":"<p><strong>Vario Ohrschmuck Set aus Ohrsteckern und Einh\u00e4ngern: <\/strong><\/p>\n<p><strong>Oberteile:\u00a0Ohrstecker \u201eVario\u201c\u00a0mit\u00a0pink Saphiren<br \/><\/strong><\/p>\n<p data-mce-fragment=\"1\"><strong data-mce-fragment=\"1\">Material: <\/strong>750 Yellow Gold<\/p>\n<p data-mce-fragment=\"1\"><strong data-mce-fragment=\"1\">Ma\u00dfe:\u00a0<\/strong>\u00d8 10 mm<\/p>\n<p data-mce-fragment=\"1\"><strong data-mce-fragment=\"1\">Stones:<\/strong> 156 pink Saphire<\/p>\n<p><strong>Einh\u00e4nger:\u00a0kleine Einh\u00e4nger mit Peridot Cabochons<\/strong><\/p>\n<p data-mce-fragment=\"1\"><strong data-mce-fragment=\"1\">Material:\u00a0<\/strong>750 Yellow Gold<\/p>\n<p data-mce-fragment=\"1\"><strong data-mce-fragment=\"1\">Stones: <\/strong>2<strong data-mce-fragment=\"1\">\u00a0<\/strong>Peridot Cabochons 8 x 6 mm<\/p>\n<p style=\"margin: 0cm; margin-bottom: .0001pt;\"><strong>Unser Vario Ohrschmuck aus 750 Gelb- oder Wei\u00dfgold bietet vielseitige Kombinationsm\u00f6glichkeiten. Die Oberteile k\u00f6nnen separat getragen werden und lassen sich mit einer Vielzahl von Einh\u00e4ngern erg\u00e4nzen.<\/strong><\/p>\n<p style=\"margin: 0cm; margin-bottom: .0001pt;\">\u00a0<\/p>\n<p style=\"margin: 0cm; margin-bottom: .0001pt;\"><strong>Bezaubernd, anmutig und vielseitig, eine Bereicherung f\u00fcr jeden Anlass.<\/strong><\/p>\n<p style=\"margin: 0cm; margin-bottom: .0001pt;\"><strong>Das Auswechseln der Einh\u00e4nger ist einfach und sicher.<\/strong><\/p>\n<p style=\"margin: 0cm; margin-bottom: .0001pt;\"><strong>Die Oberteile sind als Clip oder Stecker erh\u00e4ltlich.<\/strong><\/p>\n<p style=\"margin: 0cm; margin-bottom: .0001pt;\">\u00a0<\/p>\n<p style=\"margin: 0cm; margin-bottom: .0001pt;\"><strong>Diese Variante kombiniert pink Saphire mit hellgr\u00fcnen Peridot Einh\u00e4ngern, die Eleganz und Frische in einem ansprechenden Design vereinen.<\/strong><\/p>\n<p><strong><br \/><\/strong><\/p>","protected":false},"excerpt":{"rendered":"<p>Vario Ohrschmuck Set aus Ohrsteckern und Einh\u00e4ngern: Oberteile:\u00a0Ohrstecker \u201eVario\u201c\u00a0mit\u00a0pink Saphiren Material: 750 Gelbgold Ma\u00dfe:\u00a0\u00d8 10 mm Steine: 156 pink Saphire Einh\u00e4nger:\u00a0kleine Einh\u00e4nger mit Peridot Cabochons Material:\u00a0750 Gelbgold Steine: 2\u00a0Peridot Cabochons 8 x 6 mm Unser Vario Ohrschmuck aus 750 Gelb- oder Wei\u00dfgold bietet vielseitige Kombinationsm\u00f6glichkeiten. Die Oberteile k\u00f6nnen separat getragen werden und lassen sich mit [&hellip;]<\/p>","protected":false},"featured_media":9621,"comment_status":"open","ping_status":"closed","template":"","meta":{"_acf_changed":false,"_et_pb_use_builder":"","_et_pb_old_content":"","_et_gb_content_width":"","inline_featured_image":false},"product_brand":[332],"product_cat":[331],"product_tag":[],"class_list":{"0":"post-8450","1":"product","2":"type-product","3":"status-publish","4":"has-post-thumbnail","6":"product_brand-leinfelder","7":"product_cat-ohrschmuck","9":"first","10":"outofstock","11":"shipping-taxable","12":"purchasable","13":"product-type-simple"},"acf":[],"_links":{"self":[{"href":"https:\/\/leinfelder-juweler.com\/en\/wp-json\/wp\/v2\/product\/8450","targetHints":{"allow":["GET"]}}],"collection":[{"href":"https:\/\/leinfelder-juweler.com\/en\/wp-json\/wp\/v2\/product"}],"about":[{"href":"https:\/\/leinfelder-juweler.com\/en\/wp-json\/wp\/v2\/types\/product"}],"replies":[{"embeddable":true,"href":"https:\/\/leinfelder-juweler.com\/en\/wp-json\/wp\/v2\/comments?post=8450"}],"wp:featuredmedia":[{"embeddable":true,"href":"https:\/\/leinfelder-juweler.com\/en\/wp-json\/wp\/v2\/media\/9621"}],"wp:attachment":[{"href":"https:\/\/leinfelder-juweler.com\/en\/wp-json\/wp\/v2\/media?parent=8450"}],"wp:term":[{"taxonomy":"product_brand","embeddable":true,"href":"https:\/\/leinfelder-juweler.com\/en\/wp-json\/wp\/v2\/product_brand?post=8450"},{"taxonomy":"product_cat","embeddable":true,"href":"https:\/\/leinfelder-juweler.com\/en\/wp-json\/wp\/v2\/product_cat?post=8450"},{"taxonomy":"product_tag","embeddable":true,"href":"https:\/\/leinfelder-juweler.com\/en\/wp-json\/wp\/v2\/product_tag?post=8450"}],"curies":[{"name":"wp","href":"https:\/\/api.w.org\/{rel}","templated":true}]}}