{"id":8460,"date":"2025-11-20T18:02:14","date_gmt":"2025-11-20T15:02:14","guid":{"rendered":"https:\/\/leinfelder-juweler.com\/?post_type=product&#038;p=8460"},"modified":"2025-11-20T19:19:18","modified_gmt":"2025-11-20T16:19:18","slug":"klappcreolen-750-gelbgold","status":"publish","type":"product","link":"https:\/\/leinfelder-juweler.com\/en\/product\/klappcreolen-750-gelbgold\/","title":{"rendered":"Klappcreolen 750 Gelbgold"},"content":{"rendered":"<p><strong>Ohrschmuck Klappcreolen<span data-mce-fragment=\"1\"><\/span><\/strong><\/p>\n<p><strong>Material: <\/strong>750 Yellow Gold<\/p>\n<p><strong>Ma\u00dfe: <\/strong>30 mm au\u00dfen \u00d8 3 mm rundes Profil<span data-mce-fragment=\"1\"><\/span><\/p>\n<p><\/p>\n<p>\u00a0<\/p>\n<p><strong>Zu diesen Klappcreolen empfehlen wir die folgenden Einh\u00e4nger:<\/strong><\/p>\n<p><strong>Einh\u00e4nger 750 Gelbgold mit Aquamarinen:<\/strong><\/p>\n<p><a href=\"https:\/\/shop.leinfelder-goldschmiede.de\/products\/einhanger-fur-klappcreolen-mit-aquamarinen?_pos=7&amp;_sid=71514c9dc&amp;_ss=r\"><img decoding=\"async\" alt=\"Einh\u00e4nger 750 Gelbgold mit Aquamarinen\" src=\"https:\/\/cdn.shopify.com\/s\/files\/1\/0537\/7205\/8797\/files\/97_85_335.jpg?v=1625492423\"><\/a><\/p>\n<p><strong>Einh\u00e4nger 750 Wei\u00dfgold mit Peridot Cabochons:<\/strong><\/p>\n<p><a href=\"https:\/\/shop.leinfelder-goldschmiede.de\/products\/einhanger-fur-klappcreolen-mit-peridot-cabochons?_pos=3&amp;_sid=fbd20236a&amp;_ss=r\"><img decoding=\"async\" src=\"https:\/\/cdn.shopify.com\/s\/files\/1\/0537\/7205\/8797\/files\/97_85_176.jpg?v=1619175378\" alt=\"Einh\u00e4nger 750 Wei\u00dfgold mit Peridot Cabochons\"><\/a><\/p>\n<p><strong>Einh\u00e4nger 750 Gelbgold mit S\u00fc\u00dfwasser-Perlen:<\/strong><\/p>\n<p><a href=\"https:\/\/shop.leinfelder-goldschmiede.de\/collections\/neuheiten\/products\/einhanger-fur-klappcreolen-mit-perlen-1\"><img decoding=\"async\" src=\"https:\/\/cdn.shopify.com\/s\/files\/1\/0537\/7205\/8797\/files\/97_85_188.jpg?v=1619175440\" alt=\"Einh\u00e4nger 750 Gelbgold mit S\u00fc\u00dfwasser-Perlen\"><\/a><\/p>","protected":false},"excerpt":{"rendered":"<p>Ohrschmuck Klappcreolen Material: 750 Gelbgold Ma\u00dfe: 30 mm au\u00dfen \u00d8 3 mm rundes Profil \u00a0 Zu diesen Klappcreolen empfehlen wir die folgenden Einh\u00e4nger: Einh\u00e4nger 750 Gelbgold mit Aquamarinen: Einh\u00e4nger 750 Wei\u00dfgold mit Peridot Cabochons: Einh\u00e4nger 750 Gelbgold mit S\u00fc\u00dfwasser-Perlen:<\/p>","protected":false},"featured_media":9631,"comment_status":"open","ping_status":"closed","template":"","meta":{"_acf_changed":false,"_et_pb_use_builder":"","_et_pb_old_content":"","_et_gb_content_width":"","inline_featured_image":false},"product_brand":[332],"product_cat":[331],"product_tag":[],"class_list":{"0":"post-8460","1":"product","2":"type-product","3":"status-publish","4":"has-post-thumbnail","6":"product_brand-leinfelder","7":"product_cat-ohrschmuck","9":"first","10":"outofstock","11":"shipping-taxable","12":"purchasable","13":"product-type-simple"},"acf":[],"_links":{"self":[{"href":"https:\/\/leinfelder-juweler.com\/en\/wp-json\/wp\/v2\/product\/8460","targetHints":{"allow":["GET"]}}],"collection":[{"href":"https:\/\/leinfelder-juweler.com\/en\/wp-json\/wp\/v2\/product"}],"about":[{"href":"https:\/\/leinfelder-juweler.com\/en\/wp-json\/wp\/v2\/types\/product"}],"replies":[{"embeddable":true,"href":"https:\/\/leinfelder-juweler.com\/en\/wp-json\/wp\/v2\/comments?post=8460"}],"wp:featuredmedia":[{"embeddable":true,"href":"https:\/\/leinfelder-juweler.com\/en\/wp-json\/wp\/v2\/media\/9631"}],"wp:attachment":[{"href":"https:\/\/leinfelder-juweler.com\/en\/wp-json\/wp\/v2\/media?parent=8460"}],"wp:term":[{"taxonomy":"product_brand","embeddable":true,"href":"https:\/\/leinfelder-juweler.com\/en\/wp-json\/wp\/v2\/product_brand?post=8460"},{"taxonomy":"product_cat","embeddable":true,"href":"https:\/\/leinfelder-juweler.com\/en\/wp-json\/wp\/v2\/product_cat?post=8460"},{"taxonomy":"product_tag","embeddable":true,"href":"https:\/\/leinfelder-juweler.com\/en\/wp-json\/wp\/v2\/product_tag?post=8460"}],"curies":[{"name":"wp","href":"https:\/\/api.w.org\/{rel}","templated":true}]}}