{"id":8461,"date":"2025-11-20T18:02:15","date_gmt":"2025-11-20T15:02:15","guid":{"rendered":"https:\/\/leinfelder-juweler.com\/?post_type=product&#038;p=8461"},"modified":"2025-11-20T19:19:20","modified_gmt":"2025-11-20T16:19:20","slug":"vario-ohrschmuck-einhaenger-22","status":"publish","type":"product","link":"https:\/\/leinfelder-juweler.com\/en\/product\/vario-ohrschmuck-einhaenger-22\/","title":{"rendered":"Vario Ohrschmuck Einh\u00e4nger"},"content":{"rendered":"<p><strong>Vario Ohrschmuck Einh\u00e4nger kombinierbar mit verschiedenen Oberteilen:<\/strong><\/p>\n<p><strong><span lang=\"EN-US\" data-mce-fragment=\"1\">Material: <\/span><\/strong><span lang=\"EN-US\" data-mce-fragment=\"1\">750 Yellow Gold<\/span><\/p>\n<p><strong><span lang=\"EN-US\" data-mce-fragment=\"1\">Stones: <\/span><\/strong>2 Brillanten 0,20 ct tw vsi \u00d8 3,0 mm, 96 Brillanten \u00d8 1,1 \u2013 1,3 mm, gesamt 0,736 ct tw vsi und graue Mondstein Pampeln 19 x 9 mm<\/p>\n<p><strong><br \/><\/strong><\/p>","protected":false},"excerpt":{"rendered":"<p>Vario Ohrschmuck Einh\u00e4nger kombinierbar mit verschiedenen Oberteilen: Material: 750 Gelbgold Steine: 2 Brillanten 0,20 ct tw vsi \u00d8 3,0 mm, 96 Brillanten \u00d8 1,1 \u2013 1,3 mm, gesamt 0,736 ct tw vsi und graue Mondstein Pampeln 19 x 9 mm<\/p>","protected":false},"featured_media":9632,"comment_status":"open","ping_status":"closed","template":"","meta":{"_acf_changed":false,"_et_pb_use_builder":"","_et_pb_old_content":"","_et_gb_content_width":"","inline_featured_image":false},"product_brand":[332],"product_cat":[331],"product_tag":[],"class_list":{"0":"post-8461","1":"product","2":"type-product","3":"status-publish","4":"has-post-thumbnail","6":"product_brand-leinfelder","7":"product_cat-ohrschmuck","9":"first","10":"outofstock","11":"shipping-taxable","12":"purchasable","13":"product-type-simple"},"acf":[],"_links":{"self":[{"href":"https:\/\/leinfelder-juweler.com\/en\/wp-json\/wp\/v2\/product\/8461","targetHints":{"allow":["GET"]}}],"collection":[{"href":"https:\/\/leinfelder-juweler.com\/en\/wp-json\/wp\/v2\/product"}],"about":[{"href":"https:\/\/leinfelder-juweler.com\/en\/wp-json\/wp\/v2\/types\/product"}],"replies":[{"embeddable":true,"href":"https:\/\/leinfelder-juweler.com\/en\/wp-json\/wp\/v2\/comments?post=8461"}],"wp:featuredmedia":[{"embeddable":true,"href":"https:\/\/leinfelder-juweler.com\/en\/wp-json\/wp\/v2\/media\/9632"}],"wp:attachment":[{"href":"https:\/\/leinfelder-juweler.com\/en\/wp-json\/wp\/v2\/media?parent=8461"}],"wp:term":[{"taxonomy":"product_brand","embeddable":true,"href":"https:\/\/leinfelder-juweler.com\/en\/wp-json\/wp\/v2\/product_brand?post=8461"},{"taxonomy":"product_cat","embeddable":true,"href":"https:\/\/leinfelder-juweler.com\/en\/wp-json\/wp\/v2\/product_cat?post=8461"},{"taxonomy":"product_tag","embeddable":true,"href":"https:\/\/leinfelder-juweler.com\/en\/wp-json\/wp\/v2\/product_tag?post=8461"}],"curies":[{"name":"wp","href":"https:\/\/api.w.org\/{rel}","templated":true}]}}