{"id":8462,"date":"2025-11-20T18:02:15","date_gmt":"2025-11-20T15:02:15","guid":{"rendered":"https:\/\/leinfelder-juweler.com\/?post_type=product&#038;p=8462"},"modified":"2025-11-20T19:19:21","modified_gmt":"2025-11-20T16:19:21","slug":"vario-ohrschmuck-set-41","status":"publish","type":"product","link":"https:\/\/leinfelder-juweler.com\/en\/product\/vario-ohrschmuck-set-41\/","title":{"rendered":"Vario Ohrschmuck Set"},"content":{"rendered":"<p><strong>Vario Ohrschmuck Set bestehend aus Oberteilen und Einh\u00e4ngern:<\/strong><\/p>\n<p><strong>Ohrstecker mit grauen\u00a0Mondstein Cabochons<br \/><\/strong><\/p>\n<p><strong>Material: <\/strong>750 Yellow Gold<\/p>\n<p><strong>Stones: <\/strong>graue<strong>\u00a0<\/strong>Mondstein Cabochons<span data-mce-fragment=\"1\"> 10,21 ct\u00a0 \u00d8\u00a0<\/span><span data-mce-fragment=\"1\" lang=\"EN-US\">11 mm rund<\/span><span data-mce-fragment=\"1\"><\/span><strong><br \/><\/strong><\/p>\n<p><strong><span data-mce-fragment=\"1\" lang=\"EN-US\">Einh\u00e4nger:\u00a0<\/span><\/strong><\/p>\n<p><strong><span data-mce-fragment=\"1\" lang=\"EN-US\">Material: <\/span><\/strong><span data-mce-fragment=\"1\" lang=\"EN-US\">750 Yellow Gold<\/span><\/p>\n<p><strong><span data-mce-fragment=\"1\" lang=\"EN-US\">Stones: <\/span><\/strong>2 Brillanten 0,20 ct tw vsi \u00d8 3,0 mm, 96 Brillanten \u00d8 1,1 \u2013 1,3 mm, gesamt 0,736 ct tw vsi und graue Mondstein Pampeln 19 x 9 mm<\/p>\n<p style=\"margin: 0cm; margin-bottom: .0001pt;\"><strong>Unser Vario Ohrschmuck aus 750 Gelb- oder Wei\u00dfgold bietet vielseitige Kombinationsm\u00f6glichkeiten. Die Oberteile k\u00f6nnen separat getragen werden und lassen sich mit einer Vielzahl von Einh\u00e4ngern erg\u00e4nzen.<\/strong><\/p>\n<p style=\"margin: 0cm; margin-bottom: .0001pt;\">\u00a0<\/p>\n<p style=\"margin: 0cm; margin-bottom: .0001pt;\"><strong>Bezaubernd, anmutig und vielseitig, eine Bereicherung f\u00fcr jeden Anlass.<\/strong><\/p>\n<p style=\"margin: 0cm; margin-bottom: .0001pt;\"><strong>Das Auswechseln der Einh\u00e4nger ist einfach und sicher.<\/strong><\/p>\n<p style=\"margin: 0cm; margin-bottom: .0001pt;\"><strong>Die Oberteile sind als Clip oder Stecker erh\u00e4ltlich.<\/strong><\/p>\n<p style=\"margin: 0cm; margin-bottom: .0001pt;\">\u00a0<\/p>\n<p style=\"margin-bottom: .0001pt; line-height: normal;\" class=\"MsoNormal\"><b><span style=\"mso-fareast-font-family: 'Times New Roman'; mso-bidi-font-family: Calibri; mso-bidi-theme-font: minor-latin; mso-fareast-language: DE;\">Diese Variante kombiniert schlichte Mondstein Oberteile mit anthrazitfarbenen Mondstein Pampeln und Brillanten. Ein weiteres liebevolles Detail sind die mit Brillanten besetzten Goldkappen.<\/span><\/b><span style=\"mso-fareast-font-family: 'Times New Roman'; mso-bidi-font-family: Calibri; mso-bidi-theme-font: minor-latin; mso-fareast-language: DE;\"><\/span><\/p>\n<p style=\"margin: 0cm; margin-bottom: .0001pt;\">\u00a0<\/p>\n<p style=\"margin: 0cm; margin-bottom: .0001pt;\"><strong><br \/><\/strong><\/p>\n<p><strong><br \/><\/strong><\/p>","protected":false},"excerpt":{"rendered":"<p>Vario Ohrschmuck Set bestehend aus Oberteilen und Einh\u00e4ngern: Ohrstecker mit grauen\u00a0Mondstein Cabochons Material: 750 Gelbgold Steine: graue\u00a0Mondstein Cabochons 10,21 ct\u00a0 \u00d8\u00a011 mm rund Einh\u00e4nger:\u00a0 Material: 750 Gelbgold Steine: 2 Brillanten 0,20 ct tw vsi \u00d8 3,0 mm, 96 Brillanten \u00d8 1,1 \u2013 1,3 mm, gesamt 0,736 ct tw vsi und graue Mondstein Pampeln 19 x [&hellip;]<\/p>","protected":false},"featured_media":9633,"comment_status":"open","ping_status":"closed","template":"","meta":{"_acf_changed":false,"_et_pb_use_builder":"","_et_pb_old_content":"","_et_gb_content_width":"","inline_featured_image":false},"product_brand":[332],"product_cat":[331],"product_tag":[],"class_list":{"0":"post-8462","1":"product","2":"type-product","3":"status-publish","4":"has-post-thumbnail","6":"product_brand-leinfelder","7":"product_cat-ohrschmuck","9":"first","10":"outofstock","11":"shipping-taxable","12":"purchasable","13":"product-type-simple"},"acf":[],"_links":{"self":[{"href":"https:\/\/leinfelder-juweler.com\/en\/wp-json\/wp\/v2\/product\/8462","targetHints":{"allow":["GET"]}}],"collection":[{"href":"https:\/\/leinfelder-juweler.com\/en\/wp-json\/wp\/v2\/product"}],"about":[{"href":"https:\/\/leinfelder-juweler.com\/en\/wp-json\/wp\/v2\/types\/product"}],"replies":[{"embeddable":true,"href":"https:\/\/leinfelder-juweler.com\/en\/wp-json\/wp\/v2\/comments?post=8462"}],"wp:featuredmedia":[{"embeddable":true,"href":"https:\/\/leinfelder-juweler.com\/en\/wp-json\/wp\/v2\/media\/9633"}],"wp:attachment":[{"href":"https:\/\/leinfelder-juweler.com\/en\/wp-json\/wp\/v2\/media?parent=8462"}],"wp:term":[{"taxonomy":"product_brand","embeddable":true,"href":"https:\/\/leinfelder-juweler.com\/en\/wp-json\/wp\/v2\/product_brand?post=8462"},{"taxonomy":"product_cat","embeddable":true,"href":"https:\/\/leinfelder-juweler.com\/en\/wp-json\/wp\/v2\/product_cat?post=8462"},{"taxonomy":"product_tag","embeddable":true,"href":"https:\/\/leinfelder-juweler.com\/en\/wp-json\/wp\/v2\/product_tag?post=8462"}],"curies":[{"name":"wp","href":"https:\/\/api.w.org\/{rel}","templated":true}]}}