{"id":8468,"date":"2025-11-20T18:02:17","date_gmt":"2025-11-20T15:02:17","guid":{"rendered":"https:\/\/leinfelder-juweler.com\/?post_type=product&#038;p=8468"},"modified":"2025-11-20T19:19:34","modified_gmt":"2025-11-20T16:19:34","slug":"ring-750-gelbgold-mit-3-tsavoriten-und-4-lila-saphiren","status":"publish","type":"product","link":"https:\/\/leinfelder-juweler.com\/en\/product\/ring-750-gelbgold-mit-3-tsavoriten-und-4-lila-saphiren\/","title":{"rendered":"Ring 750 Gelbgold mit 3 Tsavoriten und 4 lila Saphiren"},"content":{"rendered":"<p data-mce-fragment=\"1\"><strong>Ring 750 Gelbgold mit 3 Tsavoriten und 4 lila Saphiren<br \/><\/strong><\/p>\n<p data-mce-fragment=\"1\"><strong>Material: <\/strong>750 Yellow Gold<\/p>\n<p><strong>Stones:<\/strong> 1 Tsavorit 0,28 ct \u00d8 4,0 mm<\/p>\n<p>2 lila Saphire 0,29 ct \u00d8 3,2 mm<\/p>\n<p>2 Tsavorite 0,43 ct ct \u00d8 3,6 mm <\/p>\n<p>2 lila Saphire 0,15 ct \u00d8 2,5 mm<\/p>\n<p style=\"margin-bottom: .0001pt;\" class=\"MsoNormal\"><b style=\"mso-bidi-font-weight: normal;\">Unsere Schmuck-Linie &#8218;Klassik&#8216; besticht durch zeitlose Harmonie und feine Details. Die Kollektion umfasst Ohrschmuck, Ringe, Anh\u00e4nger und Armb\u00e4nder aus 750 Gelb-, Ros\u00e9- und Wei\u00dfgold, veredelt mit hochwertigen, farbigen Edelsteinen im Cabochon- und Facettenschliff. <\/b><\/p>\n<p style=\"margin-bottom: .0001pt;\" class=\"MsoNormal\">\u00a0<\/p>\n<p><strong>Bei diesem au\u00dfergew\u00f6hnlichen Ring tanzen die violett und gr\u00fcn funkelnden Edelsteine f\u00f6rmlich aus der Reihe. <\/strong><\/p>\n<p><b>Hinweis:\u00a0<\/b>Unsere Ringe sind in der angegebenen Gr\u00f6\u00dfe sofort lieferbar. Sollten sie sich einen Ring in einer anderen Gr\u00f6\u00dfe w\u00fcnschen, kontaktieren sie uns bitte. Wir informieren sie gerne \u00fcber die M\u00f6glichkeit und Dauer von Gr\u00f6\u00dfenanpassungen.<\/p>","protected":false},"excerpt":{"rendered":"<p>Ring 750 Gelbgold mit 3 Tsavoriten und 4 lila Saphiren Material: 750 Gelbgold Steine: 1 Tsavorit 0,28 ct \u00d8 4,0 mm 2 lila Saphire 0,29 ct \u00d8 3,2 mm 2 Tsavorite 0,43 ct ct \u00d8 3,6 mm 2 lila Saphire 0,15 ct \u00d8 2,5 mm Unsere Schmuck-Linie &#8218;Klassik&#8216; besticht durch zeitlose Harmonie und feine Details. [&hellip;]<\/p>","protected":false},"featured_media":9639,"comment_status":"open","ping_status":"closed","template":"","meta":{"_acf_changed":false,"_et_pb_use_builder":"","_et_pb_old_content":"","_et_gb_content_width":"","inline_featured_image":false},"product_brand":[332],"product_cat":[295],"product_tag":[],"class_list":{"0":"post-8468","1":"product","2":"type-product","3":"status-publish","4":"has-post-thumbnail","6":"product_brand-leinfelder","7":"product_cat-ringe","9":"first","10":"outofstock","11":"shipping-taxable","12":"purchasable","13":"product-type-simple"},"acf":[],"_links":{"self":[{"href":"https:\/\/leinfelder-juweler.com\/en\/wp-json\/wp\/v2\/product\/8468","targetHints":{"allow":["GET"]}}],"collection":[{"href":"https:\/\/leinfelder-juweler.com\/en\/wp-json\/wp\/v2\/product"}],"about":[{"href":"https:\/\/leinfelder-juweler.com\/en\/wp-json\/wp\/v2\/types\/product"}],"replies":[{"embeddable":true,"href":"https:\/\/leinfelder-juweler.com\/en\/wp-json\/wp\/v2\/comments?post=8468"}],"wp:featuredmedia":[{"embeddable":true,"href":"https:\/\/leinfelder-juweler.com\/en\/wp-json\/wp\/v2\/media\/9639"}],"wp:attachment":[{"href":"https:\/\/leinfelder-juweler.com\/en\/wp-json\/wp\/v2\/media?parent=8468"}],"wp:term":[{"taxonomy":"product_brand","embeddable":true,"href":"https:\/\/leinfelder-juweler.com\/en\/wp-json\/wp\/v2\/product_brand?post=8468"},{"taxonomy":"product_cat","embeddable":true,"href":"https:\/\/leinfelder-juweler.com\/en\/wp-json\/wp\/v2\/product_cat?post=8468"},{"taxonomy":"product_tag","embeddable":true,"href":"https:\/\/leinfelder-juweler.com\/en\/wp-json\/wp\/v2\/product_tag?post=8468"}],"curies":[{"name":"wp","href":"https:\/\/api.w.org\/{rel}","templated":true}]}}