{"id":8471,"date":"2025-11-20T18:02:32","date_gmt":"2025-11-20T15:02:32","guid":{"rendered":"https:\/\/leinfelder-juweler.com\/?post_type=product&#038;p=8471"},"modified":"2025-11-20T19:19:44","modified_gmt":"2025-11-20T16:19:44","slug":"vario-ohrschmuck-set-42","status":"publish","type":"product","link":"https:\/\/leinfelder-juweler.com\/en\/product\/vario-ohrschmuck-set-42\/","title":{"rendered":"Vario Ohrschmuck Set"},"content":{"rendered":"<p><strong>Vario Ohrschmuck Set aus Ohrsteckern und Einh\u00e4ngern: <\/strong><\/p>\n<p><strong>Oberteile: Runde Ohrstecker\u00a0mit Brillanten<br \/><\/strong><\/p>\n<p><strong>Material: <\/strong>750 Yellow Gold<\/p>\n<p><strong>Ma\u00dfe: <\/strong>\u00d8 11,8 mm<\/p>\n<p><strong>Stones: <\/strong>142 Brillanten gesamt 2,12 ct tw vsi<\/p>\n<p><strong>Einh\u00e4nger: Einh\u00e4nger mit Perlen und Brillanten<\/strong><\/p>\n<p><strong>Material: <\/strong>750 Yellow Gold<\/p>\n<p><strong>Stones: <\/strong>S\u00fc\u00dfwasser-Perltropfen 8 &#8211; 8,5 mm und 2 Brillanten \u00d8 3,0 mm gesamt 0,20 ct tw vs<\/p>\n<p><strong>Starker Auftritt!<\/strong><\/p>\n<p><strong>144 Brillanten erzeugen ein wahres Feuerwerk in diesen beeindruckenden Ohrringen.<\/strong><strong data-mce-fragment=\"1\">\u00a0 Die schimmernden <\/strong><strong data-mce-fragment=\"1\">S\u00fc\u00dfwasserperlen sind eine stilsichere Erg\u00e4nzung.<\/strong><\/p>\n<div><\/div>","protected":false},"excerpt":{"rendered":"<p>Vario Ohrschmuck Set aus Ohrsteckern und Einh\u00e4ngern: Oberteile: Runde Ohrstecker\u00a0mit Brillanten Material: 750 Gelbgold Ma\u00dfe: \u00d8 11,8 mm Steine: 142 Brillanten gesamt 2,12 ct tw vsi Einh\u00e4nger: Einh\u00e4nger mit Perlen und Brillanten Material: 750 Gelbgold Steine: S\u00fc\u00dfwasser-Perltropfen 8 &#8211; 8,5 mm und 2 Brillanten \u00d8 3,0 mm gesamt 0,20 ct tw vs Starker Auftritt! 144 [&hellip;]<\/p>","protected":false},"featured_media":9642,"comment_status":"open","ping_status":"closed","template":"","meta":{"_acf_changed":false,"_et_pb_use_builder":"","_et_pb_old_content":"","_et_gb_content_width":"","inline_featured_image":false},"product_brand":[332],"product_cat":[331],"product_tag":[],"class_list":{"0":"post-8471","1":"product","2":"type-product","3":"status-publish","4":"has-post-thumbnail","6":"product_brand-leinfelder","7":"product_cat-ohrschmuck","9":"first","10":"outofstock","11":"shipping-taxable","12":"purchasable","13":"product-type-simple"},"acf":[],"_links":{"self":[{"href":"https:\/\/leinfelder-juweler.com\/en\/wp-json\/wp\/v2\/product\/8471","targetHints":{"allow":["GET"]}}],"collection":[{"href":"https:\/\/leinfelder-juweler.com\/en\/wp-json\/wp\/v2\/product"}],"about":[{"href":"https:\/\/leinfelder-juweler.com\/en\/wp-json\/wp\/v2\/types\/product"}],"replies":[{"embeddable":true,"href":"https:\/\/leinfelder-juweler.com\/en\/wp-json\/wp\/v2\/comments?post=8471"}],"wp:featuredmedia":[{"embeddable":true,"href":"https:\/\/leinfelder-juweler.com\/en\/wp-json\/wp\/v2\/media\/9642"}],"wp:attachment":[{"href":"https:\/\/leinfelder-juweler.com\/en\/wp-json\/wp\/v2\/media?parent=8471"}],"wp:term":[{"taxonomy":"product_brand","embeddable":true,"href":"https:\/\/leinfelder-juweler.com\/en\/wp-json\/wp\/v2\/product_brand?post=8471"},{"taxonomy":"product_cat","embeddable":true,"href":"https:\/\/leinfelder-juweler.com\/en\/wp-json\/wp\/v2\/product_cat?post=8471"},{"taxonomy":"product_tag","embeddable":true,"href":"https:\/\/leinfelder-juweler.com\/en\/wp-json\/wp\/v2\/product_tag?post=8471"}],"curies":[{"name":"wp","href":"https:\/\/api.w.org\/{rel}","templated":true}]}}