{"id":8472,"date":"2025-11-20T18:02:32","date_gmt":"2025-11-20T15:02:32","guid":{"rendered":"https:\/\/leinfelder-juweler.com\/?post_type=product&#038;p=8472"},"modified":"2025-11-20T19:19:47","modified_gmt":"2025-11-20T16:19:47","slug":"einhaenger-fuer-vario-ohrschmuck-mit-perlen-und-brillanten","status":"publish","type":"product","link":"https:\/\/leinfelder-juweler.com\/en\/product\/einhaenger-fuer-vario-ohrschmuck-mit-perlen-und-brillanten\/","title":{"rendered":"Einh\u00e4nger f\u00fcr Vario Ohrschmuck mit Perlen und Brillanten"},"content":{"rendered":"<p><strong>Vario Ohrschmuck Einh\u00e4nger mit Perlen und Brillanten<br \/><\/strong><\/p>\n<p><strong>Material: <\/strong>750 Yellow Gold<\/p>\n<p><strong>Stones: <\/strong>S\u00fc\u00dfwasser-Perltropfen 8 &#8211; 8,5 mm und 2 Brillanten \u00d8 3,0 mm gesamt 0,20 ct tw vs <\/p>\n<div><strong>Diese Einh\u00e4nger aus Gelbgold mit den schimmernden <\/strong><\/div>\n<div><strong>S\u00fc\u00dfwasserperlen sind eine stilsichere Erg\u00e4nzung zu unseren zahlreichen Vario Ohrringen.<\/strong><\/div>","protected":false},"excerpt":{"rendered":"<p>Vario Ohrschmuck Einh\u00e4nger mit Perlen und Brillanten Material: 750 Gelbgold Steine: S\u00fc\u00dfwasser-Perltropfen 8 &#8211; 8,5 mm und 2 Brillanten \u00d8 3,0 mm gesamt 0,20 ct tw vs Diese Einh\u00e4nger aus Gelbgold mit den schimmernden S\u00fc\u00dfwasserperlen sind eine stilsichere Erg\u00e4nzung zu unseren zahlreichen Vario Ohrringen.<\/p>","protected":false},"featured_media":9643,"comment_status":"open","ping_status":"closed","template":"","meta":{"_acf_changed":false,"_et_pb_use_builder":"","_et_pb_old_content":"","_et_gb_content_width":"","inline_featured_image":false},"product_brand":[332],"product_cat":[331],"product_tag":[],"class_list":{"0":"post-8472","1":"product","2":"type-product","3":"status-publish","4":"has-post-thumbnail","6":"product_brand-leinfelder","7":"product_cat-ohrschmuck","9":"first","10":"outofstock","11":"shipping-taxable","12":"purchasable","13":"product-type-simple"},"acf":[],"_links":{"self":[{"href":"https:\/\/leinfelder-juweler.com\/en\/wp-json\/wp\/v2\/product\/8472","targetHints":{"allow":["GET"]}}],"collection":[{"href":"https:\/\/leinfelder-juweler.com\/en\/wp-json\/wp\/v2\/product"}],"about":[{"href":"https:\/\/leinfelder-juweler.com\/en\/wp-json\/wp\/v2\/types\/product"}],"replies":[{"embeddable":true,"href":"https:\/\/leinfelder-juweler.com\/en\/wp-json\/wp\/v2\/comments?post=8472"}],"wp:featuredmedia":[{"embeddable":true,"href":"https:\/\/leinfelder-juweler.com\/en\/wp-json\/wp\/v2\/media\/9643"}],"wp:attachment":[{"href":"https:\/\/leinfelder-juweler.com\/en\/wp-json\/wp\/v2\/media?parent=8472"}],"wp:term":[{"taxonomy":"product_brand","embeddable":true,"href":"https:\/\/leinfelder-juweler.com\/en\/wp-json\/wp\/v2\/product_brand?post=8472"},{"taxonomy":"product_cat","embeddable":true,"href":"https:\/\/leinfelder-juweler.com\/en\/wp-json\/wp\/v2\/product_cat?post=8472"},{"taxonomy":"product_tag","embeddable":true,"href":"https:\/\/leinfelder-juweler.com\/en\/wp-json\/wp\/v2\/product_tag?post=8472"}],"curies":[{"name":"wp","href":"https:\/\/api.w.org\/{rel}","templated":true}]}}