{"id":8480,"date":"2025-11-20T18:02:35","date_gmt":"2025-11-20T15:02:35","guid":{"rendered":"https:\/\/leinfelder-juweler.com\/?post_type=product&#038;p=8480"},"modified":"2025-11-20T19:20:03","modified_gmt":"2025-11-20T16:20:03","slug":"vario-ohrschmuck-set-45","status":"publish","type":"product","link":"https:\/\/leinfelder-juweler.com\/en\/product\/vario-ohrschmuck-set-45\/","title":{"rendered":"Vario Ohrschmuck Set"},"content":{"rendered":"<p><strong>Vario Ohrschmuck Set aus Ohrsteckern und Einh\u00e4ngern: <\/strong><\/p>\n<p><strong>Oberteile: Ohrstecker <span data-mce-fragment=\"1\">\u201e<\/span><span data-mce-fragment=\"1\"><\/span><span data-mce-fragment=\"1\">Vario\u201c<\/span><span data-mce-fragment=\"1\"><\/span> Kissen-3-Ecke &#8211; klein<br \/><\/strong><\/p>\n<p><strong>Material: <\/strong>750 Yellow Gold<\/p>\n<p><strong>Ma\u00dfe: <\/strong>11,7 mm<\/p>\n<p><strong>Einh\u00e4nger: <\/strong><strong><br \/><\/strong><\/p>\n<p><strong>Material:\u00a0<\/strong>750 Yellow Gold<\/p>\n<p><strong>Stones: <\/strong>2 Rubine Burma Ia 0,258 ct \u00d8 3 mm rund facettiert, 8 pink Saphir Cabochons\u00a0 \u00d8 1,5 mm und Pala Turmalin Pampeln 16,59 ct 17 x 7,7 mm<\/p>\n<p><strong>Unser Vario Ohrschmuck aus 750 Gelb- oder Wei\u00dfgold bietet vielseitige Kombinationsm\u00f6glichkeiten. Die Oberteile k\u00f6nnen separat getragen werden und lassen sich mit einer Vielzahl von Einh\u00e4ngern erg\u00e4nzen.<\/strong><\/p>\n<p style=\"margin: 0cm; margin-bottom: .0001pt;\"><strong>Bezaubernd, anmutig und vielseitig, eine Bereicherung f\u00fcr jeden Anlass.<\/strong><\/p>\n<p style=\"margin: 0cm; margin-bottom: .0001pt;\"><strong>Das Auswechseln der Einh\u00e4nger ist einfach und sicher.<\/strong><\/p>\n<p style=\"margin: 0cm; margin-bottom: .0001pt;\"><strong>Die Oberteile sind als Clip oder Stecker erh\u00e4ltlich.<\/strong><\/p>\n<p style=\"margin: 0cm; margin-bottom: .0001pt;\">\u00a0<\/p>\n<p style=\"margin: 0cm; margin-bottom: .0001pt;\"><strong>Diese Variante kombiniert goldene Kissendreiecke mit rosafarbenen Turmalin Pampeln und Rubinen im Facettenschliff. Ein weiteres liebevolles Detail sind die pink Saphir Cabochons in der Kappe.<br \/><\/strong><\/p>\n<div>\n<strong><\/strong>\n<\/div>","protected":false},"excerpt":{"rendered":"<p>Vario Ohrschmuck Set aus Ohrsteckern und Einh\u00e4ngern: Oberteile: Ohrstecker \u201eVario\u201c Kissen-3-Ecke &#8211; klein Material: 750 Gelbgold Ma\u00dfe: 11,7 mm Einh\u00e4nger: Material:\u00a0750 Gelbgold Steine: 2 Rubine Burma Ia 0,258 ct \u00d8 3 mm rund facettiert, 8 pink Saphir Cabochons\u00a0 \u00d8 1,5 mm und Pala Turmalin Pampeln 16,59 ct 17 x 7,7 mm Unser Vario Ohrschmuck aus [&hellip;]<\/p>","protected":false},"featured_media":9651,"comment_status":"open","ping_status":"closed","template":"","meta":{"_acf_changed":false,"_et_pb_use_builder":"","_et_pb_old_content":"","_et_gb_content_width":"","inline_featured_image":false},"product_brand":[332],"product_cat":[331],"product_tag":[],"class_list":{"0":"post-8480","1":"product","2":"type-product","3":"status-publish","4":"has-post-thumbnail","6":"product_brand-leinfelder","7":"product_cat-ohrschmuck","9":"first","10":"instock","11":"shipping-taxable","12":"purchasable","13":"product-type-simple"},"acf":[],"_links":{"self":[{"href":"https:\/\/leinfelder-juweler.com\/en\/wp-json\/wp\/v2\/product\/8480","targetHints":{"allow":["GET"]}}],"collection":[{"href":"https:\/\/leinfelder-juweler.com\/en\/wp-json\/wp\/v2\/product"}],"about":[{"href":"https:\/\/leinfelder-juweler.com\/en\/wp-json\/wp\/v2\/types\/product"}],"replies":[{"embeddable":true,"href":"https:\/\/leinfelder-juweler.com\/en\/wp-json\/wp\/v2\/comments?post=8480"}],"wp:featuredmedia":[{"embeddable":true,"href":"https:\/\/leinfelder-juweler.com\/en\/wp-json\/wp\/v2\/media\/9651"}],"wp:attachment":[{"href":"https:\/\/leinfelder-juweler.com\/en\/wp-json\/wp\/v2\/media?parent=8480"}],"wp:term":[{"taxonomy":"product_brand","embeddable":true,"href":"https:\/\/leinfelder-juweler.com\/en\/wp-json\/wp\/v2\/product_brand?post=8480"},{"taxonomy":"product_cat","embeddable":true,"href":"https:\/\/leinfelder-juweler.com\/en\/wp-json\/wp\/v2\/product_cat?post=8480"},{"taxonomy":"product_tag","embeddable":true,"href":"https:\/\/leinfelder-juweler.com\/en\/wp-json\/wp\/v2\/product_tag?post=8480"}],"curies":[{"name":"wp","href":"https:\/\/api.w.org\/{rel}","templated":true}]}}