{"id":8481,"date":"2025-11-20T18:02:35","date_gmt":"2025-11-20T15:02:35","guid":{"rendered":"https:\/\/leinfelder-juweler.com\/?post_type=product&#038;p=8481"},"modified":"2025-11-20T19:20:04","modified_gmt":"2025-11-20T16:20:04","slug":"klappcreolen-750-gelbgold-2","status":"publish","type":"product","link":"https:\/\/leinfelder-juweler.com\/en\/product\/klappcreolen-750-gelbgold-2\/","title":{"rendered":"Klappcreolen 750 Gelbgold"},"content":{"rendered":"<p><strong>Ohrschmuck Klappcreolen Rundprofil<span data-mce-fragment=\"1\"><\/span><\/strong><\/p>\n<p><strong>Material: <\/strong>750 Yellow Gold<\/p>\n<p><strong>Ma\u00dfe: <\/strong>35 mm au\u00dfen \u00d8 4 mm rundes Profil<span data-mce-fragment=\"1\"><\/span><\/p>\n<p><strong data-mce-fragment=\"1\">Forever young! <\/strong><\/p>\n<div data-mce-fragment=\"1\"><strong data-mce-fragment=\"1\">Diese l\u00e4ssigen Creolen stehen f\u00fcr ein Lebensgef\u00fchl ganzer Generationen. <\/strong><\/div>\n<p><\/p>","protected":false},"excerpt":{"rendered":"<p>Ohrschmuck Klappcreolen Rundprofil Material: 750 Gelbgold Ma\u00dfe: 35 mm au\u00dfen \u00d8 4 mm rundes Profil Forever young! Diese l\u00e4ssigen Creolen stehen f\u00fcr ein Lebensgef\u00fchl ganzer Generationen.<\/p>","protected":false},"featured_media":9652,"comment_status":"open","ping_status":"closed","template":"","meta":{"_acf_changed":false,"_et_pb_use_builder":"","_et_pb_old_content":"","_et_gb_content_width":"","inline_featured_image":false},"product_brand":[332],"product_cat":[331],"product_tag":[],"class_list":{"0":"post-8481","1":"product","2":"type-product","3":"status-publish","4":"has-post-thumbnail","6":"product_brand-leinfelder","7":"product_cat-ohrschmuck","9":"first","10":"outofstock","11":"shipping-taxable","12":"purchasable","13":"product-type-simple"},"acf":[],"_links":{"self":[{"href":"https:\/\/leinfelder-juweler.com\/en\/wp-json\/wp\/v2\/product\/8481","targetHints":{"allow":["GET"]}}],"collection":[{"href":"https:\/\/leinfelder-juweler.com\/en\/wp-json\/wp\/v2\/product"}],"about":[{"href":"https:\/\/leinfelder-juweler.com\/en\/wp-json\/wp\/v2\/types\/product"}],"replies":[{"embeddable":true,"href":"https:\/\/leinfelder-juweler.com\/en\/wp-json\/wp\/v2\/comments?post=8481"}],"wp:featuredmedia":[{"embeddable":true,"href":"https:\/\/leinfelder-juweler.com\/en\/wp-json\/wp\/v2\/media\/9652"}],"wp:attachment":[{"href":"https:\/\/leinfelder-juweler.com\/en\/wp-json\/wp\/v2\/media?parent=8481"}],"wp:term":[{"taxonomy":"product_brand","embeddable":true,"href":"https:\/\/leinfelder-juweler.com\/en\/wp-json\/wp\/v2\/product_brand?post=8481"},{"taxonomy":"product_cat","embeddable":true,"href":"https:\/\/leinfelder-juweler.com\/en\/wp-json\/wp\/v2\/product_cat?post=8481"},{"taxonomy":"product_tag","embeddable":true,"href":"https:\/\/leinfelder-juweler.com\/en\/wp-json\/wp\/v2\/product_tag?post=8481"}],"curies":[{"name":"wp","href":"https:\/\/api.w.org\/{rel}","templated":true}]}}