{"id":8485,"date":"2025-11-20T18:02:37","date_gmt":"2025-11-20T15:02:37","guid":{"rendered":"https:\/\/leinfelder-juweler.com\/?post_type=product&#038;p=8485"},"modified":"2025-11-20T19:20:11","modified_gmt":"2025-11-20T16:20:11","slug":"ring-mit-pink-saphir-und-34-brillanten","status":"publish","type":"product","link":"https:\/\/leinfelder-juweler.com\/en\/product\/ring-mit-pink-saphir-und-34-brillanten\/","title":{"rendered":"Ring mit pink Saphir und 34 Brillanten"},"content":{"rendered":"<p><strong>Ring mit pink Saphir und 34 Brillanten<\/strong><\/p>\n<p><strong>Material:\u00a0<\/strong>750 Yellow Gold<\/p>\n<p><strong>Stones: <\/strong>1,0 ct\u00a0pink Saphir \u00d8 6,2 mm rund facettiert und 34 Brillanten \u00d8 1,1 -1,5,mm gesamt 0,364 ct tw vsi<\/p>\n<p><strong><b style=\"mso-bidi-font-weight: normal;\"><span style=\"font-size: 11.0pt; line-height: 115%; font-family: 'Calibri',sans-serif; mso-ascii-theme-font: minor-latin; mso-fareast-font-family: Calibri; mso-fareast-theme-font: minor-latin; mso-hansi-theme-font: minor-latin; mso-bidi-font-family: 'Times New Roman'; mso-bidi-theme-font: minor-bidi; mso-ansi-language: DE; mso-fareast-language: EN-US; mso-bidi-language: AR-SA;\">Solit\u00e4rringe sind das Sinnbild klassischer Eleganz und zeitloser Sch\u00f6nheit. Ihr zentrales Merkmal ist ein einziger, funkelnder Edelstein \u2013 meist ein Diamant \u2013 der alle Blicke auf sich zieht. Dieser Stein wird kunstvoll in einer Fassung pr\u00e4sentiert, die ihn optimal zur Geltung bringt und das Licht in alle Richtungen reflektiert. Solit\u00e4rringe symbolisieren Reinheit, Klarheit und die Einzigartigkeit der Liebe, was sie zur perfekten Wahl f\u00fcr Verlobungen und besondere Momente macht.<\/span><\/b><\/strong><\/p>\n<p><b>Hinweis: <\/b>Unsere Ringe sind in der angegebenen Gr\u00f6\u00dfe sofort lieferbar. Sollten sie sich einen Ring in einer anderen Gr\u00f6\u00dfe w\u00fcnschen, kontaktieren sie uns bitte. Wir informieren sie gerne \u00fcber die M\u00f6glichkeit und Dauer von Gr\u00f6\u00dfenanpassungen.<\/p>\n<p><\/p>","protected":false},"excerpt":{"rendered":"<p>Ring mit pink Saphir und 34 Brillanten Material:\u00a0750 Gelbgold Steine: 1,0 ct\u00a0pink Saphir \u00d8 6,2 mm rund facettiert und 34 Brillanten \u00d8 1,1 -1,5,mm gesamt 0,364 ct tw vsi Solit\u00e4rringe sind das Sinnbild klassischer Eleganz und zeitloser Sch\u00f6nheit. Ihr zentrales Merkmal ist ein einziger, funkelnder Edelstein \u2013 meist ein Diamant \u2013 der alle Blicke auf [&hellip;]<\/p>","protected":false},"featured_media":9656,"comment_status":"open","ping_status":"closed","template":"","meta":{"_acf_changed":false,"_et_pb_use_builder":"","_et_pb_old_content":"","_et_gb_content_width":"","inline_featured_image":false},"product_brand":[332],"product_cat":[295],"product_tag":[],"class_list":{"0":"post-8485","1":"product","2":"type-product","3":"status-publish","4":"has-post-thumbnail","6":"product_brand-leinfelder","7":"product_cat-ringe","9":"first","10":"outofstock","11":"shipping-taxable","12":"purchasable","13":"product-type-simple"},"acf":[],"_links":{"self":[{"href":"https:\/\/leinfelder-juweler.com\/en\/wp-json\/wp\/v2\/product\/8485","targetHints":{"allow":["GET"]}}],"collection":[{"href":"https:\/\/leinfelder-juweler.com\/en\/wp-json\/wp\/v2\/product"}],"about":[{"href":"https:\/\/leinfelder-juweler.com\/en\/wp-json\/wp\/v2\/types\/product"}],"replies":[{"embeddable":true,"href":"https:\/\/leinfelder-juweler.com\/en\/wp-json\/wp\/v2\/comments?post=8485"}],"wp:featuredmedia":[{"embeddable":true,"href":"https:\/\/leinfelder-juweler.com\/en\/wp-json\/wp\/v2\/media\/9656"}],"wp:attachment":[{"href":"https:\/\/leinfelder-juweler.com\/en\/wp-json\/wp\/v2\/media?parent=8485"}],"wp:term":[{"taxonomy":"product_brand","embeddable":true,"href":"https:\/\/leinfelder-juweler.com\/en\/wp-json\/wp\/v2\/product_brand?post=8485"},{"taxonomy":"product_cat","embeddable":true,"href":"https:\/\/leinfelder-juweler.com\/en\/wp-json\/wp\/v2\/product_cat?post=8485"},{"taxonomy":"product_tag","embeddable":true,"href":"https:\/\/leinfelder-juweler.com\/en\/wp-json\/wp\/v2\/product_tag?post=8485"}],"curies":[{"name":"wp","href":"https:\/\/api.w.org\/{rel}","templated":true}]}}