{"id":8489,"date":"2025-11-20T18:02:38","date_gmt":"2025-11-20T15:02:38","guid":{"rendered":"https:\/\/leinfelder-juweler.com\/?post_type=product&#038;p=8489"},"modified":"2025-11-20T19:20:18","modified_gmt":"2025-11-20T16:20:18","slug":"anhaenger-750-gelbgold-mit-rubellit-und-pala-turmalin","status":"publish","type":"product","link":"https:\/\/leinfelder-juweler.com\/en\/product\/anhaenger-750-gelbgold-mit-rubellit-und-pala-turmalin\/","title":{"rendered":"Anh\u00e4nger 750 Gelbgold mit Rubellit und Pala Turmalin"},"content":{"rendered":"<p data-mce-fragment=\"1\"><strong>Anh\u00e4nger 750 Gelbgold mit beweglicher \u00d6se und Turmalin\u00a0<\/strong><\/p>\n<p data-mce-fragment=\"1\"><strong>Material: <\/strong>750 Yellow Gold<\/p>\n<p data-mce-fragment=\"1\"><strong>Stones: <\/strong>Rubellit 0,35 ct \u00d8 4,5mm rund facettiert und 10,89 ct Pala Turmalin Cabochon Ia 15,4 x 12,7 mm<\/p>\n<p data-mce-fragment=\"1\"><strong><b style=\"mso-bidi-font-weight: normal;\"><span style=\"font-size: 11.0pt; line-height: 115%; font-family: 'Calibri',sans-serif; mso-ascii-theme-font: minor-latin; mso-fareast-font-family: Calibri; mso-fareast-theme-font: minor-latin; mso-hansi-theme-font: minor-latin; mso-bidi-theme-font: minor-latin; mso-ansi-language: DE; mso-fareast-language: EN-US; mso-bidi-language: AR-SA;\">Unsere Schmuck-Linie &#8218;Klassik&#8216; besticht durch zeitlose Harmonie und feine Details. Die Kollektion umfasst Ohrschmuck, Ringe, Anh\u00e4nger und Armb\u00e4nder aus 750 Gelb-, Ros\u00e9- und Wei\u00dfgold, veredelt mit hochwertigen, farbigen Edelsteinen im Cabochon- und Facettenschliff.<\/span><\/b><\/strong><\/p>\n<p data-mce-fragment=\"1\"><strong>Rarit\u00e4t! Der rosafarbene Turmalin Cabochon stammt aus der kalifornischen Pala Mine, deren Vorkommen mittlerweile ersch\u00f6pft ist.<\/strong><\/p>","protected":false},"excerpt":{"rendered":"<p>Anh\u00e4nger 750 Gelbgold mit beweglicher \u00d6se und Turmalin\u00a0 Material: 750 Gelbgold Steine: Rubellit 0,35 ct \u00d8 4,5mm rund facettiert und 10,89 ct Pala Turmalin Cabochon Ia 15,4 x 12,7 mm Unsere Schmuck-Linie &#8218;Klassik&#8216; besticht durch zeitlose Harmonie und feine Details. Die Kollektion umfasst Ohrschmuck, Ringe, Anh\u00e4nger und Armb\u00e4nder aus 750 Gelb-, Ros\u00e9- und Wei\u00dfgold, veredelt [&hellip;]<\/p>","protected":false},"featured_media":9660,"comment_status":"open","ping_status":"closed","template":"","meta":{"_acf_changed":false,"_et_pb_use_builder":"","_et_pb_old_content":"","_et_gb_content_width":"","inline_featured_image":false},"product_brand":[332],"product_cat":[333],"product_tag":[],"class_list":{"0":"post-8489","1":"product","2":"type-product","3":"status-publish","4":"has-post-thumbnail","6":"product_brand-leinfelder","7":"product_cat-halsschmuck","9":"first","10":"outofstock","11":"shipping-taxable","12":"purchasable","13":"product-type-simple"},"acf":[],"_links":{"self":[{"href":"https:\/\/leinfelder-juweler.com\/en\/wp-json\/wp\/v2\/product\/8489","targetHints":{"allow":["GET"]}}],"collection":[{"href":"https:\/\/leinfelder-juweler.com\/en\/wp-json\/wp\/v2\/product"}],"about":[{"href":"https:\/\/leinfelder-juweler.com\/en\/wp-json\/wp\/v2\/types\/product"}],"replies":[{"embeddable":true,"href":"https:\/\/leinfelder-juweler.com\/en\/wp-json\/wp\/v2\/comments?post=8489"}],"wp:featuredmedia":[{"embeddable":true,"href":"https:\/\/leinfelder-juweler.com\/en\/wp-json\/wp\/v2\/media\/9660"}],"wp:attachment":[{"href":"https:\/\/leinfelder-juweler.com\/en\/wp-json\/wp\/v2\/media?parent=8489"}],"wp:term":[{"taxonomy":"product_brand","embeddable":true,"href":"https:\/\/leinfelder-juweler.com\/en\/wp-json\/wp\/v2\/product_brand?post=8489"},{"taxonomy":"product_cat","embeddable":true,"href":"https:\/\/leinfelder-juweler.com\/en\/wp-json\/wp\/v2\/product_cat?post=8489"},{"taxonomy":"product_tag","embeddable":true,"href":"https:\/\/leinfelder-juweler.com\/en\/wp-json\/wp\/v2\/product_tag?post=8489"}],"curies":[{"name":"wp","href":"https:\/\/api.w.org\/{rel}","templated":true}]}}