{"id":8492,"date":"2025-11-20T18:02:39","date_gmt":"2025-11-20T15:02:39","guid":{"rendered":"https:\/\/leinfelder-juweler.com\/?post_type=product&#038;p=8492"},"modified":"2025-11-20T19:20:22","modified_gmt":"2025-11-20T16:20:22","slug":"klappcreolen-750-gelbgold-mit-pink-saphiren-und-perleinhaengern","status":"publish","type":"product","link":"https:\/\/leinfelder-juweler.com\/en\/product\/klappcreolen-750-gelbgold-mit-pink-saphiren-und-perleinhaengern\/","title":{"rendered":"Klappcreolen 750 Gelbgold mit pink Saphiren und Perleinh\u00e4ngern"},"content":{"rendered":"<p><strong>Ohrschmuck\u00a0Klappcreolen mit pink Saphiren und Perleinh\u00e4ngern<br \/><\/strong><\/p>\n<p><strong>Material: <\/strong>750 Yellow Gold<\/p>\n<p><strong>Stones: <\/strong>Vorderseite 1-reihig\u00a0 pav\u00e9 mit 18 pink Saphiren \u00d8 1,6 mm<\/p>\n<p><strong>Ma\u00dfe: <\/strong>2,5 mm breit \/\u00a013,5 mm au\u00dfen<\/p>\n<p><strong>Einh\u00e4nger:<\/strong><\/p>\n<p><strong data-mce-fragment=\"1\">Material:\u00a0<\/strong>750 Yellow Gold<\/p>\n<p><strong>Stones:<\/strong> S\u00fc\u00dfwasser- Perlen 10 &#8211; 10,5 mm\u00a0<\/p>\n<p class=\"MsoNormal\" style=\"margin-bottom: .0001pt;\"><b style=\"mso-bidi-font-weight: normal;\">Diese Ohrringe symbolisieren zeitlose Eleganz und best\u00e4ndige Sch\u00f6nheit.<\/b><\/p>\n<p class=\"MsoNormal\" style=\"margin-bottom: .0001pt;\"><b style=\"mso-bidi-font-weight: normal;\">Jeder Stein steht f\u00fcr einen besonderen Moment oder ein gemeinsames Erlebnis in einer Beziehung.<u><\/u><\/b><\/p>\n<p class=\"MsoNormal\" style=\"margin-bottom: .0001pt;\"><b style=\"mso-bidi-font-weight: normal;\">Die zarten Perleinh\u00e4nger sind eine edle Erg\u00e4nzung.<\/b><\/p>","protected":false},"excerpt":{"rendered":"<p>Ohrschmuck\u00a0Klappcreolen mit pink Saphiren und Perleinh\u00e4ngern Material: 750 Gelbgold Steine: Vorderseite 1-reihig\u00a0 pav\u00e9 mit 18 pink Saphiren \u00d8 1,6 mm Ma\u00dfe: 2,5 mm breit \/\u00a013,5 mm au\u00dfen Einh\u00e4nger: Material:\u00a0750 Gelbgold Steine: S\u00fc\u00dfwasser- Perlen 10 &#8211; 10,5 mm\u00a0 Diese Ohrringe symbolisieren zeitlose Eleganz und best\u00e4ndige Sch\u00f6nheit. Jeder Stein steht f\u00fcr einen besonderen Moment oder ein gemeinsames [&hellip;]<\/p>","protected":false},"featured_media":9662,"comment_status":"open","ping_status":"closed","template":"","meta":{"_acf_changed":false,"_et_pb_use_builder":"","_et_pb_old_content":"","_et_gb_content_width":"","inline_featured_image":false},"product_brand":[332],"product_cat":[331],"product_tag":[],"class_list":{"0":"post-8492","1":"product","2":"type-product","3":"status-publish","4":"has-post-thumbnail","6":"product_brand-leinfelder","7":"product_cat-ohrschmuck","9":"first","10":"outofstock","11":"shipping-taxable","12":"purchasable","13":"product-type-simple"},"acf":[],"_links":{"self":[{"href":"https:\/\/leinfelder-juweler.com\/en\/wp-json\/wp\/v2\/product\/8492","targetHints":{"allow":["GET"]}}],"collection":[{"href":"https:\/\/leinfelder-juweler.com\/en\/wp-json\/wp\/v2\/product"}],"about":[{"href":"https:\/\/leinfelder-juweler.com\/en\/wp-json\/wp\/v2\/types\/product"}],"replies":[{"embeddable":true,"href":"https:\/\/leinfelder-juweler.com\/en\/wp-json\/wp\/v2\/comments?post=8492"}],"wp:featuredmedia":[{"embeddable":true,"href":"https:\/\/leinfelder-juweler.com\/en\/wp-json\/wp\/v2\/media\/9662"}],"wp:attachment":[{"href":"https:\/\/leinfelder-juweler.com\/en\/wp-json\/wp\/v2\/media?parent=8492"}],"wp:term":[{"taxonomy":"product_brand","embeddable":true,"href":"https:\/\/leinfelder-juweler.com\/en\/wp-json\/wp\/v2\/product_brand?post=8492"},{"taxonomy":"product_cat","embeddable":true,"href":"https:\/\/leinfelder-juweler.com\/en\/wp-json\/wp\/v2\/product_cat?post=8492"},{"taxonomy":"product_tag","embeddable":true,"href":"https:\/\/leinfelder-juweler.com\/en\/wp-json\/wp\/v2\/product_tag?post=8492"}],"curies":[{"name":"wp","href":"https:\/\/api.w.org\/{rel}","templated":true}]}}