{"id":8496,"date":"2025-11-20T18:02:40","date_gmt":"2025-11-20T15:02:40","guid":{"rendered":"https:\/\/leinfelder-juweler.com\/?post_type=product&#038;p=8496"},"modified":"2025-11-20T19:20:29","modified_gmt":"2025-11-20T16:20:29","slug":"mantelring-tailliert-mit-blauem-mondstein","status":"publish","type":"product","link":"https:\/\/leinfelder-juweler.com\/en\/product\/mantelring-tailliert-mit-blauem-mondstein\/","title":{"rendered":"Mantelring tailliert mit blauem Mondstein"},"content":{"rendered":"<p><strong><span>Mantelring 750 Gelbgold tailliert mit blauem Mondstein Cabochon<\/span><\/strong><\/p>\n<p><strong>Material:\u00a0<\/strong>750 Yellow Gold<\/p>\n<p><strong>Stein: <\/strong>Mondstein Cabochon 10,47 ct 16 x 12 mm<\/p>\n<p class=\"MsoNormal\" style=\"margin-bottom: .0001pt; line-height: normal; mso-layout-grid-align: none; text-autospace: none;\"><b style=\"mso-bidi-font-weight: normal;\">Unsere Mantelringe zeichnen sich durch ihre kraftvolle Pr\u00e4senz und raffinierte Gestaltung aus. <\/b><\/p>\n<p class=\"MsoNormal\" style=\"margin-bottom: .0001pt; line-height: normal; mso-layout-grid-align: none; text-autospace: none;\"><b style=\"mso-bidi-font-weight: normal;\">Ein Ausdruck zeitloser Eleganz und meisterlicher Handwerkskunst.<\/b><b style=\"mso-bidi-font-weight: normal;\"><span style=\"font-size: 9.0pt; font-family: 'Microsoft Sans Serif',sans-serif;\"><\/span><\/b><\/p>\n<p><strong>Die taillierte Form der Ringschiene aus warmem 750 Gelbgold betont die Sch\u00f6nheit des seidig schimmernden Mondsteines.<\/strong><\/p>\n<p>\u00a0<\/p>\n<p><b>Hinweis: <\/b>Unsere Ringe sind in der angegebenen Gr\u00f6\u00dfe sofort lieferbar. Sollten sie sich einen Ring in einer anderen Gr\u00f6\u00dfe w\u00fcnschen, kontaktieren sie uns bitte. Wir informieren sie gerne \u00fcber die M\u00f6glichkeit und Dauer von Gr\u00f6\u00dfenanpassungen.<\/p>\n<p><\/p>","protected":false},"excerpt":{"rendered":"<p>Mantelring 750 Gelbgold tailliert mit blauem Mondstein Cabochon Material:\u00a0750 Gelbgold Stein: Mondstein Cabochon 10,47 ct 16 x 12 mm Unsere Mantelringe zeichnen sich durch ihre kraftvolle Pr\u00e4senz und raffinierte Gestaltung aus. Ein Ausdruck zeitloser Eleganz und meisterlicher Handwerkskunst. Die taillierte Form der Ringschiene aus warmem 750 Gelbgold betont die Sch\u00f6nheit des seidig schimmernden Mondsteines. \u00a0 [&hellip;]<\/p>","protected":false},"featured_media":9666,"comment_status":"open","ping_status":"closed","template":"","meta":{"_acf_changed":false,"_et_pb_use_builder":"","_et_pb_old_content":"","_et_gb_content_width":"","inline_featured_image":false},"product_brand":[332],"product_cat":[295],"product_tag":[],"class_list":{"0":"post-8496","1":"product","2":"type-product","3":"status-publish","4":"has-post-thumbnail","6":"product_brand-leinfelder","7":"product_cat-ringe","9":"first","10":"outofstock","11":"shipping-taxable","12":"purchasable","13":"product-type-simple"},"acf":[],"_links":{"self":[{"href":"https:\/\/leinfelder-juweler.com\/en\/wp-json\/wp\/v2\/product\/8496","targetHints":{"allow":["GET"]}}],"collection":[{"href":"https:\/\/leinfelder-juweler.com\/en\/wp-json\/wp\/v2\/product"}],"about":[{"href":"https:\/\/leinfelder-juweler.com\/en\/wp-json\/wp\/v2\/types\/product"}],"replies":[{"embeddable":true,"href":"https:\/\/leinfelder-juweler.com\/en\/wp-json\/wp\/v2\/comments?post=8496"}],"wp:featuredmedia":[{"embeddable":true,"href":"https:\/\/leinfelder-juweler.com\/en\/wp-json\/wp\/v2\/media\/9666"}],"wp:attachment":[{"href":"https:\/\/leinfelder-juweler.com\/en\/wp-json\/wp\/v2\/media?parent=8496"}],"wp:term":[{"taxonomy":"product_brand","embeddable":true,"href":"https:\/\/leinfelder-juweler.com\/en\/wp-json\/wp\/v2\/product_brand?post=8496"},{"taxonomy":"product_cat","embeddable":true,"href":"https:\/\/leinfelder-juweler.com\/en\/wp-json\/wp\/v2\/product_cat?post=8496"},{"taxonomy":"product_tag","embeddable":true,"href":"https:\/\/leinfelder-juweler.com\/en\/wp-json\/wp\/v2\/product_tag?post=8496"}],"curies":[{"name":"wp","href":"https:\/\/api.w.org\/{rel}","templated":true}]}}