{"id":8501,"date":"2025-11-20T18:02:58","date_gmt":"2025-11-20T15:02:58","guid":{"rendered":"https:\/\/leinfelder-juweler.com\/?post_type=product&#038;p=8501"},"modified":"2025-11-20T19:20:40","modified_gmt":"2025-11-20T16:20:40","slug":"ring-mit-saphir-und-diamanten","status":"publish","type":"product","link":"https:\/\/leinfelder-juweler.com\/en\/product\/ring-mit-saphir-und-diamanten\/","title":{"rendered":"Ring mit Saphir und Diamanten"},"content":{"rendered":"<p><strong>Ring mit Saphir und Diamanten<br \/><\/strong><\/p>\n<p><strong>Material: <\/strong>750 Wei\u00dfgold<\/p>\n<p><strong>Stones: <\/strong>ein Saphir heat Sri Lanka 3,09 ct, 8,7 x 7,2 mm und zwei Diamant Trillanten gesamt 0,47 ct E vs 4,2 x 4,5 mm<\/p>\n<p style=\"margin-bottom: .0001pt;\" class=\"MsoNormal\"><strong>Dieser exquisite Ring aus Wei\u00dfgold vereint die k\u00fchle Eleganz des Edelmetalls mit dem hypnotischen Blau des pr\u00e4chtigen Saphirs. Der zentrale Saphir wird von zwei funkelnden Diamanten im Trillant- Schliff eingerahmt, die das Licht in allen Facetten einfangen und reflektieren. Die Diamanten verleihen dem Ring zus\u00e4tzlichen Glanz und unterstreichen die majest\u00e4tische Sch\u00f6nheit des Saphirs. Die Kombination aus dem zeitlosen Wei\u00dfgold und den edlen Steinen macht diesen Ring zu einem luxuri\u00f6sen Schmuckst\u00fcck, das sowohl als Verlobungsring als auch als besonderes Geschenk f\u00fcr au\u00dfergew\u00f6hnliche Anl\u00e4sse gl\u00e4nzt.<\/strong><\/p>\n<p style=\"margin-bottom: .0001pt;\" class=\"MsoNormal\">\u00a0<\/p>\n<p><strong><b>Hinweis: <\/b><\/strong>Unsere Ringe sind in der angegebenen Gr\u00f6\u00dfe sofort lieferbar. Sollten sie sich einen Ring in einer anderen Gr\u00f6\u00dfe w\u00fcnschen, kontaktieren sie uns bitte. Wir informieren sie gerne \u00fcber die M\u00f6glichkeit und Dauer von Gr\u00f6\u00dfenanpassungen. <\/p>","protected":false},"excerpt":{"rendered":"<p>Ring mit Saphir und Diamanten Material: 750 Wei\u00dfgold Steine: ein Saphir heat Sri Lanka 3,09 ct, 8,7 x 7,2 mm und zwei Diamant Trillanten gesamt 0,47 ct E vs 4,2 x 4,5 mm Dieser exquisite Ring aus Wei\u00dfgold vereint die k\u00fchle Eleganz des Edelmetalls mit dem hypnotischen Blau des pr\u00e4chtigen Saphirs. Der zentrale Saphir wird [&hellip;]<\/p>","protected":false},"featured_media":9671,"comment_status":"open","ping_status":"closed","template":"","meta":{"_acf_changed":false,"_et_pb_use_builder":"","_et_pb_old_content":"","_et_gb_content_width":"","inline_featured_image":false},"product_brand":[332],"product_cat":[295],"product_tag":[],"class_list":{"0":"post-8501","1":"product","2":"type-product","3":"status-publish","4":"has-post-thumbnail","6":"product_brand-leinfelder","7":"product_cat-ringe","9":"first","10":"outofstock","11":"shipping-taxable","12":"purchasable","13":"product-type-simple"},"acf":[],"_links":{"self":[{"href":"https:\/\/leinfelder-juweler.com\/en\/wp-json\/wp\/v2\/product\/8501","targetHints":{"allow":["GET"]}}],"collection":[{"href":"https:\/\/leinfelder-juweler.com\/en\/wp-json\/wp\/v2\/product"}],"about":[{"href":"https:\/\/leinfelder-juweler.com\/en\/wp-json\/wp\/v2\/types\/product"}],"replies":[{"embeddable":true,"href":"https:\/\/leinfelder-juweler.com\/en\/wp-json\/wp\/v2\/comments?post=8501"}],"wp:featuredmedia":[{"embeddable":true,"href":"https:\/\/leinfelder-juweler.com\/en\/wp-json\/wp\/v2\/media\/9671"}],"wp:attachment":[{"href":"https:\/\/leinfelder-juweler.com\/en\/wp-json\/wp\/v2\/media?parent=8501"}],"wp:term":[{"taxonomy":"product_brand","embeddable":true,"href":"https:\/\/leinfelder-juweler.com\/en\/wp-json\/wp\/v2\/product_brand?post=8501"},{"taxonomy":"product_cat","embeddable":true,"href":"https:\/\/leinfelder-juweler.com\/en\/wp-json\/wp\/v2\/product_cat?post=8501"},{"taxonomy":"product_tag","embeddable":true,"href":"https:\/\/leinfelder-juweler.com\/en\/wp-json\/wp\/v2\/product_tag?post=8501"}],"curies":[{"name":"wp","href":"https:\/\/api.w.org\/{rel}","templated":true}]}}