{"id":8504,"date":"2025-11-20T18:02:59","date_gmt":"2025-11-20T15:02:59","guid":{"rendered":"https:\/\/leinfelder-juweler.com\/?post_type=product&#038;p=8504"},"modified":"2025-11-20T19:20:47","modified_gmt":"2025-11-20T16:20:47","slug":"klappcreolen-750-weissgold-wiener-brisur-mit-mondstein-einhaengern","status":"publish","type":"product","link":"https:\/\/leinfelder-juweler.com\/en\/product\/klappcreolen-750-weissgold-wiener-brisur-mit-mondstein-einhaengern\/","title":{"rendered":"Klappcreolen 750 Wei\u00dfgold \u201eWiener Brisur\u201c mit Mondstein Einh\u00e4ngern"},"content":{"rendered":"<p><strong>Ohrschmuck\u00a0Klappcreolen 750 Wei\u00dfgold\u00a0\u201eWiener Brisur\u201c klein<\/strong><\/p>\n<p><strong>Material: <\/strong>750 Wei\u00dfgold<\/p>\n<p><strong>Stones:\u00a0<\/strong><span data-mce-fragment=\"1\">16 Tsavorite \u00d8 1,5mm<\/span><span data-mce-fragment=\"1\"><\/span><\/p>\n<p><strong>Ma\u00dfe: <\/strong>2,3\u00a0mm breit \/\u00a014 mm au\u00dfen<\/p>\n<p><strong>Einh\u00e4nge<\/strong><strong>r: <\/strong>750 Wei\u00dfgold mit wei\u00dfen Mondstein Cabochons 8 x 6 mm<strong>\u00a0<\/strong><\/p>\n<p class=\"MsoNormal\" style=\"margin-bottom: .0001pt; line-height: normal;\"><b><span style=\"mso-fareast-font-family: 'Times New Roman'; mso-bidi-font-family: Calibri; mso-bidi-theme-font: minor-latin; mso-fareast-language: DE;\">Als \u201cWiener Brisur\u201d war dieses besondere Design f\u00fcr Klappcreolen schon zu Zeiten von Kaiserin Sissi beliebt. Die elegante ovale Form, hier mit 16 leuchtenden Tsavoriten verziert, l\u00e4sst sich perfekt mit unseren vielf\u00e4ltigen Einh\u00e4ngern erg\u00e4nzen.<\/span><\/b><span style=\"mso-fareast-font-family: 'Times New Roman'; mso-bidi-font-family: Calibri; mso-bidi-theme-font: minor-latin; mso-fareast-language: DE;\"><\/span><\/p>\n<p class=\"MsoNormal\" style=\"margin-bottom: .0001pt; line-height: normal;\">\u00a0<\/p>\n<p><strong>Hier die Kombination mit zart schimmernden wei\u00dfen Mondsteinen.<br \/><\/strong><\/p>","protected":false},"excerpt":{"rendered":"<p>Ohrschmuck\u00a0Klappcreolen 750 Wei\u00dfgold\u00a0\u201eWiener Brisur\u201c klein Material: 750 Wei\u00dfgold Steine:\u00a016 Tsavorite \u00d8 1,5mm Ma\u00dfe: 2,3\u00a0mm breit \/\u00a014 mm au\u00dfen Einh\u00e4nger: 750 Wei\u00dfgold mit wei\u00dfen Mondstein Cabochons 8 x 6 mm\u00a0 Als \u201cWiener Brisur\u201d war dieses besondere Design f\u00fcr Klappcreolen schon zu Zeiten von Kaiserin Sissi beliebt. Die elegante ovale Form, hier mit 16 leuchtenden Tsavoriten verziert, [&hellip;]<\/p>","protected":false},"featured_media":9674,"comment_status":"open","ping_status":"closed","template":"","meta":{"_acf_changed":false,"_et_pb_use_builder":"","_et_pb_old_content":"","_et_gb_content_width":"","inline_featured_image":false},"product_brand":[332],"product_cat":[331],"product_tag":[],"class_list":{"0":"post-8504","1":"product","2":"type-product","3":"status-publish","4":"has-post-thumbnail","6":"product_brand-leinfelder","7":"product_cat-ohrschmuck","9":"first","10":"instock","11":"shipping-taxable","12":"purchasable","13":"product-type-simple"},"acf":[],"_links":{"self":[{"href":"https:\/\/leinfelder-juweler.com\/en\/wp-json\/wp\/v2\/product\/8504","targetHints":{"allow":["GET"]}}],"collection":[{"href":"https:\/\/leinfelder-juweler.com\/en\/wp-json\/wp\/v2\/product"}],"about":[{"href":"https:\/\/leinfelder-juweler.com\/en\/wp-json\/wp\/v2\/types\/product"}],"replies":[{"embeddable":true,"href":"https:\/\/leinfelder-juweler.com\/en\/wp-json\/wp\/v2\/comments?post=8504"}],"wp:featuredmedia":[{"embeddable":true,"href":"https:\/\/leinfelder-juweler.com\/en\/wp-json\/wp\/v2\/media\/9674"}],"wp:attachment":[{"href":"https:\/\/leinfelder-juweler.com\/en\/wp-json\/wp\/v2\/media?parent=8504"}],"wp:term":[{"taxonomy":"product_brand","embeddable":true,"href":"https:\/\/leinfelder-juweler.com\/en\/wp-json\/wp\/v2\/product_brand?post=8504"},{"taxonomy":"product_cat","embeddable":true,"href":"https:\/\/leinfelder-juweler.com\/en\/wp-json\/wp\/v2\/product_cat?post=8504"},{"taxonomy":"product_tag","embeddable":true,"href":"https:\/\/leinfelder-juweler.com\/en\/wp-json\/wp\/v2\/product_tag?post=8504"}],"curies":[{"name":"wp","href":"https:\/\/api.w.org\/{rel}","templated":true}]}}