{"id":8505,"date":"2025-11-20T18:02:59","date_gmt":"2025-11-20T15:02:59","guid":{"rendered":"https:\/\/leinfelder-juweler.com\/?post_type=product&#038;p=8505"},"modified":"2025-11-20T19:20:49","modified_gmt":"2025-11-20T16:20:49","slug":"klappcreolen-wiener-brisur-750-weissgold-mit-starlit-einhaengern","status":"publish","type":"product","link":"https:\/\/leinfelder-juweler.com\/en\/product\/klappcreolen-wiener-brisur-750-weissgold-mit-starlit-einhaengern\/","title":{"rendered":"Klappcreolen &#8222;Wiener Brisur&#8220; 750 Wei\u00dfgold mit Starlit Einh\u00e4ngern"},"content":{"rendered":"<p><strong>Ohrschmuck\u00a0Klappcreolen &#8222;Wiener Brisur&#8220;<br \/><\/strong><\/p>\n<p><strong>Material: <\/strong>750 Wei\u00dfgold<\/p>\n<p><strong>Stones: <\/strong><span data-mce-fragment=\"1\" lang=\"EN-US\">16 Brillanten <\/span><span data-mce-fragment=\"1\" lang=\"EN-US\">= 0,25 ct tw vsi<\/span><\/p>\n<p><strong>Ma\u00dfe: <\/strong>2,3 mm breit \/ 14 mm lang<\/p>\n<p><strong>Einh\u00e4nger:\u00a0<\/strong>750 Wei\u00dfgold mit Starliten<span> <\/span>\u00d8 5 mm rund facettiert<\/p>\n<div>\n<p style=\"margin-bottom: .0001pt; line-height: normal;\" class=\"MsoNormal\"><b><span style=\"mso-fareast-font-family: 'Times New Roman'; mso-bidi-font-family: Calibri; mso-bidi-theme-font: minor-latin; mso-fareast-language: DE;\">Als \u201cWiener Brisur\u201d war dieses besondere Design f\u00fcr Klappcreolen schon zu Zeiten von Kaiserin Sissi beliebt. Die elegante ovale Form, hier mit 16 strahlenden Brillanten verziert, l\u00e4sst sich perfekt mit unseren vielf\u00e4ltigen Einh\u00e4ngern erg\u00e4nzen.<\/span><\/b><\/p>\n<p style=\"margin-bottom: .0001pt; line-height: normal;\" class=\"MsoNormal\"><strong><span style=\"font-family: 'Calibri',sans-serif; mso-ascii-theme-font: minor-latin; mso-hansi-theme-font: minor-latin; mso-bidi-font-family: 'Times New Roman'; mso-bidi-theme-font: minor-bidi;\">Hier in Kombination mit t\u00fcrkisfarbenen Starliten.<\/span><\/strong><span style=\"mso-fareast-font-family: 'Times New Roman'; mso-bidi-font-family: Calibri; mso-bidi-theme-font: minor-latin; mso-fareast-language: DE;\"><\/span><\/p>\n<\/div>\n<p>\u00a0<\/p>","protected":false},"excerpt":{"rendered":"<p>Ohrschmuck\u00a0Klappcreolen &#8222;Wiener Brisur&#8220; Material: 750 Wei\u00dfgold Steine: 16 Brillanten = 0,25 ct tw vsi Ma\u00dfe: 2,3 mm breit \/ 14 mm lang Einh\u00e4nger:\u00a0750 Wei\u00dfgold mit Starliten \u00d8 5 mm rund facettiert Als \u201cWiener Brisur\u201d war dieses besondere Design f\u00fcr Klappcreolen schon zu Zeiten von Kaiserin Sissi beliebt. Die elegante ovale Form, hier mit 16 strahlenden [&hellip;]<\/p>","protected":false},"featured_media":9675,"comment_status":"open","ping_status":"closed","template":"","meta":{"_acf_changed":false,"_et_pb_use_builder":"","_et_pb_old_content":"","_et_gb_content_width":"","inline_featured_image":false},"product_brand":[332],"product_cat":[331],"product_tag":[],"class_list":{"0":"post-8505","1":"product","2":"type-product","3":"status-publish","4":"has-post-thumbnail","6":"product_brand-leinfelder","7":"product_cat-ohrschmuck","9":"first","10":"instock","11":"shipping-taxable","12":"purchasable","13":"product-type-simple"},"acf":[],"_links":{"self":[{"href":"https:\/\/leinfelder-juweler.com\/en\/wp-json\/wp\/v2\/product\/8505","targetHints":{"allow":["GET"]}}],"collection":[{"href":"https:\/\/leinfelder-juweler.com\/en\/wp-json\/wp\/v2\/product"}],"about":[{"href":"https:\/\/leinfelder-juweler.com\/en\/wp-json\/wp\/v2\/types\/product"}],"replies":[{"embeddable":true,"href":"https:\/\/leinfelder-juweler.com\/en\/wp-json\/wp\/v2\/comments?post=8505"}],"wp:featuredmedia":[{"embeddable":true,"href":"https:\/\/leinfelder-juweler.com\/en\/wp-json\/wp\/v2\/media\/9675"}],"wp:attachment":[{"href":"https:\/\/leinfelder-juweler.com\/en\/wp-json\/wp\/v2\/media?parent=8505"}],"wp:term":[{"taxonomy":"product_brand","embeddable":true,"href":"https:\/\/leinfelder-juweler.com\/en\/wp-json\/wp\/v2\/product_brand?post=8505"},{"taxonomy":"product_cat","embeddable":true,"href":"https:\/\/leinfelder-juweler.com\/en\/wp-json\/wp\/v2\/product_cat?post=8505"},{"taxonomy":"product_tag","embeddable":true,"href":"https:\/\/leinfelder-juweler.com\/en\/wp-json\/wp\/v2\/product_tag?post=8505"}],"curies":[{"name":"wp","href":"https:\/\/api.w.org\/{rel}","templated":true}]}}