{"id":8509,"date":"2025-11-20T18:03:00","date_gmt":"2025-11-20T15:03:00","guid":{"rendered":"https:\/\/leinfelder-juweler.com\/?post_type=product&#038;p=8509"},"modified":"2025-11-20T19:21:00","modified_gmt":"2025-11-20T16:21:00","slug":"einhaenger-fuer-klappcreolen-mit-mandaringranaten-2","status":"publish","type":"product","link":"https:\/\/leinfelder-juweler.com\/en\/product\/einhaenger-fuer-klappcreolen-mit-mandaringranaten-2\/","title":{"rendered":"Einh\u00e4nger f\u00fcr Klappcreolen mit Mandaringranaten"},"content":{"rendered":"<p><strong>Einh\u00e4nger f\u00fcr\u00a0Klappcreolen<\/strong><\/p>\n<p><strong>Material: <\/strong>750 Wei\u00dfgold<\/p>\n<p><strong>Stones:\u00a0<\/strong>Mandaringranate \u00d8 6 mm rund facettiert<\/p>\n<div><strong>Diesen Einh\u00e4nger mit ihren kr\u00e4ftigen Mandaringranaten inszenieren unsere Klappcreolen wunderbar.<\/strong><\/div>\n<p>\u00a0<\/p>","protected":false},"excerpt":{"rendered":"<p>Einh\u00e4nger f\u00fcr\u00a0Klappcreolen Material: 750 Wei\u00dfgold Steine:\u00a0Mandaringranate \u00d8 6 mm rund facettiert Diesen Einh\u00e4nger mit ihren kr\u00e4ftigen Mandaringranaten inszenieren unsere Klappcreolen wunderbar. \u00a0<\/p>","protected":false},"featured_media":9679,"comment_status":"open","ping_status":"closed","template":"","meta":{"_acf_changed":false,"_et_pb_use_builder":"","_et_pb_old_content":"","_et_gb_content_width":"","inline_featured_image":false},"product_brand":[332],"product_cat":[331],"product_tag":[],"class_list":{"0":"post-8509","1":"product","2":"type-product","3":"status-publish","4":"has-post-thumbnail","6":"product_brand-leinfelder","7":"product_cat-ohrschmuck","9":"first","10":"outofstock","11":"shipping-taxable","12":"purchasable","13":"product-type-simple"},"acf":[],"_links":{"self":[{"href":"https:\/\/leinfelder-juweler.com\/en\/wp-json\/wp\/v2\/product\/8509","targetHints":{"allow":["GET"]}}],"collection":[{"href":"https:\/\/leinfelder-juweler.com\/en\/wp-json\/wp\/v2\/product"}],"about":[{"href":"https:\/\/leinfelder-juweler.com\/en\/wp-json\/wp\/v2\/types\/product"}],"replies":[{"embeddable":true,"href":"https:\/\/leinfelder-juweler.com\/en\/wp-json\/wp\/v2\/comments?post=8509"}],"wp:featuredmedia":[{"embeddable":true,"href":"https:\/\/leinfelder-juweler.com\/en\/wp-json\/wp\/v2\/media\/9679"}],"wp:attachment":[{"href":"https:\/\/leinfelder-juweler.com\/en\/wp-json\/wp\/v2\/media?parent=8509"}],"wp:term":[{"taxonomy":"product_brand","embeddable":true,"href":"https:\/\/leinfelder-juweler.com\/en\/wp-json\/wp\/v2\/product_brand?post=8509"},{"taxonomy":"product_cat","embeddable":true,"href":"https:\/\/leinfelder-juweler.com\/en\/wp-json\/wp\/v2\/product_cat?post=8509"},{"taxonomy":"product_tag","embeddable":true,"href":"https:\/\/leinfelder-juweler.com\/en\/wp-json\/wp\/v2\/product_tag?post=8509"}],"curies":[{"name":"wp","href":"https:\/\/api.w.org\/{rel}","templated":true}]}}