{"id":8512,"date":"2025-11-20T18:03:01","date_gmt":"2025-11-20T15:03:01","guid":{"rendered":"https:\/\/leinfelder-juweler.com\/?post_type=product&#038;p=8512"},"modified":"2025-11-20T19:21:13","modified_gmt":"2025-11-20T16:21:13","slug":"vario-ohrschmuck-einhaenger-26","status":"publish","type":"product","link":"https:\/\/leinfelder-juweler.com\/en\/product\/vario-ohrschmuck-einhaenger-26\/","title":{"rendered":"Vario Ohrschmuck Einh\u00e4nger"},"content":{"rendered":"<p><strong data-mce-fragment=\"1\">Vario Ohrschmuck Einh\u00e4nger mit pink Saphiren und S\u00fc\u00dfwasser Perlquasten\u00a0<\/strong><\/p>\n<p><strong data-mce-fragment=\"1\">Material: <\/strong>750 Wei\u00dfgold<strong data-mce-fragment=\"1\"><br \/><\/strong><\/p>\n<p><strong>Steine<\/strong>: 88 pink Saphire und S\u00fc\u00dfwasser Perlquasten \u00d8 2,5 mm 19-fach \/ 4 cm<\/p>\n<div><strong>Die funkelnde Sch\u00f6nheit der pink Saphire, gepaart mit der flie\u00dfenden Sanftheit<\/strong><\/div>\n<div><strong>der wei\u00dfen Perlquasten machen den Reiz dieser wundervollen Einh\u00e4nger aus.<\/strong><\/div>\n<div><\/div>\n<div>\u00a0<\/div>\n<div>\u00a0<\/div>","protected":false},"excerpt":{"rendered":"<p>Vario Ohrschmuck Einh\u00e4nger mit pink Saphiren und S\u00fc\u00dfwasser Perlquasten\u00a0 Material: 750 Wei\u00dfgold Steine: 88 pink Saphire und S\u00fc\u00dfwasser Perlquasten \u00d8 2,5 mm 19-fach \/ 4 cm Die funkelnde Sch\u00f6nheit der pink Saphire, gepaart mit der flie\u00dfenden Sanftheit der wei\u00dfen Perlquasten machen den Reiz dieser wundervollen Einh\u00e4nger aus. \u00a0 \u00a0<\/p>","protected":false},"featured_media":9682,"comment_status":"open","ping_status":"closed","template":"","meta":{"_acf_changed":false,"_et_pb_use_builder":"","_et_pb_old_content":"","_et_gb_content_width":"","inline_featured_image":false},"product_brand":[332],"product_cat":[331],"product_tag":[],"class_list":{"0":"post-8512","1":"product","2":"type-product","3":"status-publish","4":"has-post-thumbnail","6":"product_brand-leinfelder","7":"product_cat-ohrschmuck","9":"first","10":"instock","11":"shipping-taxable","12":"purchasable","13":"product-type-simple"},"acf":[],"_links":{"self":[{"href":"https:\/\/leinfelder-juweler.com\/en\/wp-json\/wp\/v2\/product\/8512","targetHints":{"allow":["GET"]}}],"collection":[{"href":"https:\/\/leinfelder-juweler.com\/en\/wp-json\/wp\/v2\/product"}],"about":[{"href":"https:\/\/leinfelder-juweler.com\/en\/wp-json\/wp\/v2\/types\/product"}],"replies":[{"embeddable":true,"href":"https:\/\/leinfelder-juweler.com\/en\/wp-json\/wp\/v2\/comments?post=8512"}],"wp:featuredmedia":[{"embeddable":true,"href":"https:\/\/leinfelder-juweler.com\/en\/wp-json\/wp\/v2\/media\/9682"}],"wp:attachment":[{"href":"https:\/\/leinfelder-juweler.com\/en\/wp-json\/wp\/v2\/media?parent=8512"}],"wp:term":[{"taxonomy":"product_brand","embeddable":true,"href":"https:\/\/leinfelder-juweler.com\/en\/wp-json\/wp\/v2\/product_brand?post=8512"},{"taxonomy":"product_cat","embeddable":true,"href":"https:\/\/leinfelder-juweler.com\/en\/wp-json\/wp\/v2\/product_cat?post=8512"},{"taxonomy":"product_tag","embeddable":true,"href":"https:\/\/leinfelder-juweler.com\/en\/wp-json\/wp\/v2\/product_tag?post=8512"}],"curies":[{"name":"wp","href":"https:\/\/api.w.org\/{rel}","templated":true}]}}