{"id":8513,"date":"2025-11-20T18:03:01","date_gmt":"2025-11-20T15:03:01","guid":{"rendered":"https:\/\/leinfelder-juweler.com\/?post_type=product&#038;p=8513"},"modified":"2025-11-20T19:21:19","modified_gmt":"2025-11-20T16:21:19","slug":"vario-ohrschmuck-set-47","status":"publish","type":"product","link":"https:\/\/leinfelder-juweler.com\/en\/product\/vario-ohrschmuck-set-47\/","title":{"rendered":"Vario Ohrschmuck Set"},"content":{"rendered":"<p><strong>Vario Ohrschmuck Set aus Ohrsteckern und Einh\u00e4ngern:<\/strong><\/p>\n<p><strong>Oberteile: Runde Ohrstecker\u00a0mit pink Saphiren<br \/><\/strong><\/p>\n<p><strong>Material: <\/strong>750 Wei\u00dfgold<\/p>\n<p><strong>Ma\u00dfe:\u00a0<\/strong>\u00d8 11,8 mm<\/p>\n<p><strong>Stones:<\/strong> 142 pink Saphire<\/p>\n<p><strong data-mce-fragment=\"1\">Einh\u00e4nger:\u00a0S\u00fc\u00dfwasser Perlquasten\u00a0<\/strong><\/p>\n<p><strong data-mce-fragment=\"1\">Material: <\/strong>750 Wei\u00dfgold<strong data-mce-fragment=\"1\"><br \/><\/strong><\/p>\n<p><strong>Steine<\/strong>: 88 pink Saphire und S\u00fc\u00dfwasser Perlquasten \u00d8 2,5 mm 19-fach \/ 4 cm<\/p>\n<div>\n<p style=\"margin: 0cm; margin-bottom: .0001pt;\"><strong>Unser Vario Ohrschmuck aus 750 Gelb- oder Wei\u00dfgold bietet vielseitige Kombinationsm\u00f6glichkeiten. Die Oberteile k\u00f6nnen separat getragen werden und lassen sich mit einer Vielzahl von Einh\u00e4ngern erg\u00e4nzen.<\/strong><\/p>\n<p style=\"margin: 0cm; margin-bottom: .0001pt;\">\u00a0<\/p>\n<p style=\"margin: 0cm; margin-bottom: .0001pt;\"><strong>Bezaubernd, anmutig und vielseitig, eine Bereicherung f\u00fcr jeden Anlass.<\/strong><\/p>\n<p style=\"margin: 0cm; margin-bottom: .0001pt;\"><strong>Das Auswechseln der Einh\u00e4nger ist einfach und sicher.<\/strong><\/p>\n<p style=\"margin: 0cm; margin-bottom: .0001pt;\"><strong>Die Oberteile sind als Clip oder Stecker erh\u00e4ltlich.<\/strong><\/p>\n<p style=\"margin: 0cm; margin-bottom: .0001pt;\">\u00a0<\/p>\n<p style=\"margin: 0cm; margin-bottom: .0001pt;\"><strong>Diese Variante kombiniert gekonnt die Eleganz pinkfarbener<\/strong><\/p>\n<p><strong>Saphire mit der Frische\u00a0<\/strong><strong>der wei\u00dfen Perlquasten.\u00a0<br \/><\/strong>\n<\/div>\n<div>\u00a0<\/div>","protected":false},"excerpt":{"rendered":"<p>Vario Ohrschmuck Set aus Ohrsteckern und Einh\u00e4ngern: Oberteile: Runde Ohrstecker\u00a0mit pink Saphiren Material: 750 Wei\u00dfgold Ma\u00dfe:\u00a0\u00d8 11,8 mm Steine: 142 pink Saphire Einh\u00e4nger:\u00a0S\u00fc\u00dfwasser Perlquasten\u00a0 Material: 750 Wei\u00dfgold Steine: 88 pink Saphire und S\u00fc\u00dfwasser Perlquasten \u00d8 2,5 mm 19-fach \/ 4 cm Unser Vario Ohrschmuck aus 750 Gelb- oder Wei\u00dfgold bietet vielseitige Kombinationsm\u00f6glichkeiten. Die Oberteile k\u00f6nnen [&hellip;]<\/p>","protected":false},"featured_media":9683,"comment_status":"open","ping_status":"closed","template":"","meta":{"_acf_changed":false,"_et_pb_use_builder":"","_et_pb_old_content":"","_et_gb_content_width":"","inline_featured_image":false},"product_brand":[332],"product_cat":[331],"product_tag":[],"class_list":{"0":"post-8513","1":"product","2":"type-product","3":"status-publish","4":"has-post-thumbnail","6":"product_brand-leinfelder","7":"product_cat-ohrschmuck","9":"first","10":"instock","11":"shipping-taxable","12":"purchasable","13":"product-type-simple"},"acf":[],"_links":{"self":[{"href":"https:\/\/leinfelder-juweler.com\/en\/wp-json\/wp\/v2\/product\/8513","targetHints":{"allow":["GET"]}}],"collection":[{"href":"https:\/\/leinfelder-juweler.com\/en\/wp-json\/wp\/v2\/product"}],"about":[{"href":"https:\/\/leinfelder-juweler.com\/en\/wp-json\/wp\/v2\/types\/product"}],"replies":[{"embeddable":true,"href":"https:\/\/leinfelder-juweler.com\/en\/wp-json\/wp\/v2\/comments?post=8513"}],"wp:featuredmedia":[{"embeddable":true,"href":"https:\/\/leinfelder-juweler.com\/en\/wp-json\/wp\/v2\/media\/9683"}],"wp:attachment":[{"href":"https:\/\/leinfelder-juweler.com\/en\/wp-json\/wp\/v2\/media?parent=8513"}],"wp:term":[{"taxonomy":"product_brand","embeddable":true,"href":"https:\/\/leinfelder-juweler.com\/en\/wp-json\/wp\/v2\/product_brand?post=8513"},{"taxonomy":"product_cat","embeddable":true,"href":"https:\/\/leinfelder-juweler.com\/en\/wp-json\/wp\/v2\/product_cat?post=8513"},{"taxonomy":"product_tag","embeddable":true,"href":"https:\/\/leinfelder-juweler.com\/en\/wp-json\/wp\/v2\/product_tag?post=8513"}],"curies":[{"name":"wp","href":"https:\/\/api.w.org\/{rel}","templated":true}]}}