{"id":8520,"date":"2025-11-20T18:03:04","date_gmt":"2025-11-20T15:03:04","guid":{"rendered":"https:\/\/leinfelder-juweler.com\/?post_type=product&#038;p=8520"},"modified":"2025-11-20T19:21:59","modified_gmt":"2025-11-20T16:21:59","slug":"ring-mit-ebenholz-und-diamant","status":"publish","type":"product","link":"https:\/\/leinfelder-juweler.com\/en\/product\/ring-mit-ebenholz-und-diamant\/","title":{"rendered":"Ring mit Ebenholz und Diamant"},"content":{"rendered":"<p><strong><\/strong><strong>Material: <\/strong>750 Gelbgold, Ebenholz<\/p>\n<p><strong>Stein: <\/strong>Brillant 0,08 ct tw vsi \u00d8 2,7 mm<\/p>\n<p><strong>Ma\u00dfe:<\/strong> 8 x 2,85 mm gerade Form\u00a0<\/p>\n<p><strong>Mit Bravour pr\u00e4sentiert dieser Ring die Kombination aus geradlinigem Design, dem Spiel mit schwarzem Ebenholz, warmem Gelbgold und als Kr\u00f6nung ein funkelnder Brillant.<br \/><\/strong><\/p>\n<p data-mce-fragment=\"1\"><b data-mce-fragment=\"1\">Hinweis: <\/b>Unsere Ringe sind in der angegebenen Gr\u00f6\u00dfe sofort lieferbar. Sollten sie sich einen Ring in einer anderen Gr\u00f6\u00dfe w\u00fcnschen, kontaktieren sie uns bitte. Wir informieren sie gerne \u00fcber die M\u00f6glichkeit und Dauer von Gr\u00f6\u00dfenanpassungen.<\/p>\n<p><\/p>","protected":false},"excerpt":{"rendered":"<p>Material: 750 Gelbgold, Ebenholz Stein: Brillant 0,08 ct tw vsi \u00d8 2,7 mm Ma\u00dfe: 8 x 2,85 mm gerade Form\u00a0 Mit Bravour pr\u00e4sentiert dieser Ring die Kombination aus geradlinigem Design, dem Spiel mit schwarzem Ebenholz, warmem Gelbgold und als Kr\u00f6nung ein funkelnder Brillant. Hinweis: Unsere Ringe sind in der angegebenen Gr\u00f6\u00dfe sofort lieferbar. Sollten sie [&hellip;]<\/p>","protected":false},"featured_media":9690,"comment_status":"open","ping_status":"closed","template":"","meta":{"_acf_changed":false,"_et_pb_use_builder":"","_et_pb_old_content":"","_et_gb_content_width":"","inline_featured_image":false},"product_brand":[332],"product_cat":[295],"product_tag":[302],"class_list":{"0":"post-8520","1":"product","2":"type-product","3":"status-publish","4":"has-post-thumbnail","6":"product_brand-leinfelder","7":"product_cat-ringe","8":"product_tag-ebenholz","10":"first","11":"outofstock","12":"shipping-taxable","13":"purchasable","14":"product-type-simple"},"acf":[],"_links":{"self":[{"href":"https:\/\/leinfelder-juweler.com\/en\/wp-json\/wp\/v2\/product\/8520","targetHints":{"allow":["GET"]}}],"collection":[{"href":"https:\/\/leinfelder-juweler.com\/en\/wp-json\/wp\/v2\/product"}],"about":[{"href":"https:\/\/leinfelder-juweler.com\/en\/wp-json\/wp\/v2\/types\/product"}],"replies":[{"embeddable":true,"href":"https:\/\/leinfelder-juweler.com\/en\/wp-json\/wp\/v2\/comments?post=8520"}],"wp:featuredmedia":[{"embeddable":true,"href":"https:\/\/leinfelder-juweler.com\/en\/wp-json\/wp\/v2\/media\/9690"}],"wp:attachment":[{"href":"https:\/\/leinfelder-juweler.com\/en\/wp-json\/wp\/v2\/media?parent=8520"}],"wp:term":[{"taxonomy":"product_brand","embeddable":true,"href":"https:\/\/leinfelder-juweler.com\/en\/wp-json\/wp\/v2\/product_brand?post=8520"},{"taxonomy":"product_cat","embeddable":true,"href":"https:\/\/leinfelder-juweler.com\/en\/wp-json\/wp\/v2\/product_cat?post=8520"},{"taxonomy":"product_tag","embeddable":true,"href":"https:\/\/leinfelder-juweler.com\/en\/wp-json\/wp\/v2\/product_tag?post=8520"}],"curies":[{"name":"wp","href":"https:\/\/api.w.org\/{rel}","templated":true}]}}