{"id":8522,"date":"2025-11-20T18:03:04","date_gmt":"2025-11-20T15:03:04","guid":{"rendered":"https:\/\/leinfelder-juweler.com\/?post_type=product&#038;p=8522"},"modified":"2025-11-20T19:22:14","modified_gmt":"2025-11-20T16:22:14","slug":"bandring-750-weissgold-mit-einem-gruenen-turmalin-2","status":"publish","type":"product","link":"https:\/\/leinfelder-juweler.com\/en\/product\/bandring-750-weissgold-mit-einem-gruenen-turmalin-2\/","title":{"rendered":"Bandring 750 Wei\u00dfgold mit einem gr\u00fcnen Turmalin"},"content":{"rendered":"<p data-mce-fragment=\"1\"><strong>Bandring 750 Wei\u00dfgold mit einem gr\u00fcnenTurmalin<\/strong><\/p>\n<p data-mce-fragment=\"1\"><strong>Material: <\/strong>750 Wei\u00dfgold<\/p>\n<p data-mce-fragment=\"1\"><strong>Stein:<\/strong> Turmalin 7,5 x 6 mm facettiert oval = 0,99 ct<\/p>\n<p class=\"MsoNormal\" style=\"margin-bottom: .0001pt;\"><b style=\"mso-bidi-font-weight: normal;\">Handschmeichler!<\/b><\/p>\n<p><strong><b style=\"mso-bidi-font-weight: normal;\"><span style=\"font-size: 11.0pt; line-height: 115%; font-family: 'Calibri',sans-serif; mso-ascii-theme-font: minor-latin; mso-fareast-font-family: Calibri; mso-fareast-theme-font: minor-latin; mso-hansi-theme-font: minor-latin; mso-bidi-font-family: 'Times New Roman'; mso-bidi-theme-font: minor-bidi; mso-ansi-language: DE; mso-fareast-language: EN-US; mso-bidi-language: AR-SA;\">Unsere Bandringe verk\u00f6rpern schlichte Eleganz. Der quer gefasste Edelstein und die flie\u00dfende Form die sich zu beiden Seiten verj\u00fcngt, verleihen ihnen eine einzigartige \u00c4sthetik. Gefertigt aus 750 Gelb-, Ros\u00e9- oder Wei\u00dfgold, betonen hochwertige, farbige Edelsteine im Cabochon- oder Facettenschliff die zeitlose Sch\u00f6nheit.<\/span><\/b><br \/><\/strong><\/p>\n<p><b>Hinweis: <\/b>Unsere Ringe sind in der angegebenen Gr\u00f6\u00dfe sofort lieferbar. Sollten sie sich einen Ring in einer anderen Gr\u00f6\u00dfe w\u00fcnschen, kontaktieren sie uns bitte. Wir informieren sie gerne \u00fcber die M\u00f6glichkeit und Dauer von Gr\u00f6\u00dfenanpassungen.<\/p>","protected":false},"excerpt":{"rendered":"<p>Bandring 750 Wei\u00dfgold mit einem gr\u00fcnenTurmalin Material: 750 Wei\u00dfgold Stein: Turmalin 7,5 x 6 mm facettiert oval = 0,99 ct Handschmeichler! Unsere Bandringe verk\u00f6rpern schlichte Eleganz. Der quer gefasste Edelstein und die flie\u00dfende Form die sich zu beiden Seiten verj\u00fcngt, verleihen ihnen eine einzigartige \u00c4sthetik. Gefertigt aus 750 Gelb-, Ros\u00e9- oder Wei\u00dfgold, betonen hochwertige, farbige [&hellip;]<\/p>","protected":false},"featured_media":9692,"comment_status":"open","ping_status":"closed","template":"","meta":{"_acf_changed":false,"_et_pb_use_builder":"","_et_pb_old_content":"","_et_gb_content_width":"","inline_featured_image":false},"product_brand":[332],"product_cat":[295],"product_tag":[],"class_list":{"0":"post-8522","1":"product","2":"type-product","3":"status-publish","4":"has-post-thumbnail","6":"product_brand-leinfelder","7":"product_cat-ringe","9":"first","10":"outofstock","11":"shipping-taxable","12":"purchasable","13":"product-type-simple"},"acf":[],"_links":{"self":[{"href":"https:\/\/leinfelder-juweler.com\/en\/wp-json\/wp\/v2\/product\/8522","targetHints":{"allow":["GET"]}}],"collection":[{"href":"https:\/\/leinfelder-juweler.com\/en\/wp-json\/wp\/v2\/product"}],"about":[{"href":"https:\/\/leinfelder-juweler.com\/en\/wp-json\/wp\/v2\/types\/product"}],"replies":[{"embeddable":true,"href":"https:\/\/leinfelder-juweler.com\/en\/wp-json\/wp\/v2\/comments?post=8522"}],"wp:featuredmedia":[{"embeddable":true,"href":"https:\/\/leinfelder-juweler.com\/en\/wp-json\/wp\/v2\/media\/9692"}],"wp:attachment":[{"href":"https:\/\/leinfelder-juweler.com\/en\/wp-json\/wp\/v2\/media?parent=8522"}],"wp:term":[{"taxonomy":"product_brand","embeddable":true,"href":"https:\/\/leinfelder-juweler.com\/en\/wp-json\/wp\/v2\/product_brand?post=8522"},{"taxonomy":"product_cat","embeddable":true,"href":"https:\/\/leinfelder-juweler.com\/en\/wp-json\/wp\/v2\/product_cat?post=8522"},{"taxonomy":"product_tag","embeddable":true,"href":"https:\/\/leinfelder-juweler.com\/en\/wp-json\/wp\/v2\/product_tag?post=8522"}],"curies":[{"name":"wp","href":"https:\/\/api.w.org\/{rel}","templated":true}]}}