{"id":8523,"date":"2025-11-20T18:03:05","date_gmt":"2025-11-20T15:03:05","guid":{"rendered":"https:\/\/leinfelder-juweler.com\/?post_type=product&#038;p=8523"},"modified":"2025-11-20T19:22:20","modified_gmt":"2025-11-20T16:22:20","slug":"ring-mit-rubin-und-diamanten","status":"publish","type":"product","link":"https:\/\/leinfelder-juweler.com\/en\/product\/ring-mit-rubin-und-diamanten\/","title":{"rendered":"Ring mit Rubin und Diamanten"},"content":{"rendered":"<p><strong>Ring mit Rubin und Diamanten<br \/><\/strong><\/p>\n<p><strong>Material: <\/strong>950 Platin, Krappen in 750 Ros\u00e9gold<\/p>\n<p><strong>Stones: <\/strong>ein 2,09 ct Rubin NH mosambique und zwei Diamant Trillanten gesamt 0,50 ct tw si<\/p>\n<p style=\"margin-bottom: .0001pt;\" class=\"MsoNormal\"><strong>Dieser exquisite Ring aus Platin vereint die k\u00fchle Eleganz des Edelmetalls mit dem unvergleichlichem Rot des pr\u00e4chtigen Rubins. Der zentrale Rubin wird von zwei funkelnden Diamanten im Trillant- Schliff eingerahmt, die das Licht in allen Facetten einfangen und reflektieren. Die Diamanten verleihen dem Ring zus\u00e4tzlichen Glanz und unterstreichen die majest\u00e4tische Sch\u00f6nheit des Rubins. Die Kombination aus dem zeitlosen Platin und den edlen Steinen macht diesen Ring zu einem luxuri\u00f6sen Schmuckst\u00fcck, das sowohl als Verlobungsring als auch als besonderes Geschenk f\u00fcr au\u00dfergew\u00f6hnliche Anl\u00e4sse gl\u00e4nzt.<\/strong><\/p>\n<p style=\"margin-bottom: .0001pt;\" class=\"MsoNormal\">\u00a0<\/p>\n<p><strong><b>Hinweis: <\/b><\/strong>Unsere Ringe sind in der angegebenen Gr\u00f6\u00dfe sofort lieferbar. Sollten sie sich einen Ring in einer anderen Gr\u00f6\u00dfe w\u00fcnschen, kontaktieren sie uns bitte. Wir informieren sie gerne \u00fcber die M\u00f6glichkeit und Dauer von Gr\u00f6\u00dfenanpassungen. <\/p>","protected":false},"excerpt":{"rendered":"<p>Ring mit Rubin und Diamanten Material: 950 Platin, Krappen in 750 Ros\u00e9gold Steine: ein 2,09 ct Rubin NH mosambique und zwei Diamant Trillanten gesamt 0,50 ct tw si Dieser exquisite Ring aus Platin vereint die k\u00fchle Eleganz des Edelmetalls mit dem unvergleichlichem Rot des pr\u00e4chtigen Rubins. Der zentrale Rubin wird von zwei funkelnden Diamanten im [&hellip;]<\/p>","protected":false},"featured_media":9693,"comment_status":"open","ping_status":"closed","template":"","meta":{"_acf_changed":false,"_et_pb_use_builder":"","_et_pb_old_content":"","_et_gb_content_width":"","inline_featured_image":false},"product_brand":[332],"product_cat":[295],"product_tag":[],"class_list":{"0":"post-8523","1":"product","2":"type-product","3":"status-publish","4":"has-post-thumbnail","6":"product_brand-leinfelder","7":"product_cat-ringe","9":"first","10":"outofstock","11":"shipping-taxable","12":"purchasable","13":"product-type-simple"},"acf":[],"_links":{"self":[{"href":"https:\/\/leinfelder-juweler.com\/en\/wp-json\/wp\/v2\/product\/8523","targetHints":{"allow":["GET"]}}],"collection":[{"href":"https:\/\/leinfelder-juweler.com\/en\/wp-json\/wp\/v2\/product"}],"about":[{"href":"https:\/\/leinfelder-juweler.com\/en\/wp-json\/wp\/v2\/types\/product"}],"replies":[{"embeddable":true,"href":"https:\/\/leinfelder-juweler.com\/en\/wp-json\/wp\/v2\/comments?post=8523"}],"wp:featuredmedia":[{"embeddable":true,"href":"https:\/\/leinfelder-juweler.com\/en\/wp-json\/wp\/v2\/media\/9693"}],"wp:attachment":[{"href":"https:\/\/leinfelder-juweler.com\/en\/wp-json\/wp\/v2\/media?parent=8523"}],"wp:term":[{"taxonomy":"product_brand","embeddable":true,"href":"https:\/\/leinfelder-juweler.com\/en\/wp-json\/wp\/v2\/product_brand?post=8523"},{"taxonomy":"product_cat","embeddable":true,"href":"https:\/\/leinfelder-juweler.com\/en\/wp-json\/wp\/v2\/product_cat?post=8523"},{"taxonomy":"product_tag","embeddable":true,"href":"https:\/\/leinfelder-juweler.com\/en\/wp-json\/wp\/v2\/product_tag?post=8523"}],"curies":[{"name":"wp","href":"https:\/\/api.w.org\/{rel}","templated":true}]}}