{"id":8539,"date":"2025-11-20T18:03:25","date_gmt":"2025-11-20T15:03:25","guid":{"rendered":"https:\/\/leinfelder-juweler.com\/?post_type=product&#038;p=8539"},"modified":"2025-11-20T19:24:05","modified_gmt":"2025-11-20T16:24:05","slug":"collier-750-gelbgold","status":"publish","type":"product","link":"https:\/\/leinfelder-juweler.com\/en\/product\/collier-750-gelbgold\/","title":{"rendered":"Collier 750 Gelbgold"},"content":{"rendered":"<p data-mce-fragment=\"1\"><strong>Collier 750 Gelbgold 6-reihig<br \/><\/strong><\/p>\n<p data-mce-fragment=\"1\"><strong>Material: <\/strong>750 Yellow Gold<\/p>\n<p data-mce-fragment=\"1\"><strong>Dimensions<span data-mce-fragment=\"1\" lang=\"EN-US\">: <\/span><\/strong><span data-mce-fragment=\"1\" lang=\"EN-US\">45 cm \u00d8 1,9 mm<br \/><\/span><\/p>\n<p><strong>Die einzelnen Kettenstr\u00e4nge f\u00fcgen sich zu einer Kaskade aus purem Gold und sorgen f\u00fcr den perfekten Sitz.<\/strong><\/p>","protected":false},"excerpt":{"rendered":"<p>Collier 750 Gelbgold 6-reihig Material: 750 Gelbgold Ma\u00dfe: 45 cm \u00d8 1,9 mm Die einzelnen Kettenstr\u00e4nge f\u00fcgen sich zu einer Kaskade aus purem Gold und sorgen f\u00fcr den perfekten Sitz.<\/p>","protected":false},"featured_media":9708,"comment_status":"open","ping_status":"closed","template":"","meta":{"_acf_changed":false,"_et_pb_use_builder":"","_et_pb_old_content":"","_et_gb_content_width":"","inline_featured_image":false},"product_brand":[332],"product_cat":[333],"product_tag":[],"class_list":{"0":"post-8539","1":"product","2":"type-product","3":"status-publish","4":"has-post-thumbnail","6":"product_brand-leinfelder","7":"product_cat-halsschmuck","9":"first","10":"outofstock","11":"shipping-taxable","12":"purchasable","13":"product-type-simple"},"acf":[],"_links":{"self":[{"href":"https:\/\/leinfelder-juweler.com\/en\/wp-json\/wp\/v2\/product\/8539","targetHints":{"allow":["GET"]}}],"collection":[{"href":"https:\/\/leinfelder-juweler.com\/en\/wp-json\/wp\/v2\/product"}],"about":[{"href":"https:\/\/leinfelder-juweler.com\/en\/wp-json\/wp\/v2\/types\/product"}],"replies":[{"embeddable":true,"href":"https:\/\/leinfelder-juweler.com\/en\/wp-json\/wp\/v2\/comments?post=8539"}],"wp:featuredmedia":[{"embeddable":true,"href":"https:\/\/leinfelder-juweler.com\/en\/wp-json\/wp\/v2\/media\/9708"}],"wp:attachment":[{"href":"https:\/\/leinfelder-juweler.com\/en\/wp-json\/wp\/v2\/media?parent=8539"}],"wp:term":[{"taxonomy":"product_brand","embeddable":true,"href":"https:\/\/leinfelder-juweler.com\/en\/wp-json\/wp\/v2\/product_brand?post=8539"},{"taxonomy":"product_cat","embeddable":true,"href":"https:\/\/leinfelder-juweler.com\/en\/wp-json\/wp\/v2\/product_cat?post=8539"},{"taxonomy":"product_tag","embeddable":true,"href":"https:\/\/leinfelder-juweler.com\/en\/wp-json\/wp\/v2\/product_tag?post=8539"}],"curies":[{"name":"wp","href":"https:\/\/api.w.org\/{rel}","templated":true}]}}