{"id":8540,"date":"2025-11-20T18:03:25","date_gmt":"2025-11-20T15:03:25","guid":{"rendered":"https:\/\/leinfelder-juweler.com\/?post_type=product&#038;p=8540"},"modified":"2025-11-20T19:24:12","modified_gmt":"2025-11-20T16:24:12","slug":"creolen-mit-drachenmuster-gross-2","status":"publish","type":"product","link":"https:\/\/leinfelder-juweler.com\/en\/product\/creolen-mit-drachenmuster-gross-2\/","title":{"rendered":"Creolen mit Drachenmuster, gro\u00df"},"content":{"rendered":"<p><strong>Klappcreolen mit Drachenmuster, gro\u00df<br \/><\/strong><\/p>\n<p><strong>Material: <\/strong>750 Wei\u00dfgold<\/p>\n<p><strong>Ma\u00dfe: <\/strong>4 mm breit \/ \u00d8 20 mm Au\u00dfendurchmesser<\/p>\n<p class=\"MsoNormal\" style=\"margin-bottom: .0001pt;\"><strong><span style=\"font-family: 'Calibri',sans-serif; mso-ascii-theme-font: minor-latin; mso-hansi-theme-font: minor-latin; mso-bidi-font-family: 'Times New Roman'; mso-bidi-theme-font: minor-bidi;\">Gl\u00fccksdrachen: Kraft und Eleganz vereint.<\/span><\/strong><br \/><strong><span style=\"font-family: 'Calibri',sans-serif; mso-ascii-theme-font: minor-latin; mso-hansi-theme-font: minor-latin; mso-bidi-font-family: 'Times New Roman'; mso-bidi-theme-font: minor-bidi;\">Entdecken Sie die mystische Anziehungskraft unserer Gl\u00fccksdrachen-Kollektion. Die einzigartige Schuppenstruktur, die die St\u00e4rke eines Drachen symbolisiert, macht jedes Schmuckst\u00fcck zu einem besonderen Talisman.<\/span><\/strong><\/p>\n<p><strong><br \/><\/strong><\/p>","protected":false},"excerpt":{"rendered":"<p>Klappcreolen mit Drachenmuster, gro\u00df Material: 750 Wei\u00dfgold Ma\u00dfe: 4 mm breit \/ \u00d8 20 mm Au\u00dfendurchmesser Gl\u00fccksdrachen: Kraft und Eleganz vereint.Entdecken Sie die mystische Anziehungskraft unserer Gl\u00fccksdrachen-Kollektion. Die einzigartige Schuppenstruktur, die die St\u00e4rke eines Drachen symbolisiert, macht jedes Schmuckst\u00fcck zu einem besonderen Talisman.<\/p>","protected":false},"featured_media":9709,"comment_status":"open","ping_status":"closed","template":"","meta":{"_acf_changed":false,"_et_pb_use_builder":"","_et_pb_old_content":"","_et_gb_content_width":"","inline_featured_image":false},"product_brand":[332],"product_cat":[331],"product_tag":[],"class_list":{"0":"post-8540","1":"product","2":"type-product","3":"status-publish","4":"has-post-thumbnail","6":"product_brand-leinfelder","7":"product_cat-ohrschmuck","9":"first","10":"instock","11":"sold-individually","12":"shipping-taxable","13":"purchasable","14":"product-type-simple"},"acf":[],"_links":{"self":[{"href":"https:\/\/leinfelder-juweler.com\/en\/wp-json\/wp\/v2\/product\/8540","targetHints":{"allow":["GET"]}}],"collection":[{"href":"https:\/\/leinfelder-juweler.com\/en\/wp-json\/wp\/v2\/product"}],"about":[{"href":"https:\/\/leinfelder-juweler.com\/en\/wp-json\/wp\/v2\/types\/product"}],"replies":[{"embeddable":true,"href":"https:\/\/leinfelder-juweler.com\/en\/wp-json\/wp\/v2\/comments?post=8540"}],"wp:featuredmedia":[{"embeddable":true,"href":"https:\/\/leinfelder-juweler.com\/en\/wp-json\/wp\/v2\/media\/9709"}],"wp:attachment":[{"href":"https:\/\/leinfelder-juweler.com\/en\/wp-json\/wp\/v2\/media?parent=8540"}],"wp:term":[{"taxonomy":"product_brand","embeddable":true,"href":"https:\/\/leinfelder-juweler.com\/en\/wp-json\/wp\/v2\/product_brand?post=8540"},{"taxonomy":"product_cat","embeddable":true,"href":"https:\/\/leinfelder-juweler.com\/en\/wp-json\/wp\/v2\/product_cat?post=8540"},{"taxonomy":"product_tag","embeddable":true,"href":"https:\/\/leinfelder-juweler.com\/en\/wp-json\/wp\/v2\/product_tag?post=8540"}],"curies":[{"name":"wp","href":"https:\/\/api.w.org\/{rel}","templated":true}]}}