{"id":8543,"date":"2025-11-20T18:03:26","date_gmt":"2025-11-20T15:03:26","guid":{"rendered":"https:\/\/leinfelder-juweler.com\/?post_type=product&#038;p=8543"},"modified":"2025-11-20T19:24:31","modified_gmt":"2025-11-20T16:24:31","slug":"ring-gecko-mit-chromturmalinen-und-brillanten","status":"publish","type":"product","link":"https:\/\/leinfelder-juweler.com\/en\/product\/ring-gecko-mit-chromturmalinen-und-brillanten\/","title":{"rendered":"Ring &#8222;Gecko&#8220; mit Chromturmalinen und Brillanten"},"content":{"rendered":"<p><strong>Ring &#8222;Gecko&#8220; mit 90 Brillanten und 2 Chromturmalin Cabochons<br \/><\/strong><\/p>\n<p><strong>Material:\u00a0<\/strong>750 Yellow Gold<\/p>\n<p><strong>Stones: <\/strong>90 Brillanten light brown 0,9-1,8 mm und 2 Chromturmalin Cabochons\u00a0 \u00d8 3,0 mm<\/p>\n<p><strong>Unser Gecko ist ein echter Star! <\/strong><\/p>\n<p><strong>Als Ring, in 750 Gelbgold gefertigt, wickelt er sich um den Finger der Tr\u00e4gerin, man k\u00f6nnte auch sagen: er wickelt seine Tr\u00e4gerin um den Finger. Den Kopf zieren 90 Brillanten, pav\u00e9 gefasst. Als Augen dienen dem Gecko zwei Chromturmaline.<\/strong><\/p>\n<p>\u00a0<\/p>\n<p><strong>Hinweis:<\/strong> Unsere Ringe sind in der angegebenen Gr\u00f6\u00dfe sofort lieferbar. Sollten sie sich einen Ring in einer anderen Gr\u00f6\u00dfe w\u00fcnschen, kontaktieren sie uns bitte. Wir informieren sie gerne \u00fcber die M\u00f6glichkeit und Dauer von Gr\u00f6\u00dfenanpassungen.<\/p>","protected":false},"excerpt":{"rendered":"<p>Ring &#8222;Gecko&#8220; mit 90 Brillanten und 2 Chromturmalin Cabochons Material:\u00a0750 Gelbgold Steine: 90 Brillanten light brown 0,9-1,8 mm und 2 Chromturmalin Cabochons\u00a0 \u00d8 3,0 mm Unser Gecko ist ein echter Star! Als Ring, in 750 Gelbgold gefertigt, wickelt er sich um den Finger der Tr\u00e4gerin, man k\u00f6nnte auch sagen: er wickelt seine Tr\u00e4gerin um den [&hellip;]<\/p>","protected":false},"featured_media":9712,"comment_status":"open","ping_status":"closed","template":"","meta":{"_acf_changed":false,"_et_pb_use_builder":"","_et_pb_old_content":"","_et_gb_content_width":"","inline_featured_image":false},"product_brand":[332],"product_cat":[295],"product_tag":[],"class_list":{"0":"post-8543","1":"product","2":"type-product","3":"status-publish","4":"has-post-thumbnail","6":"product_brand-leinfelder","7":"product_cat-ringe","9":"first","10":"outofstock","11":"shipping-taxable","12":"purchasable","13":"product-type-simple"},"acf":[],"_links":{"self":[{"href":"https:\/\/leinfelder-juweler.com\/en\/wp-json\/wp\/v2\/product\/8543","targetHints":{"allow":["GET"]}}],"collection":[{"href":"https:\/\/leinfelder-juweler.com\/en\/wp-json\/wp\/v2\/product"}],"about":[{"href":"https:\/\/leinfelder-juweler.com\/en\/wp-json\/wp\/v2\/types\/product"}],"replies":[{"embeddable":true,"href":"https:\/\/leinfelder-juweler.com\/en\/wp-json\/wp\/v2\/comments?post=8543"}],"wp:featuredmedia":[{"embeddable":true,"href":"https:\/\/leinfelder-juweler.com\/en\/wp-json\/wp\/v2\/media\/9712"}],"wp:attachment":[{"href":"https:\/\/leinfelder-juweler.com\/en\/wp-json\/wp\/v2\/media?parent=8543"}],"wp:term":[{"taxonomy":"product_brand","embeddable":true,"href":"https:\/\/leinfelder-juweler.com\/en\/wp-json\/wp\/v2\/product_brand?post=8543"},{"taxonomy":"product_cat","embeddable":true,"href":"https:\/\/leinfelder-juweler.com\/en\/wp-json\/wp\/v2\/product_cat?post=8543"},{"taxonomy":"product_tag","embeddable":true,"href":"https:\/\/leinfelder-juweler.com\/en\/wp-json\/wp\/v2\/product_tag?post=8543"}],"curies":[{"name":"wp","href":"https:\/\/api.w.org\/{rel}","templated":true}]}}